{"id":2468,"date":"2022-01-27T11:51:22","date_gmt":"2022-01-27T10:51:22","guid":{"rendered":"https:\/\/www.cphmc.com\/?post_type=product&#038;p=2468"},"modified":"2023-06-14T12:59:58","modified_gmt":"2023-06-14T10:59:58","slug":"t-gp-plus-r-v3-black-grey","status":"publish","type":"product","link":"https:\/\/www.cphmc.com\/da\/mc-clothing\/jackets-vests\/textile-jackets\/t-gp-plus-r-v3-black-grey\/","title":{"rendered":"T-GP Plus R v3 \u2013 Sort\/Gr\u00e5"},"content":{"rendered":"<ul>\n<li>Chassis konstrueret af slidst\u00e6rkt 600 denier polyester med dobbelt polyurethanbel\u00e6gning for ekstra beskyttelse.<\/li>\n<li>Stort mesh-panel p\u00e5 bagsiden af kraven for optimerede niveauer af luftstr\u00f8m.<\/li>\n<li>GP Lite skulderbeskyttere med dynamisk friktionsskjold p\u00e5 skulderen for \u00f8get slidstyrke.<\/li>\n<li>600 Denier polyester intern forst\u00e6rkning p\u00e5 skuldre og albuer for ekstra slidstyrke.<\/li>\n<li>Stort stretchpanel p\u00e5 skulder og underarm for en optimeret pasform og ydeevne.<\/li>\n<li>Krog og l\u00f8kke i taljen og manchet med semi-automatisk lynl\u00e5s for sikker lukning.<\/li>\n<li>Lav profil kravekonstruktion med bl\u00f8d foring for \u00f8get rytterkomfort.<\/li>\n<li>To frontlommer med lynl\u00e5s, indvendig vandt\u00e6t dokumentlomme og to indvendige lommer p\u00e5 foringen til sikker og sikker opbevaring.<\/li>\n<li>Aftageligt termofor g\u00f8r det muligt for rytteren at tilpasse jakken til vejrforholdene.<\/li>\n<li>\u00d8vre sideventiler for optimal luftstr\u00f8m.<\/li>\n<li>Reflekterende detaljer.<\/li>\n<li>CE Kategori II PPE-forordning (EU) 2016\/425<\/li>\n<li>En klasse<\/li>\n<li>CE Level 1 EN1621-1:2012 Alpinestars Nucleon Flex Plus skulder- og albuebeskyttere<\/li>\n<li>CE Level 2 EN1621-2:2014 Alpinestars Nucleon rygbeskytter (medf\u00f8lger ikke, s\u00e6lges separat)<\/li>\n<\/ul>","protected":false},"excerpt":{"rendered":"<ul>\n<li>Chassis konstrueret af slidst\u00e6rkt 600 denier polyester med dobbelt polyurethanbel\u00e6gning for ekstra beskyttelse.<\/li>\n<li>Stort mesh-panel p\u00e5 bagsiden af kraven for optimerede niveauer af luftstr\u00f8m.<\/li>\n<li>GP Lite skulderbeskyttere med dynamisk friktionsskjold p\u00e5 skulderen for \u00f8get slidstyrke.<\/li>\n<li>600 Denier polyester intern forst\u00e6rkning p\u00e5 skuldre og albuer for ekstra slidstyrke.<\/li>\n<li>Stort stretchpanel p\u00e5 skulder og underarm for en optimeret pasform og ydeevne.<\/li>\n<li>Krog og l\u00f8kke i taljen og manchet med semi-automatisk lynl\u00e5s for sikker lukning.<\/li>\n<\/ul>\n<p><a href=\"https:\/\/www.alpinestars.com\/pages\/size-charts\" target=\"_blank\" rel=\"noopener\">Alpinestars st\u00f8rrelsesskema<\/a><\/p>","protected":false},"featured_media":2476,"comment_status":"closed","ping_status":"closed","template":"","meta":{"_relevanssi_hide_post":"","_relevanssi_hide_content":"","_relevanssi_pin_for_all":"","_relevanssi_pin_keywords":"","_relevanssi_unpin_keywords":"","_relevanssi_related_keywords":"","_relevanssi_related_include_ids":"","_relevanssi_related_exclude_ids":"","_relevanssi_related_no_append":"","_relevanssi_related_not_related":"","_relevanssi_related_posts":"","_relevanssi_noindex_reason":""},"product_brand":[],"product_cat":[53,56,96],"product_tag":[],"woo-feed-brand":[],"class_list":{"0":"post-2468","1":"product","2":"type-product","3":"status-publish","4":"has-post-thumbnail","6":"product_cat-jackets-vests","7":"product_cat-mc-clothing","8":"product_cat-textile-jackets","10":"first","11":"instock","12":"taxable","13":"shipping-taxable","14":"purchasable","15":"product-type-variable"},"_links":{"self":[{"href":"https:\/\/www.cphmc.com\/da\/wp-json\/wp\/v2\/product\/2468","targetHints":{"allow":["GET"]}}],"collection":[{"href":"https:\/\/www.cphmc.com\/da\/wp-json\/wp\/v2\/product"}],"about":[{"href":"https:\/\/www.cphmc.com\/da\/wp-json\/wp\/v2\/types\/product"}],"replies":[{"embeddable":true,"href":"https:\/\/www.cphmc.com\/da\/wp-json\/wp\/v2\/comments?post=2468"}],"wp:featuredmedia":[{"embeddable":true,"href":"https:\/\/www.cphmc.com\/da\/wp-json\/wp\/v2\/media\/2476"}],"wp:attachment":[{"href":"https:\/\/www.cphmc.com\/da\/wp-json\/wp\/v2\/media?parent=2468"}],"wp:term":[{"taxonomy":"product_brand","embeddable":true,"href":"https:\/\/www.cphmc.com\/da\/wp-json\/wp\/v2\/product_brand?post=2468"},{"taxonomy":"product_cat","embeddable":true,"href":"https:\/\/www.cphmc.com\/da\/wp-json\/wp\/v2\/product_cat?post=2468"},{"taxonomy":"product_tag","embeddable":true,"href":"https:\/\/www.cphmc.com\/da\/wp-json\/wp\/v2\/product_tag?post=2468"},{"taxonomy":"woo-feed-brand","embeddable":true,"href":"https:\/\/www.cphmc.com\/da\/wp-json\/wp\/v2\/woo-feed-brand?post=2468"}],"curies":[{"name":"wp","href":"https:\/\/api.w.org\/{rel}","templated":true}]}}