{"id":2488,"date":"2022-01-27T12:26:29","date_gmt":"2022-01-27T11:26:29","guid":{"rendered":"https:\/\/www.cphmc.com\/?post_type=product&#038;p=2488"},"modified":"2023-06-14T12:59:56","modified_gmt":"2023-06-14T10:59:56","slug":"t-gp-plus-r-air-black-gray","status":"publish","type":"product","link":"https:\/\/www.cphmc.com\/da\/mc-clothing\/jackets-vests\/summer-jackets\/t-gp-plus-r-air-black-gray\/","title":{"rendered":"T-GP Plus R Air \u2013 Sort\/Gr\u00e5"},"content":{"rendered":"<ul>\n<li>Chassis konstrueret af slidst\u00e6rkt 600 denier polyester med dobbelt polyurethanbel\u00e6gning for ekstra beskyttelse.<\/li>\n<li>Stort mesh-panel foran, bagp\u00e5 og \u00f8verste \u00e6rmer for optimerede niveauer af luftstr\u00f8m.<\/li>\n<li>Level 1 Nucleon Flex Plus panser p\u00e5 skulder og albue (Nucleon bryst Level 1 og Nucleon Level 1 og 2 rygbeskyttere f\u00e5s som tilbeh\u00f8rsopgradering, s\u00e6lges separat).<\/li>\n<li>GP Lite skuldre med dynamisk friktionsskjold p\u00e5 skulderen for \u00f8get slidstyrke.<\/li>\n<li>600 Denier polyester intern forst\u00e6rkning p\u00e5 skuldre og albuer for ekstra slidstyrke.<\/li>\n<li>Stort stretchpanel p\u00e5 skulder og underarm for en optimeret pasform og ydeevne.<\/li>\n<li>Krog og l\u00f8kke i taljen og manchet med semi-automatisk lynl\u00e5s for sikker lukning.<\/li>\n<li>Lav profil kravekonstruktion med bl\u00f8d foring for \u00f8get rytterkomfort.<\/li>\n<li>To frontlommer med lynl\u00e5s, indvendig vandt\u00e6t dokumentlomme og to indvendige lommer p\u00e5 foringen til sikker og sikker opbevaring.<\/li>\n<li>\u00d8vre sideventiler for optimal luftstr\u00f8m.<\/li>\n<li>Reflekterende detaljer.<\/li>\n<\/ul>","protected":false},"excerpt":{"rendered":"<ul>\n<li>Chassis konstrueret af slidst\u00e6rkt 600 denier polyester med dobbelt polyurethanbel\u00e6gning for ekstra beskyttelse.<\/li>\n<li>Stort mesh-panel foran, bagp\u00e5 og \u00f8verste \u00e6rmer for optimerede niveauer af luftstr\u00f8m.<\/li>\n<li>Level 1 Nucleon Flex Plus panser p\u00e5 skulder og albue (Nucleon bryst Level 1 og Nucleon Level 1 og 2 rygbeskyttere f\u00e5s som tilbeh\u00f8rsopgradering, s\u00e6lges separat).<\/li>\n<li>GP Lite skuldre med dynamisk friktionsskjold p\u00e5 skulderen for \u00f8get slidstyrke.<\/li>\n<\/ul>\n<p><a href=\"https:\/\/www.alpinestars.com\/pages\/size-charts\" target=\"_blank\" rel=\"noopener\">Alpinestars st\u00f8rrelsesskema<\/a><\/p>","protected":false},"featured_media":2496,"comment_status":"closed","ping_status":"closed","template":"","meta":{"_relevanssi_hide_post":"","_relevanssi_hide_content":"","_relevanssi_pin_for_all":"","_relevanssi_pin_keywords":"","_relevanssi_unpin_keywords":"","_relevanssi_related_keywords":"","_relevanssi_related_include_ids":"","_relevanssi_related_exclude_ids":"","_relevanssi_related_no_append":"","_relevanssi_related_not_related":"","_relevanssi_related_posts":"","_relevanssi_noindex_reason":""},"product_brand":[],"product_cat":[53,56,98],"product_tag":[],"woo-feed-brand":[],"class_list":{"0":"post-2488","1":"product","2":"type-product","3":"status-publish","4":"has-post-thumbnail","6":"product_cat-jackets-vests","7":"product_cat-mc-clothing","8":"product_cat-summer-jackets","10":"first","11":"instock","12":"taxable","13":"shipping-taxable","14":"purchasable","15":"product-type-variable"},"_links":{"self":[{"href":"https:\/\/www.cphmc.com\/da\/wp-json\/wp\/v2\/product\/2488","targetHints":{"allow":["GET"]}}],"collection":[{"href":"https:\/\/www.cphmc.com\/da\/wp-json\/wp\/v2\/product"}],"about":[{"href":"https:\/\/www.cphmc.com\/da\/wp-json\/wp\/v2\/types\/product"}],"replies":[{"embeddable":true,"href":"https:\/\/www.cphmc.com\/da\/wp-json\/wp\/v2\/comments?post=2488"}],"wp:featuredmedia":[{"embeddable":true,"href":"https:\/\/www.cphmc.com\/da\/wp-json\/wp\/v2\/media\/2496"}],"wp:attachment":[{"href":"https:\/\/www.cphmc.com\/da\/wp-json\/wp\/v2\/media?parent=2488"}],"wp:term":[{"taxonomy":"product_brand","embeddable":true,"href":"https:\/\/www.cphmc.com\/da\/wp-json\/wp\/v2\/product_brand?post=2488"},{"taxonomy":"product_cat","embeddable":true,"href":"https:\/\/www.cphmc.com\/da\/wp-json\/wp\/v2\/product_cat?post=2488"},{"taxonomy":"product_tag","embeddable":true,"href":"https:\/\/www.cphmc.com\/da\/wp-json\/wp\/v2\/product_tag?post=2488"},{"taxonomy":"woo-feed-brand","embeddable":true,"href":"https:\/\/www.cphmc.com\/da\/wp-json\/wp\/v2\/woo-feed-brand?post=2488"}],"curies":[{"name":"wp","href":"https:\/\/api.w.org\/{rel}","templated":true}]}}