{"id":2498,"date":"2022-01-27T12:31:37","date_gmt":"2022-01-27T11:31:37","guid":{"rendered":"https:\/\/www.cphmc.com\/?post_type=product&#038;p=2498"},"modified":"2023-06-14T12:59:55","modified_gmt":"2023-06-14T10:59:55","slug":"t-sp-5-rideknit-black","status":"publish","type":"product","link":"https:\/\/www.cphmc.com\/da\/mc-clothing\/jackets-vests\/summer-jackets\/t-sp-5-rideknit-black\/","title":{"rendered":"T SP-5 Rideknit \u2013 Sort"},"content":{"rendered":"<ul>\n<li>Tech-Air\u00ae 5 kompatibel; Tech-Air\u00ae er verdens f\u00f8rste fuldst\u00e6ndigt elektroniske, selvst\u00e6ndige, fuldst\u00e6ndig uafh\u00e6ngige motorcykelairbagsystem p\u00e5 overkroppen uden behov for konfigurationer af cykel-til-rytter.<\/li>\n<li>Strikket design tekstiljakke designet med en kropspasform og forbuede \u00e6rmer og krop for optimal k\u00f8repr\u00e6station<\/li>\n<li>Strategisk placerede str\u00e6kpanelindsatser er designet til at rumme Alpinestars Airbag System, hvilket muligg\u00f8r udvidelse, n\u00e5r airbaggen pustes op, men tilbyder ogs\u00e5 et h\u00f8jt niveau af anatomisk ydeevne og en overlegen pasform, n\u00e5r du k\u00f8rer uden systemet monteret.<\/li>\n<li>Chassis konstrueret af slidst\u00e6rkt poly-stof for komfort, holdbarhed og slidstyrke<\/li>\n<li>Stort mesh-panel p\u00e5 bagsiden af kraven for optimerede niveauer af luftstr\u00f8m<\/li>\n<li>Level 1 Nucleon Flex Plus panser p\u00e5 skulder og albue (Nucleon bryst Level 1 og Nucleon Level 1 og 2 rygbeskyttere f\u00e5s som tilbeh\u00f8rsopgradering)<\/li>\n<li>DFS Lite skuldre med dynamisk friktionsskjold p\u00e5 skulderen for \u00f8get slidstyrke<\/li>\n<li>Bagsiden af jakken er forl\u00e6nget for \u00f8get d\u00e6kning under ridning<\/li>\n<li>Strikket teknologistof p\u00e5 s\u00f8momr\u00e5det for maksimal str\u00e6kbarhed, hvilket optimerer pasform og komfort<\/li>\n<li>Stretchstrikkede paneler p\u00e5 armhulen, inderarme og overkrop for en optimeret pasform og ydeevne<\/li>\n<li>Krog og l\u00f8kke i taljen og manchet med semi-automatisk lynl\u00e5s for sikker lukning<\/li>\n<li>Lav profil sportskravekonstruktion med bl\u00f8d foring for \u00f8get rytterkomfort<\/li>\n<li>To frontlommer med lynl\u00e5s, indvendig vandt\u00e6t dokumentlomme og to indvendige lommer p\u00e5 foringen til sikker og sikker opbevaring<\/li>\n<li>Stor tand Vislon\u00ae hovedlynl\u00e5s for brugervenlighed, selv med behandskede h\u00e6nder<\/li>\n<li>L\u00f8kker tillader fastg\u00f8relse til Alpinestars ridebukser<\/li>\n<li>V\u00e6vet camouflage-jacquard for lethed og fleksibilitet, hvilket forbedrer komforten og giver jakken et karakteristisk, unikt look<\/li>\n<li>Reflekterende detaljer<\/li>\n<\/ul>","protected":false},"excerpt":{"rendered":"<ul>\n<li>Tech-Air\u00ae 5 kompatibel; Tech-Air\u00ae er verdens f\u00f8rste fuldst\u00e6ndigt elektroniske, selvst\u00e6ndige, fuldst\u00e6ndig uafh\u00e6ngige motorcykelairbagsystem p\u00e5 overkroppen uden behov for konfigurationer af cykel-til-rytter.<\/li>\n<li>Strikket design tekstiljakke designet med en kropspasform og forbuede \u00e6rmer og krop for optimal k\u00f8repr\u00e6station<\/li>\n<li>Strategisk placerede str\u00e6kpanelindsatser er designet til at rumme Alpinestars Airbag System, hvilket muligg\u00f8r udvidelse, n\u00e5r airbaggen pustes op, men tilbyder ogs\u00e5 et h\u00f8jt niveau af anatomisk ydeevne og en overlegen pasform, n\u00e5r du k\u00f8rer uden systemet monteret.<\/li>\n<li>Chassis konstrueret af slidst\u00e6rkt poly-stof for komfort, holdbarhed og slidstyrke<\/li>\n<li>Stort mesh-panel p\u00e5 bagsiden af kraven for optimerede niveauer af luftstr\u00f8m<\/li>\n<\/ul>\n<p><a href=\"https:\/\/www.alpinestars.com\/pages\/size-charts\" target=\"_blank\" rel=\"noopener\">Alpinestars st\u00f8rrelsesskema<\/a><\/p>","protected":false},"featured_media":2506,"comment_status":"closed","ping_status":"closed","template":"","meta":{"_relevanssi_hide_post":"","_relevanssi_hide_content":"","_relevanssi_pin_for_all":"","_relevanssi_pin_keywords":"","_relevanssi_unpin_keywords":"","_relevanssi_related_keywords":"","_relevanssi_related_include_ids":"","_relevanssi_related_exclude_ids":"","_relevanssi_related_no_append":"","_relevanssi_related_not_related":"","_relevanssi_related_posts":"","_relevanssi_noindex_reason":""},"product_brand":[],"product_cat":[53,56,98],"product_tag":[],"woo-feed-brand":[],"class_list":{"0":"post-2498","1":"product","2":"type-product","3":"status-publish","4":"has-post-thumbnail","6":"product_cat-jackets-vests","7":"product_cat-mc-clothing","8":"product_cat-summer-jackets","10":"first","11":"instock","12":"taxable","13":"shipping-taxable","14":"purchasable","15":"product-type-variable"},"_links":{"self":[{"href":"https:\/\/www.cphmc.com\/da\/wp-json\/wp\/v2\/product\/2498","targetHints":{"allow":["GET"]}}],"collection":[{"href":"https:\/\/www.cphmc.com\/da\/wp-json\/wp\/v2\/product"}],"about":[{"href":"https:\/\/www.cphmc.com\/da\/wp-json\/wp\/v2\/types\/product"}],"replies":[{"embeddable":true,"href":"https:\/\/www.cphmc.com\/da\/wp-json\/wp\/v2\/comments?post=2498"}],"wp:featuredmedia":[{"embeddable":true,"href":"https:\/\/www.cphmc.com\/da\/wp-json\/wp\/v2\/media\/2506"}],"wp:attachment":[{"href":"https:\/\/www.cphmc.com\/da\/wp-json\/wp\/v2\/media?parent=2498"}],"wp:term":[{"taxonomy":"product_brand","embeddable":true,"href":"https:\/\/www.cphmc.com\/da\/wp-json\/wp\/v2\/product_brand?post=2498"},{"taxonomy":"product_cat","embeddable":true,"href":"https:\/\/www.cphmc.com\/da\/wp-json\/wp\/v2\/product_cat?post=2498"},{"taxonomy":"product_tag","embeddable":true,"href":"https:\/\/www.cphmc.com\/da\/wp-json\/wp\/v2\/product_tag?post=2498"},{"taxonomy":"woo-feed-brand","embeddable":true,"href":"https:\/\/www.cphmc.com\/da\/wp-json\/wp\/v2\/woo-feed-brand?post=2498"}],"curies":[{"name":"wp","href":"https:\/\/api.w.org\/{rel}","templated":true}]}}