{"id":2507,"date":"2022-01-27T12:35:52","date_gmt":"2022-01-27T11:35:52","guid":{"rendered":"https:\/\/www.cphmc.com\/?post_type=product&#038;p=2507"},"modified":"2023-07-17T18:59:56","modified_gmt":"2023-07-17T16:59:56","slug":"sektor-v2-hoodie","status":"publish","type":"product","link":"https:\/\/www.cphmc.com\/da\/mc-clothing\/jackets-vests\/summer-jackets\/sektor-v2-hoodie\/","title":{"rendered":"Sektor V2 h\u00e6ttetr\u00f8je"},"content":{"rendered":"<ul>\n<li>3L vindafvisende skal<\/li>\n<li>Aramid fiberforst\u00e6rkning p\u00e5 skuldre og albuer<\/li>\n<li>3D stof skulderbeskyttelse<\/li>\n<li>Stretch ribstof p\u00e5 manchet og s\u00f8m<\/li>\n<li>Aftagelig sn\u00f8reh\u00e6tte kan sikres med trykknapper<\/li>\n<li>YKK lynl\u00e5s foran med ridsebeskytter<\/li>\n<li>Elastiske tommelfingerl\u00f8kker<\/li>\n<li>Komfortfor p\u00e5 kraven<\/li>\n<li>To h\u00e5ndlommer med lynl\u00e5s, to indvendige stiklommer og en indvendig vandt\u00e6t dokumentlomme<\/li>\n<li>Nucleon Flex Plus CE Level 1 beskyttelse ved skuldre og albuer<\/li>\n<li>Lommer til Nucleon KR-Ci bryst- og rygbeskyttere (s\u00e6lges separat)<\/li>\n<li>Refleksdetaljer forneden og biceps<\/li>\n<\/ul>","protected":false},"excerpt":{"rendered":"<ul>\n<li>3L vindafvisende skal<\/li>\n<li>Aramid fiberforst\u00e6rkning p\u00e5 skuldre og albuer<\/li>\n<li>3D stof skulderbeskyttelse<\/li>\n<li>Nucleon Flex Plus CE Level 1 beskyttelse ved skuldre og albuer<\/li>\n<li>Refleksdetaljer forneden og biceps<\/li>\n<\/ul>\n<p><a href=\"https:\/\/www.alpinestars.com\/pages\/size-charts\" target=\"_blank\" rel=\"noopener\">Alpinestars st\u00f8rrelsesskema<\/a><\/p>","protected":false},"featured_media":2515,"comment_status":"closed","ping_status":"closed","template":"","meta":{"_relevanssi_hide_post":"","_relevanssi_hide_content":"","_relevanssi_pin_for_all":"","_relevanssi_pin_keywords":"","_relevanssi_unpin_keywords":"","_relevanssi_related_keywords":"","_relevanssi_related_include_ids":"","_relevanssi_related_exclude_ids":"","_relevanssi_related_no_append":"","_relevanssi_related_not_related":"","_relevanssi_related_posts":"","_relevanssi_noindex_reason":""},"product_brand":[],"product_cat":[98,53,56],"product_tag":[],"woo-feed-brand":[],"class_list":{"0":"post-2507","1":"product","2":"type-product","3":"status-publish","4":"has-post-thumbnail","6":"product_cat-summer-jackets","7":"product_cat-jackets-vests","8":"product_cat-mc-clothing","10":"first","11":"instock","12":"taxable","13":"shipping-taxable","14":"purchasable","15":"product-type-variable"},"_links":{"self":[{"href":"https:\/\/www.cphmc.com\/da\/wp-json\/wp\/v2\/product\/2507","targetHints":{"allow":["GET"]}}],"collection":[{"href":"https:\/\/www.cphmc.com\/da\/wp-json\/wp\/v2\/product"}],"about":[{"href":"https:\/\/www.cphmc.com\/da\/wp-json\/wp\/v2\/types\/product"}],"replies":[{"embeddable":true,"href":"https:\/\/www.cphmc.com\/da\/wp-json\/wp\/v2\/comments?post=2507"}],"wp:featuredmedia":[{"embeddable":true,"href":"https:\/\/www.cphmc.com\/da\/wp-json\/wp\/v2\/media\/2515"}],"wp:attachment":[{"href":"https:\/\/www.cphmc.com\/da\/wp-json\/wp\/v2\/media?parent=2507"}],"wp:term":[{"taxonomy":"product_brand","embeddable":true,"href":"https:\/\/www.cphmc.com\/da\/wp-json\/wp\/v2\/product_brand?post=2507"},{"taxonomy":"product_cat","embeddable":true,"href":"https:\/\/www.cphmc.com\/da\/wp-json\/wp\/v2\/product_cat?post=2507"},{"taxonomy":"product_tag","embeddable":true,"href":"https:\/\/www.cphmc.com\/da\/wp-json\/wp\/v2\/product_tag?post=2507"},{"taxonomy":"woo-feed-brand","embeddable":true,"href":"https:\/\/www.cphmc.com\/da\/wp-json\/wp\/v2\/woo-feed-brand?post=2507"}],"curies":[{"name":"wp","href":"https:\/\/api.w.org\/{rel}","templated":true}]}}