{"id":2517,"date":"2022-01-27T12:43:28","date_gmt":"2022-01-27T11:43:28","guid":{"rendered":"https:\/\/www.cphmc.com\/?post_type=product&#038;p=2517"},"modified":"2024-04-04T10:57:36","modified_gmt":"2024-04-04T08:57:36","slug":"missile-v3-pants","status":"publish","type":"product","link":"https:\/\/www.cphmc.com\/da\/mc-clothing\/pants\/leather-pants\/missile-v3-pants\/","title":{"rendered":"Missile v3 bukser"},"content":{"rendered":"<ul>\n<li>Premium 1,3 mm \u00e6gte bovint l\u00e6der hovedkonstruktion.<\/li>\n<li>Dobbelt lag i udsatte omr\u00e5der for yderligere slidstyrke.<\/li>\n<li>\u00c5bnende ventilationspanel p\u00e5 kn\u00e6et giver maksimal luftstr\u00f8m og kan sikres i \u00e5ben position.<\/li>\n<li>Forl\u00e6nget h\u00f8j talje bagp\u00e5 giver st\u00f8rre overlap med ridejakke.<\/li>\n<li>Med en konstrueret pasform designet til at levere det h\u00f8jeste niveau af aktiv racerbeskyttelse.<\/li>\n<li>Tech-Air\u00ae klar og kan rumme Tech-Air\u00ae 10 Airbag System med dets udvidede hoftebeskyttelse.<\/li>\n<li>&#039;High Flex&#039; design f\u00f8lger kn\u00e6ets konturer for optimal komfort og bev\u00e6gelsesfrihed.<\/li>\n<li>Omfattende stretchpaneler p\u00e5 l\u00e6g- og skridtomr\u00e5det, forbuede benkonstruktioner og str\u00e6kzoner i harmonikal\u00e6der over kn\u00e6ene for forbedret pasform for at reducere k\u00f8retr\u00e6thed.<\/li>\n<li>Strategisk placeret ventilation p\u00e5 l\u00e5ret til afk\u00f8ling.<\/li>\n<li>Lynl\u00e5s i taljen tillader fastg\u00f8relse til Alpinestars ridejakker.<\/li>\n<li>Krog-og-l\u00f8kke taljejustering for sikker og personlig pasform.<\/li>\n<li>Indvendig meshforing med str\u00e6kpanelindsatser.<\/li>\n<li>Udskiftelige sportskn\u00e6skydere for fremragende slag- og slidstyrke.<\/li>\n<li>Alpinestars GP-R Lite intern beskyttelse p\u00e5 kn\u00e6et.<\/li>\n<\/ul>","protected":false},"excerpt":{"rendered":"<ul>\n<li>Premium 1,3 mm \u00e6gte bovint l\u00e6der.<\/li>\n<li>Dobbelt lag i udsatte omr\u00e5der for yderligere slidstyrke.<\/li>\n<li>Forl\u00e6nget h\u00f8j talje bagp\u00e5 giver st\u00f8rre overlap med ridejakke.<\/li>\n<li>Tech-Air\u00ae klar<\/li>\n<li>Lynl\u00e5s i taljen til Alpinestars ridejakker.<\/li>\n<\/ul>\n<p><a href=\"https:\/\/www.alpinestars.com\/pages\/size-charts\" target=\"_blank\" rel=\"noopener\">Alpinestars st\u00f8rrelsesskema<\/a><\/p>","protected":false},"featured_media":14920,"comment_status":"closed","ping_status":"closed","template":"","meta":{"_relevanssi_hide_post":"","_relevanssi_hide_content":"","_relevanssi_pin_for_all":"","_relevanssi_pin_keywords":"","_relevanssi_unpin_keywords":"","_relevanssi_related_keywords":"","_relevanssi_related_include_ids":"","_relevanssi_related_exclude_ids":"","_relevanssi_related_no_append":"","_relevanssi_related_not_related":"","_relevanssi_related_posts":"","_relevanssi_noindex_reason":""},"product_brand":[],"product_cat":[100,102,56,54,55],"product_tag":[],"woo-feed-brand":[],"class_list":{"0":"post-2517","1":"product","2":"type-product","3":"status-publish","4":"has-post-thumbnail","6":"product_cat-leather-pants","7":"product_cat-airbag-jackets-vests","8":"product_cat-mc-clothing","9":"product_cat-pants","10":"product_cat-safety-equipment","12":"first","13":"instock","14":"taxable","15":"shipping-taxable","16":"purchasable","17":"product-type-variable"},"_links":{"self":[{"href":"https:\/\/www.cphmc.com\/da\/wp-json\/wp\/v2\/product\/2517","targetHints":{"allow":["GET"]}}],"collection":[{"href":"https:\/\/www.cphmc.com\/da\/wp-json\/wp\/v2\/product"}],"about":[{"href":"https:\/\/www.cphmc.com\/da\/wp-json\/wp\/v2\/types\/product"}],"replies":[{"embeddable":true,"href":"https:\/\/www.cphmc.com\/da\/wp-json\/wp\/v2\/comments?post=2517"}],"wp:featuredmedia":[{"embeddable":true,"href":"https:\/\/www.cphmc.com\/da\/wp-json\/wp\/v2\/media\/14920"}],"wp:attachment":[{"href":"https:\/\/www.cphmc.com\/da\/wp-json\/wp\/v2\/media?parent=2517"}],"wp:term":[{"taxonomy":"product_brand","embeddable":true,"href":"https:\/\/www.cphmc.com\/da\/wp-json\/wp\/v2\/product_brand?post=2517"},{"taxonomy":"product_cat","embeddable":true,"href":"https:\/\/www.cphmc.com\/da\/wp-json\/wp\/v2\/product_cat?post=2517"},{"taxonomy":"product_tag","embeddable":true,"href":"https:\/\/www.cphmc.com\/da\/wp-json\/wp\/v2\/product_tag?post=2517"},{"taxonomy":"woo-feed-brand","embeddable":true,"href":"https:\/\/www.cphmc.com\/da\/wp-json\/wp\/v2\/woo-feed-brand?post=2517"}],"curies":[{"name":"wp","href":"https:\/\/api.w.org\/{rel}","templated":true}]}}