{"id":2537,"date":"2022-01-27T12:57:36","date_gmt":"2022-01-27T11:57:36","guid":{"rendered":"https:\/\/www.cphmc.com\/?post_type=product&#038;p=2537"},"modified":"2023-06-14T13:13:12","modified_gmt":"2023-06-14T11:13:12","slug":"t-sp5-rideknit","status":"publish","type":"product","link":"https:\/\/www.cphmc.com\/da\/mc-clothing\/safety-equipment\/airbag-jackets-vests\/t-sp5-rideknit\/","title":{"rendered":"T-SP5 Rideknit"},"content":{"rendered":"<ul>\n<li>Strikkonstruktion giver forbedret \u00e5ndbarhed og fleksibilitet for optimeret rytterkomfort.<\/li>\n<li>Nucleon Flex Plus panser i n\u00f8gleomr\u00e5der for den ultimative rytterbeskyttelse og komfort.<\/li>\n<li>Chassis konstrueret af slidst\u00e6rkt poly-stof for komfort, holdbarhed og slidstyrke.<\/li>\n<li>Strikkede designtekstilbukser med forbuede kn\u00e6 for optimal k\u00f8repr\u00e6station.<\/li>\n<li>Bukserne er optimeret til komfort og ydeevne og er tilspidsede for en s\u00f8ml\u00f8s pasform med sportsfodt\u00f8j.<\/li>\n<li>Strikket teknologistof p\u00e5 s\u00f8momr\u00e5det for maksimal str\u00e6kbarhed, hvilket optimerer pasform og komfort.<\/li>\n<li>Enkelt skridtpanel for ekstra rytterkomfort.<\/li>\n<li>Bagsiden af bukserne er aflang, hvilket giver en h\u00f8j rygprofil for forbedret d\u00e6kning under ridning.<\/li>\n<li>Strikket teknologistof p\u00e5 s\u00f8momr\u00e5det for maksimal str\u00e6kbarhed, hvilket optimerer pasform og komfort.<\/li>\n<li>Ergonomisk forbuet kn\u00e6konstruktion reducerer rytterens tr\u00e6thed.<\/li>\n<li>Krog-og-l\u00f8kke-taljejustering for en sikker lukning.<\/li>\n<li>To l\u00e5rlommer foran for praktiske ord.<\/li>\n<li>Elastisk ankelpanel for hurtig og nem af- og p\u00e5tagning.<\/li>\n<li>Forgylp med knap for sikker lukning.<\/li>\n<li>Udstyret med en kort ledning til at stramme l\u00e6ggen, s\u00e5 ryttere kan optimere pasformen.<\/li>\n<li>Lynl\u00e5s i taljen tillader fastg\u00f8relse til Alpinestars ridejakker.<\/li>\n<li>V\u00e6vet camouflageprint for lethed og fleksibilitet, hvilket forbedrer komforten og giver jakken et karakteristisk, unikt look.<\/li>\n<\/ul>","protected":false},"excerpt":{"rendered":"<ul>\n<li>Strikkonstruktion giver forbedret \u00e5ndbarhed og fleksibilitet for optimeret rytterkomfort.<\/li>\n<li>Nucleon Flex Plus panser i n\u00f8gleomr\u00e5der for den ultimative rytterbeskyttelse og komfort.<\/li>\n<li>Chassis konstrueret af slidst\u00e6rkt poly-stof for komfort, holdbarhed og slidstyrke.<\/li>\n<li>Strikkede designtekstilbukser med forbuede kn\u00e6 for optimal k\u00f8repr\u00e6station.<\/li>\n<li>Lynl\u00e5s i taljen tillader fastg\u00f8relse til Alpinestars ridejakker.<\/li>\n<\/ul>\n<p><a href=\"https:\/\/www.alpinestars.com\/pages\/size-charts\" target=\"_blank\" rel=\"noopener\">Alpinestars st\u00f8rrelsesskema<\/a><\/p>","protected":false},"featured_media":2546,"comment_status":"closed","ping_status":"closed","template":"","meta":{"_relevanssi_hide_post":"","_relevanssi_hide_content":"","_relevanssi_pin_for_all":"","_relevanssi_pin_keywords":"","_relevanssi_unpin_keywords":"","_relevanssi_related_keywords":"","_relevanssi_related_include_ids":"","_relevanssi_related_exclude_ids":"","_relevanssi_related_no_append":"","_relevanssi_related_not_related":"","_relevanssi_related_posts":"","_relevanssi_noindex_reason":""},"product_brand":[],"product_cat":[102,56,54,55,99],"product_tag":[],"woo-feed-brand":[],"class_list":{"0":"post-2537","1":"product","2":"type-product","3":"status-publish","4":"has-post-thumbnail","6":"product_cat-airbag-jackets-vests","7":"product_cat-mc-clothing","8":"product_cat-pants","9":"product_cat-safety-equipment","10":"product_cat-textile-pants","12":"first","13":"instock","14":"taxable","15":"shipping-taxable","16":"purchasable","17":"product-type-variable"},"_links":{"self":[{"href":"https:\/\/www.cphmc.com\/da\/wp-json\/wp\/v2\/product\/2537","targetHints":{"allow":["GET"]}}],"collection":[{"href":"https:\/\/www.cphmc.com\/da\/wp-json\/wp\/v2\/product"}],"about":[{"href":"https:\/\/www.cphmc.com\/da\/wp-json\/wp\/v2\/types\/product"}],"replies":[{"embeddable":true,"href":"https:\/\/www.cphmc.com\/da\/wp-json\/wp\/v2\/comments?post=2537"}],"wp:featuredmedia":[{"embeddable":true,"href":"https:\/\/www.cphmc.com\/da\/wp-json\/wp\/v2\/media\/2546"}],"wp:attachment":[{"href":"https:\/\/www.cphmc.com\/da\/wp-json\/wp\/v2\/media?parent=2537"}],"wp:term":[{"taxonomy":"product_brand","embeddable":true,"href":"https:\/\/www.cphmc.com\/da\/wp-json\/wp\/v2\/product_brand?post=2537"},{"taxonomy":"product_cat","embeddable":true,"href":"https:\/\/www.cphmc.com\/da\/wp-json\/wp\/v2\/product_cat?post=2537"},{"taxonomy":"product_tag","embeddable":true,"href":"https:\/\/www.cphmc.com\/da\/wp-json\/wp\/v2\/product_tag?post=2537"},{"taxonomy":"woo-feed-brand","embeddable":true,"href":"https:\/\/www.cphmc.com\/da\/wp-json\/wp\/v2\/woo-feed-brand?post=2537"}],"curies":[{"name":"wp","href":"https:\/\/api.w.org\/{rel}","templated":true}]}}