{"id":2564,"date":"2022-01-27T13:13:10","date_gmt":"2022-01-27T12:13:10","guid":{"rendered":"https:\/\/www.cphmc.com\/?post_type=product&#038;p=2564"},"modified":"2024-03-03T12:03:37","modified_gmt":"2024-03-03T11:03:37","slug":"juggernaut","status":"publish","type":"product","link":"https:\/\/www.cphmc.com\/da\/mc-clothing\/pants\/canvas-pants\/juggernaut\/","title":{"rendered":"Juggernaut Softshell bukser"},"content":{"rendered":"<ul>\n<li>Chassis konstrueret af en 3L soft shell med en vindt\u00e6t membran for forbedret vejrbeskyttelse.<\/li>\n<li>Str\u00e6k ribstof i taljen for en optimeret pasform.<\/li>\n<li>Str\u00e6kpanel p\u00e5 bagsiden af anklen for en optimeret pasform og rytterkomfort.<\/li>\n<li>YKK-lynl\u00e5s og skjult trykknap p\u00e5 frontklappen for sikker lukning.<\/li>\n<li>Elastisk talje og tr\u00e6ksnorsjustering for en optimeret pasform og ydeevne.<\/li>\n<li>To frontlommer, to cargo-lommer (en med lynl\u00e5s) med skjult trykknapper for sikker og sikker opbevaring.<\/li>\n<li>Udluftning p\u00e5 l\u00e5ret for h\u00f8j luftstr\u00f8m.<\/li>\n<li>Valgfri Bio-Flex hoftepanser tilg\u00e6ngelig som tilbeh\u00f8rsopgradering (s\u00e6lges separat).<\/li>\n<li>Fuldt k\u00f8rende bekl\u00e6dningsgenstand til CE Kategori II prEN17092 udkast til standarder<\/li>\n<li>En klasse<\/li>\n<li>CE Level 1 EN1621-1:2012 Alpinestars Bio-Flex kn\u00e6beskyttere<\/li>\n<\/ul>","protected":false},"excerpt":{"rendered":"<ul>\n<li>Chassis konstrueret af en 3L soft shell med en vindt\u00e6t membran for forbedret vejrbeskyttelse.<\/li>\n<li>Str\u00e6k ribstof i taljen for en optimeret pasform.<\/li>\n<li>Str\u00e6kpanel p\u00e5 bagsiden af anklen for en optimeret pasform og rytterkomfort.<\/li>\n<li>YKK-lynl\u00e5s og skjult trykknap p\u00e5 frontklappen for sikker lukning.<\/li>\n<li>Elastisk talje og tr\u00e6ksnorsjustering for en optimeret pasform og ydeevne.<\/li>\n<li>To frontlommer, to cargo-lommer (en med lynl\u00e5s) med skjult trykknapper for sikker og sikker opbevaring.<\/li>\n<\/ul>\n<p><a href=\"https:\/\/www.alpinestars.com\/pages\/size-charts\" target=\"_blank\" rel=\"noopener\">Alpinestars st\u00f8rrelsesskema<\/a><\/p>","protected":false},"featured_media":2572,"comment_status":"closed","ping_status":"closed","template":"","meta":{"_relevanssi_hide_post":"","_relevanssi_hide_content":"","_relevanssi_pin_for_all":"","_relevanssi_pin_keywords":"","_relevanssi_unpin_keywords":"","_relevanssi_related_keywords":"","_relevanssi_related_include_ids":"","_relevanssi_related_exclude_ids":"","_relevanssi_related_no_append":"","_relevanssi_related_not_related":"","_relevanssi_related_posts":"","_relevanssi_noindex_reason":""},"product_brand":[],"product_cat":[101,56,54,99],"product_tag":[],"woo-feed-brand":[],"class_list":{"0":"post-2564","1":"product","2":"type-product","3":"status-publish","4":"has-post-thumbnail","6":"product_cat-canvas-pants","7":"product_cat-mc-clothing","8":"product_cat-pants","9":"product_cat-textile-pants","11":"first","12":"instock","13":"taxable","14":"shipping-taxable","15":"purchasable","16":"product-type-variable"},"_links":{"self":[{"href":"https:\/\/www.cphmc.com\/da\/wp-json\/wp\/v2\/product\/2564","targetHints":{"allow":["GET"]}}],"collection":[{"href":"https:\/\/www.cphmc.com\/da\/wp-json\/wp\/v2\/product"}],"about":[{"href":"https:\/\/www.cphmc.com\/da\/wp-json\/wp\/v2\/types\/product"}],"replies":[{"embeddable":true,"href":"https:\/\/www.cphmc.com\/da\/wp-json\/wp\/v2\/comments?post=2564"}],"wp:featuredmedia":[{"embeddable":true,"href":"https:\/\/www.cphmc.com\/da\/wp-json\/wp\/v2\/media\/2572"}],"wp:attachment":[{"href":"https:\/\/www.cphmc.com\/da\/wp-json\/wp\/v2\/media?parent=2564"}],"wp:term":[{"taxonomy":"product_brand","embeddable":true,"href":"https:\/\/www.cphmc.com\/da\/wp-json\/wp\/v2\/product_brand?post=2564"},{"taxonomy":"product_cat","embeddable":true,"href":"https:\/\/www.cphmc.com\/da\/wp-json\/wp\/v2\/product_cat?post=2564"},{"taxonomy":"product_tag","embeddable":true,"href":"https:\/\/www.cphmc.com\/da\/wp-json\/wp\/v2\/product_tag?post=2564"},{"taxonomy":"woo-feed-brand","embeddable":true,"href":"https:\/\/www.cphmc.com\/da\/wp-json\/wp\/v2\/woo-feed-brand?post=2564"}],"curies":[{"name":"wp","href":"https:\/\/api.w.org\/{rel}","templated":true}]}}