{"id":2590,"date":"2022-01-28T10:32:08","date_gmt":"2022-01-28T09:32:08","guid":{"rendered":"https:\/\/www.cphmc.com\/?post_type=product&#038;p=2590"},"modified":"2023-06-14T13:03:35","modified_gmt":"2023-06-14T11:03:35","slug":"adventure-ii-waterproof","status":"publish","type":"product","link":"https:\/\/www.cphmc.com\/da\/mc-clothing\/boots\/adventure-boots\/adventure-ii-waterproof\/","title":{"rendered":"Adventure II"},"content":{"rendered":"<p>Adventure II st\u00f8vlen lever op til sit navn, en st\u00f8vle til de h\u00e5rdeste forhold dine f\u00f8dder vil finde. Kraftig legeret sp\u00e6nde og velcrolukning holder st\u00f8vlen p\u00e5 plads og behagelig, hvis du st\u00e5r p\u00e5 pl\u00f8kkene. Den seri\u00f8st grebss\u00e5l vil klare uanset forholdene under f\u00f8dderne, n\u00e5r du er af cyklen. For at holde tingene t\u00f8rre har Adventure II en SinAqua vandt\u00e6t og \u00e5ndbar membran.<\/p>\n<ul>\n<li>Ko Skind<\/li>\n<li>CE certificeret<\/li>\n<li>PU-belagt mikroteknologi<\/li>\n<li>St\u00f8bt TPU skinneben\/ankel\/h\u00e6lbeskyttelse<\/li>\n<li>Anti-twist mellems\u00e5l<\/li>\n<li>Sinaqua WP<\/li>\n<li>Vandt\u00e6t<\/li>\n<\/ul>","protected":false},"excerpt":{"rendered":"<ul>\n<li>Ko Skind<\/li>\n<li>CE certificeret<\/li>\n<li>PU-belagt mikroteknologi<\/li>\n<li>St\u00f8bt TPU skinneben\/ankel\/h\u00e6lbeskyttelse<\/li>\n<li>Anti-twist mellems\u00e5l<\/li>\n<li>Sinaqua WP<\/li>\n<li>Vandt\u00e6t<\/li>\n<\/ul>","protected":false},"featured_media":2599,"comment_status":"closed","ping_status":"closed","template":"","meta":{"_relevanssi_hide_post":"","_relevanssi_hide_content":"","_relevanssi_pin_for_all":"","_relevanssi_pin_keywords":"","_relevanssi_unpin_keywords":"","_relevanssi_related_keywords":"","_relevanssi_related_include_ids":"","_relevanssi_related_exclude_ids":"","_relevanssi_related_no_append":"","_relevanssi_related_not_related":"","_relevanssi_related_posts":"","_relevanssi_noindex_reason":""},"product_brand":[],"product_cat":[88,51,56],"product_tag":[],"woo-feed-brand":[],"class_list":{"0":"post-2590","1":"product","2":"type-product","3":"status-publish","4":"has-post-thumbnail","6":"product_cat-adventure-boots","7":"product_cat-boots","8":"product_cat-mc-clothing","10":"first","11":"instock","12":"taxable","13":"shipping-taxable","14":"purchasable","15":"product-type-variable"},"_links":{"self":[{"href":"https:\/\/www.cphmc.com\/da\/wp-json\/wp\/v2\/product\/2590","targetHints":{"allow":["GET"]}}],"collection":[{"href":"https:\/\/www.cphmc.com\/da\/wp-json\/wp\/v2\/product"}],"about":[{"href":"https:\/\/www.cphmc.com\/da\/wp-json\/wp\/v2\/types\/product"}],"replies":[{"embeddable":true,"href":"https:\/\/www.cphmc.com\/da\/wp-json\/wp\/v2\/comments?post=2590"}],"wp:featuredmedia":[{"embeddable":true,"href":"https:\/\/www.cphmc.com\/da\/wp-json\/wp\/v2\/media\/2599"}],"wp:attachment":[{"href":"https:\/\/www.cphmc.com\/da\/wp-json\/wp\/v2\/media?parent=2590"}],"wp:term":[{"taxonomy":"product_brand","embeddable":true,"href":"https:\/\/www.cphmc.com\/da\/wp-json\/wp\/v2\/product_brand?post=2590"},{"taxonomy":"product_cat","embeddable":true,"href":"https:\/\/www.cphmc.com\/da\/wp-json\/wp\/v2\/product_cat?post=2590"},{"taxonomy":"product_tag","embeddable":true,"href":"https:\/\/www.cphmc.com\/da\/wp-json\/wp\/v2\/product_tag?post=2590"},{"taxonomy":"woo-feed-brand","embeddable":true,"href":"https:\/\/www.cphmc.com\/da\/wp-json\/wp\/v2\/woo-feed-brand?post=2590"}],"curies":[{"name":"wp","href":"https:\/\/api.w.org\/{rel}","templated":true}]}}