{"id":2603,"date":"2022-01-28T10:32:48","date_gmt":"2022-01-28T09:32:48","guid":{"rendered":"https:\/\/www.cphmc.com\/?post_type=product&#038;p=2603"},"modified":"2026-03-20T17:17:25","modified_gmt":"2026-03-20T16:17:25","slug":"tundra-waterproof","status":"publish","type":"product","link":"https:\/\/www.cphmc.com\/da\/mc-clothing\/boots\/adventure-boots\/tundra-waterproof\/","title":{"rendered":"Tundra"},"content":{"rendered":"<p>Tundraen er den perfekte st\u00f8vle til hverdagsridning og har en vandt\u00e6t \u00e5ndbar og forst\u00f8rret str\u00e6kpanel for ekstra komfort.<\/p>\n<p><strong>Rustning<\/strong><\/p>\n<ul>\n<li>CE-certificering reageret<\/li>\n<\/ul>\n<p><strong>Konstruktion<\/strong><\/p>\n<ul>\n<li>Hovedudk\u00f8rsel: Niveau 2\/2\/1<\/li>\n<li>H\u00e6lbeskyttelse: L\u00e6der<\/li>\n<li>Skinnebensbeskyttelse: L\u00e6der<\/li>\n<li>Ankelbeskyttelse: Int Materiale: Koskind<\/li>\n<li>Sekund\u00e6rt materiale: Mikrofiber<\/li>\n<li>Vandt\u00e6t foring: Hipora vandt\u00e6t \u00e5ndbar membran<\/li>\n<li>Lukning: Lynl\u00e5s og velcro<\/li>\n<li>Skiftepude: Ja<\/li>\n<li>Skaft: Polycarbonat Anti Twist<\/li>\n<li>Inders\u00e5l: Antibakteriel gel<\/li>\n<li>Yders\u00e5l: Anti-Slip s\u00e5l<\/li>\n<li>ced<\/li>\n<li>Styling<\/li>\n<li>T\u00e5boks: Forst\u00e6rket<\/li>\n<\/ul>","protected":false},"excerpt":{"rendered":"<ul>\n<li>Hovedudk\u00f8rsel: Niveau 2\/2\/1<\/li>\n<li>H\u00e6lbeskyttelse: L\u00e6der<\/li>\n<li>Skinnebensbeskyttelse: L\u00e6der<\/li>\n<li>Ankelbeskyttelse: Int Materiale: Koskind<\/li>\n<li>Sekund\u00e6rt materiale: Mikrofiber<\/li>\n<li>Vandt\u00e6t foring: Hipora vandt\u00e6t \u00e5ndbar membran<\/li>\n<\/ul>","protected":false},"featured_media":2612,"comment_status":"closed","ping_status":"closed","template":"","meta":{"_relevanssi_hide_post":"","_relevanssi_hide_content":"","_relevanssi_pin_for_all":"","_relevanssi_pin_keywords":"","_relevanssi_unpin_keywords":"","_relevanssi_related_keywords":"","_relevanssi_related_include_ids":"","_relevanssi_related_exclude_ids":"","_relevanssi_related_no_append":"","_relevanssi_related_not_related":"","_relevanssi_related_posts":"","_relevanssi_noindex_reason":""},"product_brand":[],"product_cat":[88,51,56],"product_tag":[],"woo-feed-brand":[],"class_list":{"0":"post-2603","1":"product","2":"type-product","3":"status-publish","4":"has-post-thumbnail","6":"product_cat-adventure-boots","7":"product_cat-boots","8":"product_cat-mc-clothing","10":"first","11":"instock","12":"taxable","13":"shipping-taxable","14":"purchasable","15":"product-type-variable"},"_links":{"self":[{"href":"https:\/\/www.cphmc.com\/da\/wp-json\/wp\/v2\/product\/2603","targetHints":{"allow":["GET"]}}],"collection":[{"href":"https:\/\/www.cphmc.com\/da\/wp-json\/wp\/v2\/product"}],"about":[{"href":"https:\/\/www.cphmc.com\/da\/wp-json\/wp\/v2\/types\/product"}],"replies":[{"embeddable":true,"href":"https:\/\/www.cphmc.com\/da\/wp-json\/wp\/v2\/comments?post=2603"}],"wp:featuredmedia":[{"embeddable":true,"href":"https:\/\/www.cphmc.com\/da\/wp-json\/wp\/v2\/media\/2612"}],"wp:attachment":[{"href":"https:\/\/www.cphmc.com\/da\/wp-json\/wp\/v2\/media?parent=2603"}],"wp:term":[{"taxonomy":"product_brand","embeddable":true,"href":"https:\/\/www.cphmc.com\/da\/wp-json\/wp\/v2\/product_brand?post=2603"},{"taxonomy":"product_cat","embeddable":true,"href":"https:\/\/www.cphmc.com\/da\/wp-json\/wp\/v2\/product_cat?post=2603"},{"taxonomy":"product_tag","embeddable":true,"href":"https:\/\/www.cphmc.com\/da\/wp-json\/wp\/v2\/product_tag?post=2603"},{"taxonomy":"woo-feed-brand","embeddable":true,"href":"https:\/\/www.cphmc.com\/da\/wp-json\/wp\/v2\/woo-feed-brand?post=2603"}],"curies":[{"name":"wp","href":"https:\/\/api.w.org\/{rel}","templated":true}]}}