{"id":2617,"date":"2022-01-28T10:38:27","date_gmt":"2022-01-28T09:38:27","guid":{"rendered":"https:\/\/www.cphmc.com\/?post_type=product&#038;p=2617"},"modified":"2023-06-14T13:03:32","modified_gmt":"2023-06-14T11:03:32","slug":"axiom-waterproof-boots-women","status":"publish","type":"product","link":"https:\/\/www.cphmc.com\/da\/mc-clothing\/boots\/adventure-boots\/axiom-waterproof-boots-women\/","title":{"rendered":"Axiom"},"content":{"rendered":"<p>Dette kan v\u00e6re vores startst\u00f8vle, men den er stadig sp\u00e6kket med funktioner til at beskytte dine f\u00f8dder.<\/p>\n<p>St\u00f8vlen er lavet af en mikrofiberkonstruktion og har en SinAqua vandt\u00e6t membran for t\u00f8rhed og \u00e5ndbarhed. Hertil kommer den integrerede skinnebens-, ankel- og h\u00e6lbeskyttelse. St\u00f8vlen har ogs\u00e5 en integreret forst\u00e6rket t\u00e5boks og er CE-certificeret som standard!\u201d<\/p>\n<p>CE-certificeret: Ja<\/p>\n<p><strong>Rustning<\/strong><\/p>\n<ul>\n<li>H\u00e6lbeskyttelse: Forst\u00e6rket cockpit<\/li>\n<li>Skinnebensbeskyttelse: Integreret<\/li>\n<li>Ankelbeskyttelse: Integreret<\/li>\n<\/ul>\n<p><strong>Konstruktion<\/strong><\/p>\n<ul>\n<li>Ydre hovedmateriale: Mikrofiber<\/li>\n<li>Vandt\u00e6t foring: SinAqua vandt\u00e6t membran<\/li>\n<li>Lukning: Lynl\u00e5s med krog og l\u00f8kke<\/li>\n<li>Skiftepude: TPU<\/li>\n<li>Skaft: Polycarbonat Anti Twist mellems\u00e5l<\/li>\n<li>Inders\u00e5l: Anti-bakteriel gel<\/li>\n<li>Yders\u00e5l: RST Touring-s\u00e5l<\/li>\n<\/ul>\n<p><strong>Egenskaber og fordele<\/strong><\/p>\n<ul>\n<li>T\u00e5boks: Integreret og forst\u00e6rket<\/li>\n<li>Aftr\u00e6kker: Remdesign<\/li>\n<\/ul>","protected":false},"excerpt":{"rendered":"<p>Dette kan v\u00e6re vores startst\u00f8vle, men den er stadig sp\u00e6kket med funktioner til at beskytte dine f\u00f8dder.<\/p>\n<p>St\u00f8vlen er lavet af en mikrofiberkonstruktion og har en SinAqua vandt\u00e6t membran for t\u00f8rhed og \u00e5ndbarhed. Hertil kommer den integrerede skinnebens-, ankel- og h\u00e6lbeskyttelse. St\u00f8vlen har ogs\u00e5 en integreret forst\u00e6rket t\u00e5boks og er CE-certificeret som standard!\u201d<\/p>","protected":false},"featured_media":2633,"comment_status":"closed","ping_status":"closed","template":"","meta":{"_relevanssi_hide_post":"","_relevanssi_hide_content":"","_relevanssi_pin_for_all":"","_relevanssi_pin_keywords":"","_relevanssi_unpin_keywords":"","_relevanssi_related_keywords":"","_relevanssi_related_include_ids":"","_relevanssi_related_exclude_ids":"","_relevanssi_related_no_append":"","_relevanssi_related_not_related":"","_relevanssi_related_posts":"","_relevanssi_noindex_reason":""},"product_brand":[],"product_cat":[88,51,56],"product_tag":[],"woo-feed-brand":[],"class_list":{"0":"post-2617","1":"product","2":"type-product","3":"status-publish","4":"has-post-thumbnail","6":"product_cat-adventure-boots","7":"product_cat-boots","8":"product_cat-mc-clothing","10":"first","11":"instock","12":"taxable","13":"shipping-taxable","14":"purchasable","15":"product-type-variable"},"_links":{"self":[{"href":"https:\/\/www.cphmc.com\/da\/wp-json\/wp\/v2\/product\/2617","targetHints":{"allow":["GET"]}}],"collection":[{"href":"https:\/\/www.cphmc.com\/da\/wp-json\/wp\/v2\/product"}],"about":[{"href":"https:\/\/www.cphmc.com\/da\/wp-json\/wp\/v2\/types\/product"}],"replies":[{"embeddable":true,"href":"https:\/\/www.cphmc.com\/da\/wp-json\/wp\/v2\/comments?post=2617"}],"wp:featuredmedia":[{"embeddable":true,"href":"https:\/\/www.cphmc.com\/da\/wp-json\/wp\/v2\/media\/2633"}],"wp:attachment":[{"href":"https:\/\/www.cphmc.com\/da\/wp-json\/wp\/v2\/media?parent=2617"}],"wp:term":[{"taxonomy":"product_brand","embeddable":true,"href":"https:\/\/www.cphmc.com\/da\/wp-json\/wp\/v2\/product_brand?post=2617"},{"taxonomy":"product_cat","embeddable":true,"href":"https:\/\/www.cphmc.com\/da\/wp-json\/wp\/v2\/product_cat?post=2617"},{"taxonomy":"product_tag","embeddable":true,"href":"https:\/\/www.cphmc.com\/da\/wp-json\/wp\/v2\/product_tag?post=2617"},{"taxonomy":"woo-feed-brand","embeddable":true,"href":"https:\/\/www.cphmc.com\/da\/wp-json\/wp\/v2\/woo-feed-brand?post=2617"}],"curies":[{"name":"wp","href":"https:\/\/api.w.org\/{rel}","templated":true}]}}