{"id":2634,"date":"2022-01-28T10:45:34","date_gmt":"2022-01-28T09:45:34","guid":{"rendered":"https:\/\/www.cphmc.com\/?post_type=product&#038;p=2634"},"modified":"2023-06-14T13:03:30","modified_gmt":"2023-06-14T11:03:30","slug":"pathfinder-waterproof-boots","status":"publish","type":"product","link":"https:\/\/www.cphmc.com\/da\/mc-clothing\/boots\/adventure-boots\/pathfinder-waterproof-boots\/","title":{"rendered":"Pathfinder"},"content":{"rendered":"<p>Pathfinder st\u00f8vlen er en game changer, perfekt til touring. St\u00f8vlen er lavet af en slidst\u00e6rk mikrofiberkonstruktion og har SympaTex\u2122 \u2013 som er en h\u00f8jtydende vandt\u00e6t og \u00e5ndbar membran. Jo varmere membranen bliver, jo bedre yder den, og fordi den ikke er mikropor\u00f8s, er du ikke afh\u00e6ngig af \u00e5ndbarheden af det ydre stof for at holde st\u00f8vlen frisk.<\/p>\n<p>CE-certificeret, st\u00f8vlen har en TPU skinnebensbeskytter med integreret ankelbeskytter. Den har en flydende skiftepude som brugt p\u00e5 TracTech st\u00f8vlerne \u2013 det betyder, at skiftepuden ikke vikler sig rundt om st\u00f8vlen, hvilket resulterer i mere komfort, n\u00e5r du er p\u00e5 cyklen.<\/p>\n<p>For yderligere at underst\u00f8tte komfortniveauerne er der reflekterende bev\u00e6gelsespaneler i tekstil foran og bag p\u00e5 st\u00f8vlen. Den vigtigste funktion er dog, hvordan st\u00f8vlen kan tages af og p\u00e5. De dobbeltsidede lynl\u00e5se og krog-og-l\u00f8kke-paneler \u00e5bner op, s\u00e5 forsiden af st\u00f8vlen kan vippes v\u00e6k. Dette efterlader en stor \u00e5bning, som rummer en Sympatex-sok p\u00e5 indersiden af st\u00f8vlen. Med hensyn til lukning muligg\u00f8r de ekstra store krog-og-l\u00f8kke-paneler flere niveauer af justering for at underst\u00f8tte forskellige l\u00e6gst\u00f8rrelser, og n\u00e5r jeanen er gemt inde i st\u00f8vlen.<\/p>\n<p>Yders\u00e5len er designet specielt til touring - den har slidst\u00e6rke dybe riller perfekt til touring-rytteren, der giver et godt greb p\u00e5 og af cyklen.<\/p>\n<p>CE-certificeret: Ja<\/p>\n<p><strong>Rustning<\/strong><\/p>\n<ul>\n<li>H\u00e6lbeskyttelse: Forst\u00e6rket cockpit<\/li>\n<li>Skinnebensbeskyttelse: TPU<\/li>\n<li>Ankelbeskyttelse: Integreret<\/li>\n<\/ul>\n<p><strong>Konstruktion<\/strong><\/p>\n<ul>\n<li>Ydre hovedmateriale: Mikrofiber<\/li>\n<li>Indvendig foring: Mesh foring<\/li>\n<li>Vandt\u00e6t foring: SympaTex\u2122 vandt\u00e6t membran<\/li>\n<li>Lukning: Dobbelt lynl\u00e5s med dobbeltsidet krog skinnebenslukning<\/li>\n<li>Skiftepude: TPU<\/li>\n<li>Skaft: Polycarbonat Anti Twist mellems\u00e5l<\/li>\n<li>Inders\u00e5l: Anti-bakteriel gel<\/li>\n<li>Yders\u00e5l: RST Touring Pro-s\u00e5l<\/li>\n<li>Ventilation: Ja<\/li>\n<\/ul>\n<p><strong>Egenskaber og fordele<\/strong><\/p>\n<ul>\n<li>T\u00e5boks: Integreret og forst\u00e6rket<\/li>\n<li>Aftr\u00e6kker: Twin Strap Design<\/li>\n<li>Reflekterende detalje: Ja \u2013 Refleksstof<\/li>\n<\/ul>","protected":false},"excerpt":{"rendered":"<p>Pathfinder st\u00f8vlen er en game changer, perfekt til touring. St\u00f8vlen er lavet af en slidst\u00e6rk mikrofiberkonstruktion og har SympaTex\u2122 \u2013 som er en h\u00f8jtydende vandt\u00e6t og \u00e5ndbar membran. Jo varmere membranen bliver, jo bedre yder den, og fordi den ikke er mikropor\u00f8s, er du ikke afh\u00e6ngig af \u00e5ndbarheden af det ydre stof for at holde st\u00f8vlen frisk.<\/p>","protected":false},"featured_media":2642,"comment_status":"closed","ping_status":"closed","template":"","meta":{"_relevanssi_hide_post":"","_relevanssi_hide_content":"","_relevanssi_pin_for_all":"","_relevanssi_pin_keywords":"","_relevanssi_unpin_keywords":"","_relevanssi_related_keywords":"","_relevanssi_related_include_ids":"","_relevanssi_related_exclude_ids":"","_relevanssi_related_no_append":"","_relevanssi_related_not_related":"","_relevanssi_related_posts":"","_relevanssi_noindex_reason":""},"product_brand":[],"product_cat":[88,51,56],"product_tag":[],"woo-feed-brand":[],"class_list":{"0":"post-2634","1":"product","2":"type-product","3":"status-publish","4":"has-post-thumbnail","6":"product_cat-adventure-boots","7":"product_cat-boots","8":"product_cat-mc-clothing","10":"first","11":"instock","12":"taxable","13":"shipping-taxable","14":"purchasable","15":"product-type-variable"},"_links":{"self":[{"href":"https:\/\/www.cphmc.com\/da\/wp-json\/wp\/v2\/product\/2634","targetHints":{"allow":["GET"]}}],"collection":[{"href":"https:\/\/www.cphmc.com\/da\/wp-json\/wp\/v2\/product"}],"about":[{"href":"https:\/\/www.cphmc.com\/da\/wp-json\/wp\/v2\/types\/product"}],"replies":[{"embeddable":true,"href":"https:\/\/www.cphmc.com\/da\/wp-json\/wp\/v2\/comments?post=2634"}],"wp:featuredmedia":[{"embeddable":true,"href":"https:\/\/www.cphmc.com\/da\/wp-json\/wp\/v2\/media\/2642"}],"wp:attachment":[{"href":"https:\/\/www.cphmc.com\/da\/wp-json\/wp\/v2\/media?parent=2634"}],"wp:term":[{"taxonomy":"product_brand","embeddable":true,"href":"https:\/\/www.cphmc.com\/da\/wp-json\/wp\/v2\/product_brand?post=2634"},{"taxonomy":"product_cat","embeddable":true,"href":"https:\/\/www.cphmc.com\/da\/wp-json\/wp\/v2\/product_cat?post=2634"},{"taxonomy":"product_tag","embeddable":true,"href":"https:\/\/www.cphmc.com\/da\/wp-json\/wp\/v2\/product_tag?post=2634"},{"taxonomy":"woo-feed-brand","embeddable":true,"href":"https:\/\/www.cphmc.com\/da\/wp-json\/wp\/v2\/woo-feed-brand?post=2634"}],"curies":[{"name":"wp","href":"https:\/\/api.w.org\/{rel}","templated":true}]}}