{"id":2657,"date":"2022-01-28T11:40:34","date_gmt":"2022-01-28T10:40:34","guid":{"rendered":"https:\/\/www.cphmc.com\/?post_type=product&#038;p=2657"},"modified":"2026-03-20T17:18:33","modified_gmt":"2026-03-20T16:18:33","slug":"rst-stunt-x","status":"publish","type":"product","link":"https:\/\/www.cphmc.com\/da\/mc-clothing\/boots\/urban-boots\/rst-stunt-x\/","title":{"rendered":"RST Stunt-X"},"content":{"rendered":"<p>Stunt-X er m\u00e5ske kort, men den har alle kendetegnene for en traditionel slidst\u00e6rk st\u00f8vle. CE-certificeret som standard, st\u00f8vlen har et forst\u00e6rket cockpit, integreret ankelbeskyttelse og en integreret og forst\u00e6rket t\u00e5boks.<\/p>\n<p>St\u00f8vlen har ogs\u00e5 en SinAqua vandt\u00e6t membran for at holde f\u00f8dderne t\u00f8rre og for at hj\u00e6lpe med \u00e5ndbarheden, mikrofiberen er perforeret p\u00e5 hver side.<\/p>\n<p>For ekstra sikkerhed har blonde- og krog-og-l\u00f8kke-lukningssystemet ogs\u00e5 en blondegarage, som p\u00e5 en p\u00e6n m\u00e5de sikrer blonde-enderne v\u00e6k, og forhindrer, at sn\u00f8reb\u00e5ndet bliver fanget rundt om cyklen.<\/p>\n<p>CE-certificeret: Ja<\/p>\n<p><strong>Rustning<\/strong><\/p>\n<ul>\n<li>H\u00e6lbeskyttelse: Forst\u00e6rket cockpit<\/li>\n<li>Ankelbeskyttelse: Integreret<\/li>\n<\/ul>\n<p><strong>Konstruktion<\/strong><\/p>\n<ul>\n<li>Ydre hovedmateriale: Mikrofiber<\/li>\n<li>Vandt\u00e6t foring: SinAqua vandt\u00e6t membran<\/li>\n<li>Lukning: Sn\u00f8reb\u00e5nd med Hook &amp; Loop ankelflig<\/li>\n<li>Shift Pad: Ja \u2013 Dobbeltlag<\/li>\n<li>Skaft: Polycarbonat Anti Twist mellems\u00e5l<\/li>\n<li>Inders\u00e5l: Anti-bakteriel gel<\/li>\n<li>Yders\u00e5l: RST Sportss\u00e5l<\/li>\n<li>Ventilation: Perforeret<\/li>\n<\/ul>\n<p><strong>Egenskaber og fordele<\/strong><\/p>\n<ul>\n<li>T\u00e5boks: Integreret og forst\u00e6rket<\/li>\n<li>Aftr\u00e6kker: Remdesign<\/li>\n<li>Refleksdetaljer: Ja \u2013 Refleksr\u00f8r<\/li>\n<li>Lace Garage: Ja<\/li>\n<\/ul>","protected":false},"excerpt":{"rendered":"<p>Stunt-X er m\u00e5ske kort, men den har alle kendetegnene for en traditionel slidst\u00e6rk st\u00f8vle. CE-certificeret som standard, st\u00f8vlen har et forst\u00e6rket cockpit, integreret ankelbeskyttelse og en integreret og forst\u00e6rket t\u00e5boks. St\u00f8vlen har ogs\u00e5 en SinAqua vandt\u00e6t membran for at holde f\u00f8dderne t\u00f8rre og for at hj\u00e6lpe med \u00e5ndbarheden, mikrofiberen er perforeret p\u00e5 hver side.<\/p>\n<ul>\n<li>Ydre hovedmateriale: Mikrofiber<\/li>\n<li>Vandt\u00e6t foring: SinAqua vandt\u00e6t membran<\/li>\n<li>Lukning: Sn\u00f8reb\u00e5nd med Hook &amp; Loop ankelflig<\/li>\n<\/ul>","protected":false},"featured_media":2668,"comment_status":"closed","ping_status":"closed","template":"","meta":{"_relevanssi_hide_post":"","_relevanssi_hide_content":"","_relevanssi_pin_for_all":"","_relevanssi_pin_keywords":"","_relevanssi_unpin_keywords":"","_relevanssi_related_keywords":"","_relevanssi_related_include_ids":"","_relevanssi_related_exclude_ids":"","_relevanssi_related_no_append":"","_relevanssi_related_not_related":"","_relevanssi_related_posts":"","_relevanssi_noindex_reason":""},"product_brand":[],"product_cat":[86,51,56],"product_tag":[],"woo-feed-brand":[],"class_list":{"0":"post-2657","1":"product","2":"type-product","3":"status-publish","4":"has-post-thumbnail","6":"product_cat-urban-boots","7":"product_cat-boots","8":"product_cat-mc-clothing","10":"first","11":"instock","12":"taxable","13":"shipping-taxable","14":"purchasable","15":"product-type-variable"},"_links":{"self":[{"href":"https:\/\/www.cphmc.com\/da\/wp-json\/wp\/v2\/product\/2657","targetHints":{"allow":["GET"]}}],"collection":[{"href":"https:\/\/www.cphmc.com\/da\/wp-json\/wp\/v2\/product"}],"about":[{"href":"https:\/\/www.cphmc.com\/da\/wp-json\/wp\/v2\/types\/product"}],"replies":[{"embeddable":true,"href":"https:\/\/www.cphmc.com\/da\/wp-json\/wp\/v2\/comments?post=2657"}],"wp:featuredmedia":[{"embeddable":true,"href":"https:\/\/www.cphmc.com\/da\/wp-json\/wp\/v2\/media\/2668"}],"wp:attachment":[{"href":"https:\/\/www.cphmc.com\/da\/wp-json\/wp\/v2\/media?parent=2657"}],"wp:term":[{"taxonomy":"product_brand","embeddable":true,"href":"https:\/\/www.cphmc.com\/da\/wp-json\/wp\/v2\/product_brand?post=2657"},{"taxonomy":"product_cat","embeddable":true,"href":"https:\/\/www.cphmc.com\/da\/wp-json\/wp\/v2\/product_cat?post=2657"},{"taxonomy":"product_tag","embeddable":true,"href":"https:\/\/www.cphmc.com\/da\/wp-json\/wp\/v2\/product_tag?post=2657"},{"taxonomy":"woo-feed-brand","embeddable":true,"href":"https:\/\/www.cphmc.com\/da\/wp-json\/wp\/v2\/woo-feed-brand?post=2657"}],"curies":[{"name":"wp","href":"https:\/\/api.w.org\/{rel}","templated":true}]}}