{"id":2695,"date":"2022-01-28T12:14:50","date_gmt":"2022-01-28T11:14:50","guid":{"rendered":"https:\/\/www.cphmc.com\/?post_type=product&#038;p=2695"},"modified":"2023-10-03T09:35:49","modified_gmt":"2023-10-03T07:35:49","slug":"rst-frontier","status":"publish","type":"product","link":"https:\/\/www.cphmc.com\/da\/mc-clothing\/boots\/urban-boots\/rst-frontier\/","title":{"rendered":"RST Frontier"},"content":{"rendered":"<p>Denne st\u00f8vle i sneakerstil har en fladere s\u00e5l, som er nemmere at g\u00e5 rundt i. St\u00f8vlen er lavet af kraftig mikrofiber og forst\u00e6rket med et ballistisk stof, og st\u00f8vlen har integreret h\u00e6l- og ankelbeskyttelse og en gummieret skiftepude for \u00f8get komfort.<\/p>\n<p>For ekstra sikkerhed har blonde- og krog-og-l\u00f8kke-lukningssystemet ogs\u00e5 en blondegarage, som p\u00e5 en p\u00e6n m\u00e5de sikrer blonde-enderne v\u00e6k, og forhindrer, at sn\u00f8reb\u00e5ndet bliver fanget rundt om cyklen.<\/p>\n<p>CE-certificeret: Ja<\/p>\n<p><strong>Rustning<\/strong><\/p>\n<ul>\n<li>H\u00e6lbeskyttelse: Forst\u00e6rket cockpit<\/li>\n<li>Ankelbeskyttelse: Integreret<\/li>\n<\/ul>\n<p><strong>Konstruktion<\/strong><\/p>\n<ul>\n<li>Ydre hovedmateriale: Mikrofiber<\/li>\n<li>Sekund\u00e6rt materiale: Ballistisk<\/li>\n<li>Lukning: Sn\u00f8reb\u00e5nd med Hook &amp; Loop ankelflig<\/li>\n<li>Skiftepude: Ja \u2013 gummieret<\/li>\n<li>Skaft: Polycarbonat Anti Twist mellems\u00e5l<\/li>\n<li>Inders\u00e5l: Anti-bakteriel gel<\/li>\n<li>Yders\u00e5l: RST Sneakers\u00e5l<\/li>\n<\/ul>\n<p><strong>Egenskaber og fordele<\/strong><\/p>\n<ul>\n<li>T\u00e5boks: Integreret og forst\u00e6rket<\/li>\n<li>Aftr\u00e6kker: Remdesign<\/li>\n<li>RST-logo: Pr\u00e6get<\/li>\n<li>Refleksdetaljer: Ja \u2013 Reflekslogoer<\/li>\n<li>Lace Garage: Ja<\/li>\n<\/ul>","protected":false},"excerpt":{"rendered":"<p>Denne st\u00f8vle i sneakerstil har en fladere s\u00e5l, som er nemmere at g\u00e5 rundt i. St\u00f8vlen er lavet af kraftig mikrofiber og forst\u00e6rket med et ballistisk stof, og st\u00f8vlen har integreret h\u00e6l- og ankelbeskyttelse og en gummieret skiftepude for \u00f8get komfort.<\/p>\n<ul>\n<li>Ydre hovedmateriale: Mikrofiber<\/li>\n<li>Sekund\u00e6rt materiale: Ballistisk<\/li>\n<li>Lukning: Sn\u00f8reb\u00e5nd med Hook &amp; Loop ankelflig<\/li>\n<\/ul>","protected":false},"featured_media":2691,"comment_status":"closed","ping_status":"closed","template":"","meta":{"_relevanssi_hide_post":"","_relevanssi_hide_content":"","_relevanssi_pin_for_all":"","_relevanssi_pin_keywords":"","_relevanssi_unpin_keywords":"","_relevanssi_related_keywords":"","_relevanssi_related_include_ids":"","_relevanssi_related_exclude_ids":"","_relevanssi_related_no_append":"","_relevanssi_related_not_related":"","_relevanssi_related_posts":"","_relevanssi_noindex_reason":""},"product_brand":[],"product_cat":[86,51,56],"product_tag":[],"woo-feed-brand":[],"class_list":{"0":"post-2695","1":"product","2":"type-product","3":"status-publish","4":"has-post-thumbnail","6":"product_cat-urban-boots","7":"product_cat-boots","8":"product_cat-mc-clothing","10":"first","11":"instock","12":"taxable","13":"shipping-taxable","14":"purchasable","15":"product-type-variable"},"_links":{"self":[{"href":"https:\/\/www.cphmc.com\/da\/wp-json\/wp\/v2\/product\/2695","targetHints":{"allow":["GET"]}}],"collection":[{"href":"https:\/\/www.cphmc.com\/da\/wp-json\/wp\/v2\/product"}],"about":[{"href":"https:\/\/www.cphmc.com\/da\/wp-json\/wp\/v2\/types\/product"}],"replies":[{"embeddable":true,"href":"https:\/\/www.cphmc.com\/da\/wp-json\/wp\/v2\/comments?post=2695"}],"wp:featuredmedia":[{"embeddable":true,"href":"https:\/\/www.cphmc.com\/da\/wp-json\/wp\/v2\/media\/2691"}],"wp:attachment":[{"href":"https:\/\/www.cphmc.com\/da\/wp-json\/wp\/v2\/media?parent=2695"}],"wp:term":[{"taxonomy":"product_brand","embeddable":true,"href":"https:\/\/www.cphmc.com\/da\/wp-json\/wp\/v2\/product_brand?post=2695"},{"taxonomy":"product_cat","embeddable":true,"href":"https:\/\/www.cphmc.com\/da\/wp-json\/wp\/v2\/product_cat?post=2695"},{"taxonomy":"product_tag","embeddable":true,"href":"https:\/\/www.cphmc.com\/da\/wp-json\/wp\/v2\/product_tag?post=2695"},{"taxonomy":"woo-feed-brand","embeddable":true,"href":"https:\/\/www.cphmc.com\/da\/wp-json\/wp\/v2\/woo-feed-brand?post=2695"}],"curies":[{"name":"wp","href":"https:\/\/api.w.org\/{rel}","templated":true}]}}