{"id":2768,"date":"2022-02-22T16:41:03","date_gmt":"2022-02-22T15:41:03","guid":{"rendered":"https:\/\/www.cphmc.com\/?post_type=product&#038;p=2768"},"modified":"2023-06-14T13:10:36","modified_gmt":"2023-06-14T11:10:36","slug":"variant-pro-construct-black","status":"publish","type":"product","link":"https:\/\/www.cphmc.com\/da\/mc-clothing\/helmets\/sports-helmets\/variant-pro-construct-black\/","title":{"rendered":"Variant Pro Construct Sort"},"content":{"rendered":"<ul>\n<li>H\u00e5rd glasfiber\/komposit skal<\/li>\n<li>Mellem-oval hovedform er vindtunneltestet og raffineret<\/li>\n<li>Visir med lavt tr\u00e6k<\/li>\n<li>Omfattende udluftning med EPS-kanaler med h\u00f8j flow<\/li>\n<li>Optisk korrekt hurtigskift dugfri ansigtssk\u00e6rm<\/li>\n<li>5-delt modul\u00e6r Hydradry\u2122 fugttransporterende liner<\/li>\n<li>Sendes ikke med PSC- eller MFJ-certificeringsm\u00e6rkater, medmindre de er k\u00f8bt hos en autoriseret forhandler i det p\u00e5g\u00e6ldende land<\/li>\n<\/ul>","protected":false},"excerpt":{"rendered":"<ul>\n<li>H\u00e5rd glasfiber\/komposit skal<\/li>\n<li>Mellem-oval hovedform er vindtunneltestet og raffineret<\/li>\n<li>Visir med lavt tr\u00e6k<\/li>\n<li>Omfattende udluftning med EPS-kanaler med h\u00f8j flow<\/li>\n<li>Optisk korrekt hurtigskift dugfri ansigtssk\u00e6rm<\/li>\n<li>5-delt modul\u00e6r Hydradry\u2122 fugttransporterende liner<\/li>\n<li>Sendes ikke med PSC- eller MFJ-certificeringsm\u00e6rkater, medmindre de er k\u00f8bt hos en autoriseret forhandler i det p\u00e5g\u00e6ldende land<\/li>\n<\/ul>","protected":false},"featured_media":2777,"comment_status":"closed","ping_status":"closed","template":"","meta":{"_relevanssi_hide_post":"","_relevanssi_hide_content":"","_relevanssi_pin_for_all":"","_relevanssi_pin_keywords":"","_relevanssi_unpin_keywords":"","_relevanssi_related_keywords":"","_relevanssi_related_include_ids":"","_relevanssi_related_exclude_ids":"","_relevanssi_related_no_append":"","_relevanssi_related_not_related":"","_relevanssi_related_posts":"","_relevanssi_noindex_reason":""},"product_brand":[],"product_cat":[83,50,56],"product_tag":[],"woo-feed-brand":[],"class_list":{"0":"post-2768","1":"product","2":"type-product","3":"status-publish","4":"has-post-thumbnail","6":"product_cat-sports-helmets","7":"product_cat-helmets","8":"product_cat-mc-clothing","10":"first","11":"instock","12":"taxable","13":"shipping-taxable","14":"purchasable","15":"product-type-variable"},"_links":{"self":[{"href":"https:\/\/www.cphmc.com\/da\/wp-json\/wp\/v2\/product\/2768","targetHints":{"allow":["GET"]}}],"collection":[{"href":"https:\/\/www.cphmc.com\/da\/wp-json\/wp\/v2\/product"}],"about":[{"href":"https:\/\/www.cphmc.com\/da\/wp-json\/wp\/v2\/types\/product"}],"replies":[{"embeddable":true,"href":"https:\/\/www.cphmc.com\/da\/wp-json\/wp\/v2\/comments?post=2768"}],"wp:featuredmedia":[{"embeddable":true,"href":"https:\/\/www.cphmc.com\/da\/wp-json\/wp\/v2\/media\/2777"}],"wp:attachment":[{"href":"https:\/\/www.cphmc.com\/da\/wp-json\/wp\/v2\/media?parent=2768"}],"wp:term":[{"taxonomy":"product_brand","embeddable":true,"href":"https:\/\/www.cphmc.com\/da\/wp-json\/wp\/v2\/product_brand?post=2768"},{"taxonomy":"product_cat","embeddable":true,"href":"https:\/\/www.cphmc.com\/da\/wp-json\/wp\/v2\/product_cat?post=2768"},{"taxonomy":"product_tag","embeddable":true,"href":"https:\/\/www.cphmc.com\/da\/wp-json\/wp\/v2\/product_tag?post=2768"},{"taxonomy":"woo-feed-brand","embeddable":true,"href":"https:\/\/www.cphmc.com\/da\/wp-json\/wp\/v2\/woo-feed-brand?post=2768"}],"curies":[{"name":"wp","href":"https:\/\/api.w.org\/{rel}","templated":true}]}}