{"id":2814,"date":"2022-03-03T20:07:40","date_gmt":"2022-03-03T19:07:40","guid":{"rendered":"https:\/\/www.cphmc.com\/?post_type=product&#038;p=2814"},"modified":"2023-10-03T10:58:18","modified_gmt":"2023-10-03T08:58:18","slug":"race-dept-v4-1-airbag-suit","status":"publish","type":"product","link":"https:\/\/www.cphmc.com\/da\/mc-clothing\/jackets-vests\/race-suits\/race-dept-v4-1-airbag-suit\/","title":{"rendered":"Race Dept V4.1 Airbagdragt"},"content":{"rendered":"<p>Udviklet til verdens mest ekstreme racermilj\u00f8er <a href=\"https:\/\/www.rst-moto.com\/products\/v41-evo-kangaroo-airbag-mens-leather-suit\" target=\"_blank\" rel=\"noopener\">Race Dept V4.1 Airbag<\/a> er en \u00e6gte racerdragt; konstrueret med en 60\/40 split af h\u00f8jeste kvalitet k\u00e6nguru og grad A kohud, forst\u00e6rket med aramidbeskyttelse og udstyret med en komplet suite af niveau 2 CE panser, overg\u00e5r V4.1 den h\u00f8jeste AAA CE rating. Omvendt krog\/l\u00f8kke fabrikskn\u00e6skydere, albueskydere og indvendige kn\u00e6gribere forst\u00e6rker V4.1&#039;s \u00e6gte racer-afstamning yderligere. Hver V4.1 kommer ogs\u00e5 med et \u00e5rs gratis opgradering af raceralgoritmen.<\/p>\n<p><strong>Rustning<\/strong><\/p>\n<ul>\n<li>CE-certificering: AAA<\/li>\n<li>Rygbeskytter: In&amp;motion CE Rygbeskytter<\/li>\n<li>Skulderrustning: CE niveau 2<\/li>\n<li>Albuepanser: CE niveau 2<\/li>\n<li>Hofterustning: CE niveau 2<\/li>\n<li>Kn\u00e6rustning: CE niveau 1<\/li>\n<li>Skuldersk\u00e5l: TPU<\/li>\n<li>Kn\u00e6 kop: TPU<\/li>\n<li>Airbag: In&amp;motion System<\/li>\n<\/ul>\n<p><strong>Konstruktion<\/strong><\/p>\n<ul>\n<li>Vigtigste ydre materiale: Trommefarvet k\u00e6ngurul\u00e6der<\/li>\n<li>Str\u00e6kmateriale: Keprotech med str\u00e6kpaneler i l\u00e6der<\/li>\n<li>Indvendig foring: Aftagelig Comfort Mesh foring<\/li>\n<li>Krave: Neopren Race<\/li>\n<li>Manchet: Neopren Race<\/li>\n<li>Lynl\u00e5se: Max lynl\u00e5se<\/li>\n<li>Tr\u00e5d: Coates Bonded Nylon \u2013 Triple Stitched<\/li>\n<li>Ventilation: Perforeret l\u00e6der<\/li>\n<li>Forst\u00e6rkning: Aramid i indvirkningsomr\u00e5der<\/li>\n<\/ul>\n<p><strong>funktioner og fordele<\/strong><\/p>\n<ul>\n<li>Pukkel: Aerodynamisk Race Pukkel<\/li>\n<li>Knee Slider: Race Dept Reverse Velcro Knee Sliders<\/li>\n<li>Albueskyder: Standard albueskyder<\/li>\n<li>Indvendige lommer: 1<\/li>\n<li>Superstofforst\u00e6rkning: Ja<\/li>\n<li>Gummibehandlet aramid kn\u00e6greb: Ja<\/li>\n<li>Boot Gripper Tape: Ja<\/li>\n<\/ul>\n<p><strong>AIRBAG-FUNKTION HVORDAN F\u00c5R DU DET?<\/strong><\/p>\n<p>1. K\u00f8b en RST integreret Airbag-bekl\u00e6dning fra en godkendt RST Airbag-forhandler<br \/>\n2. Modtag IN&amp;MOTION-boksen fra din forhandler<br \/>\n3. Bes\u00f8g my.inemotion.com for at oprette din konto<br \/>\n4. Download in&amp;motion-appen<br \/>\n5. K\u00f8b en medlemspakke: k\u00f8b eller leasing<br \/>\n6. Aktiver din konto<br \/>\n7. K\u00f8r sikkert!<\/p>","protected":false},"excerpt":{"rendered":"<p>Race Dept V4.1 Airbag er en \u00e6gte racerdragt; konstrueret med en 60\/40 split af h\u00f8jeste kvalitet k\u00e6nguru og grad A kohud, forst\u00e6rket med aramidbeskyttelse og udstyret med en komplet suite af niveau 2 CE panser, overg\u00e5r V4.1 den h\u00f8jeste AAA CE rating.<\/p>\n<ul>\n<li>CE-certificering: AAA<\/li>\n<li>Rygbeskytter: In&amp;motion CE Rygbeskytter<\/li>\n<li>Panser: CE niveau 2<\/li>\n<li>Airbag: In&amp;motion System<\/li>\n<\/ul>","protected":false},"featured_media":2831,"comment_status":"closed","ping_status":"closed","template":"","meta":{"_relevanssi_hide_post":"","_relevanssi_hide_content":"","_relevanssi_pin_for_all":"","_relevanssi_pin_keywords":"","_relevanssi_unpin_keywords":"","_relevanssi_related_keywords":"","_relevanssi_related_include_ids":"","_relevanssi_related_exclude_ids":"","_relevanssi_related_no_append":"","_relevanssi_related_not_related":"","_relevanssi_related_posts":"","_relevanssi_noindex_reason":""},"product_brand":[],"product_cat":[264,53,56],"product_tag":[234],"woo-feed-brand":[],"class_list":{"0":"post-2814","1":"product","2":"type-product","3":"status-publish","4":"has-post-thumbnail","6":"product_cat-race-suits","7":"product_cat-jackets-vests","8":"product_cat-mc-clothing","9":"product_tag-airbag","10":"product_shipping_class-race-suits","12":"first","13":"instock","14":"taxable","15":"shipping-taxable","16":"purchasable","17":"product-type-variable"},"_links":{"self":[{"href":"https:\/\/www.cphmc.com\/da\/wp-json\/wp\/v2\/product\/2814","targetHints":{"allow":["GET"]}}],"collection":[{"href":"https:\/\/www.cphmc.com\/da\/wp-json\/wp\/v2\/product"}],"about":[{"href":"https:\/\/www.cphmc.com\/da\/wp-json\/wp\/v2\/types\/product"}],"replies":[{"embeddable":true,"href":"https:\/\/www.cphmc.com\/da\/wp-json\/wp\/v2\/comments?post=2814"}],"wp:featuredmedia":[{"embeddable":true,"href":"https:\/\/www.cphmc.com\/da\/wp-json\/wp\/v2\/media\/2831"}],"wp:attachment":[{"href":"https:\/\/www.cphmc.com\/da\/wp-json\/wp\/v2\/media?parent=2814"}],"wp:term":[{"taxonomy":"product_brand","embeddable":true,"href":"https:\/\/www.cphmc.com\/da\/wp-json\/wp\/v2\/product_brand?post=2814"},{"taxonomy":"product_cat","embeddable":true,"href":"https:\/\/www.cphmc.com\/da\/wp-json\/wp\/v2\/product_cat?post=2814"},{"taxonomy":"product_tag","embeddable":true,"href":"https:\/\/www.cphmc.com\/da\/wp-json\/wp\/v2\/product_tag?post=2814"},{"taxonomy":"woo-feed-brand","embeddable":true,"href":"https:\/\/www.cphmc.com\/da\/wp-json\/wp\/v2\/woo-feed-brand?post=2814"}],"curies":[{"name":"wp","href":"https:\/\/api.w.org\/{rel}","templated":true}]}}