{"id":2853,"date":"2022-03-13T19:20:11","date_gmt":"2022-03-13T18:20:11","guid":{"rendered":"https:\/\/www.cphmc.com\/?post_type=product&#038;p=2853"},"modified":"2022-03-13T19:24:15","modified_gmt":"2022-03-13T18:24:15","slug":"tractech-evo-4-leather-gloves-black","status":"publish","type":"product","link":"https:\/\/www.cphmc.com\/da\/mc-clothing\/gloves\/leather-gloves\/tractech-evo-4-leather-gloves-black\/","title":{"rendered":"Tractech Evo 4"},"content":{"rendered":"<p>Bygget med Kevlar\u2122 - TracTech Evo 4-handsken kombinerer det bedste fra tidligere TracTech-handsker med flere funktioner for en fremragende pasform, komfort og beskyttelse.<\/p>\n<p>Handsken er lavet af b\u00e5de fuldnarvet oksel\u00e6der og k\u00e6ngurul\u00e6der og har en CE Level 2 Carbon Knuckle Protector for st\u00f8dbeskyttelse. DuPont\u2122 Kevlar\u00ae Fiber p\u00e5 h\u00e5ndflades\u00f8mmen og underlaget sammen med dobbeltlags k\u00e6ngurul\u00e6der og en RST-h\u00e5ndfladeskyder beskytter h\u00e5ndfladen i tilf\u00e6lde af en h\u00f8jhastighedsglidning, mens den dobbelte h\u00e5ndleds- og manchetlukning giver en sikker pasform. DuPont\u2122 Kevlar\u00ae-for i resten af handsken forhindrer rivning, og elastiske sammenf\u00f8jede fingre for at forhindre &quot;fingerrulle&quot; uden at p\u00e5virke r\u00e6kkevidden eller fleksibiliteten, n\u00e5r du skifter gear.<\/p>\n<p>Handsken har en perforeret ydre for at maksimere luftgennemstr\u00f8mningen, digitale l\u00e6derpaneler p\u00e5 h\u00e5ndfladen og pegefingrene for at forbedre grebet, et memory skumpanel p\u00e5 bagsiden af h\u00e5nden for at hj\u00e6lpe med komfort og st\u00f8tte, med forbuede fingre, der passer til h\u00e5ndens kontur p\u00e5 styret. TracTech Evo 4 Glove giver ingen kompromiser \u2013 h\u00f8jtydende racerhandske til hurtige ryttere.<\/p>\n<p>&nbsp;<\/p>\n<p><strong>Rustning<\/strong><\/p>\n<ul>\n<li>Kn\u00f8beskyttelse: Carbon<\/li>\n<li>Fingerbeskyttelse: Sammenh\u00e6ngende lillefinger<\/li>\n<li>Tommelfingerbeskyttelse: Ja<\/li>\n<li>Palm Slider: Ja<\/li>\n<\/ul>\n<p><strong>Konstruktion<\/strong><\/p>\n<ul>\n<li>Hovedydermateriale: Fuldnarvet l\u00e6der<\/li>\n<li>Sekund\u00e6rt ydre materiale: K\u00e6ngurul\u00e6der<\/li>\n<li>Forst\u00e6rkning: DuPont\u2122 Kevlar\u00ae Fiber<\/li>\n<li>Udsyede fingre: Ja<\/li>\n<li>Forbuede fingre: Ja<\/li>\n<li>Manchet lukning: krog &amp; l\u00f8kke dobbelt h\u00e5ndleds lukning<\/li>\n<li>Ventilation: Perforeret l\u00e6der<\/li>\n<\/ul>\n<p><strong>Egenskaber og fordele<\/strong><\/p>\n<ul>\n<li>Dobbeltlags l\u00e6derh\u00e5ndflade: Ja<\/li>\n<li>Palm Slider: Ja<\/li>\n<li>Finger Motion Panels: Ja<\/li>\n<\/ul>","protected":false},"excerpt":{"rendered":"<p>Bygget med Kevlar\u2122 - TracTech Evo 4-handsken kombinerer det bedste fra tidligere TracTech-handsker med flere funktioner for en fremragende pasform, komfort og beskyttelse.<\/p>\n<ul>\n<li>Kn\u00f8beskyttelse: Carbon<\/li>\n<li>Fingerbeskyttelse: Sammenh\u00e6ngende lillefinger<\/li>\n<li>Hovedydermateriale: Fuldnarvet l\u00e6der<\/li>\n<li>Sekund\u00e6rt ydre materiale: K\u00e6ngurul\u00e6der<\/li>\n<li>Forst\u00e6rkning: DuPont\u2122 Kevlar\u00ae Fiber<\/li>\n<\/ul>","protected":false},"featured_media":2854,"comment_status":"closed","ping_status":"closed","template":"","meta":{"_relevanssi_hide_post":"","_relevanssi_hide_content":"","_relevanssi_pin_for_all":"","_relevanssi_pin_keywords":"","_relevanssi_unpin_keywords":"","_relevanssi_related_keywords":"","_relevanssi_related_include_ids":"","_relevanssi_related_exclude_ids":"","_relevanssi_related_no_append":"","_relevanssi_related_not_related":"","_relevanssi_related_posts":"","_relevanssi_noindex_reason":""},"product_brand":[],"product_cat":[52,93,56],"product_tag":[],"woo-feed-brand":[],"class_list":{"0":"post-2853","1":"product","2":"type-product","3":"status-publish","4":"has-post-thumbnail","6":"product_cat-gloves","7":"product_cat-leather-gloves","8":"product_cat-mc-clothing","10":"first","11":"instock","12":"taxable","13":"shipping-taxable","14":"purchasable","15":"product-type-variable"},"_links":{"self":[{"href":"https:\/\/www.cphmc.com\/da\/wp-json\/wp\/v2\/product\/2853","targetHints":{"allow":["GET"]}}],"collection":[{"href":"https:\/\/www.cphmc.com\/da\/wp-json\/wp\/v2\/product"}],"about":[{"href":"https:\/\/www.cphmc.com\/da\/wp-json\/wp\/v2\/types\/product"}],"replies":[{"embeddable":true,"href":"https:\/\/www.cphmc.com\/da\/wp-json\/wp\/v2\/comments?post=2853"}],"wp:featuredmedia":[{"embeddable":true,"href":"https:\/\/www.cphmc.com\/da\/wp-json\/wp\/v2\/media\/2854"}],"wp:attachment":[{"href":"https:\/\/www.cphmc.com\/da\/wp-json\/wp\/v2\/media?parent=2853"}],"wp:term":[{"taxonomy":"product_brand","embeddable":true,"href":"https:\/\/www.cphmc.com\/da\/wp-json\/wp\/v2\/product_brand?post=2853"},{"taxonomy":"product_cat","embeddable":true,"href":"https:\/\/www.cphmc.com\/da\/wp-json\/wp\/v2\/product_cat?post=2853"},{"taxonomy":"product_tag","embeddable":true,"href":"https:\/\/www.cphmc.com\/da\/wp-json\/wp\/v2\/product_tag?post=2853"},{"taxonomy":"woo-feed-brand","embeddable":true,"href":"https:\/\/www.cphmc.com\/da\/wp-json\/wp\/v2\/woo-feed-brand?post=2853"}],"curies":[{"name":"wp","href":"https:\/\/api.w.org\/{rel}","templated":true}]}}