{"id":2965,"date":"2022-06-06T20:21:28","date_gmt":"2022-06-06T18:21:28","guid":{"rendered":"https:\/\/www.cphmc.com\/?post_type=product&#038;p=2965"},"modified":"2022-06-07T09:13:34","modified_gmt":"2022-06-07T07:13:34","slug":"paragon-waterproof","status":"publish","type":"product","link":"https:\/\/www.cphmc.com\/da\/mc-clothing\/gloves\/leather-gloves\/paragon-waterproof\/","title":{"rendered":"Paragon Waterproof"},"content":{"rendered":"<p>Hvis du leder efter den bedste vandt\u00e6tte motorcykelhandske til m\u00e6nd til vinteren, s\u00e5 led ikke l\u00e6ngere. Der er en visirvisker p\u00e5 b\u00e5de venstre og h\u00f8jre h\u00e5nd og nyder godt af en digital pegefinger med touchsk\u00e6rm.<\/p>\n<ul>\n<li>Knuckle Protector: Maxtex Covered TPU<\/li>\n<li>Vigtigste ydre materiale: Premium fuldkornet tromme garvet oksehud<\/li>\n<li>Sekund\u00e6rt materiale: Maxtex<\/li>\n<li>Vandt\u00e6t foring: Hipora vandt\u00e6t \u00e5ndbar membran<\/li>\n<li>Forst\u00e6rkning: Dobbeltlag i Palm<\/li>\n<li>Manchetlukning: Manchetlukning med sn\u00f8re<\/li>\n<li>Refleksdetaljer: Ja \u2013 Reflekslogoer<\/li>\n<li>Digitalt l\u00e6der: Smart Touch<\/li>\n<li>Visirvisker: Venstre &amp; H\u00f8jre<\/li>\n<\/ul>","protected":false},"excerpt":{"rendered":"<ul>\n<li>Knuckle Protector: Maxtex Covered TPU<\/li>\n<li>Vigtigste ydre materiale: Premium fuldkornet tromme garvet oksehud<\/li>\n<li>Sekund\u00e6rt materiale: Maxtex<\/li>\n<li>Vandt\u00e6t foring: Hipora vandt\u00e6t \u00e5ndbar membran<\/li>\n<li>Forst\u00e6rkning: Dobbeltlag i Palm<\/li>\n<li>Digitalt l\u00e6der: Smart Touch<\/li>\n<li>Visirvisker: Venstre &amp; H\u00f8jre<\/li>\n<\/ul>","protected":false},"featured_media":3089,"comment_status":"closed","ping_status":"closed","template":"","meta":{"_relevanssi_hide_post":"","_relevanssi_hide_content":"","_relevanssi_pin_for_all":"","_relevanssi_pin_keywords":"","_relevanssi_unpin_keywords":"","_relevanssi_related_keywords":"","_relevanssi_related_include_ids":"","_relevanssi_related_exclude_ids":"","_relevanssi_related_no_append":"","_relevanssi_related_not_related":"","_relevanssi_related_posts":"","_relevanssi_noindex_reason":""},"product_brand":[],"product_cat":[52,93,56,94],"product_tag":[],"woo-feed-brand":[],"class_list":{"0":"post-2965","1":"product","2":"type-product","3":"status-publish","4":"has-post-thumbnail","6":"product_cat-gloves","7":"product_cat-leather-gloves","8":"product_cat-mc-clothing","9":"product_cat-textile-gloves","11":"first","12":"instock","13":"taxable","14":"shipping-taxable","15":"purchasable","16":"product-type-variable"},"_links":{"self":[{"href":"https:\/\/www.cphmc.com\/da\/wp-json\/wp\/v2\/product\/2965","targetHints":{"allow":["GET"]}}],"collection":[{"href":"https:\/\/www.cphmc.com\/da\/wp-json\/wp\/v2\/product"}],"about":[{"href":"https:\/\/www.cphmc.com\/da\/wp-json\/wp\/v2\/types\/product"}],"replies":[{"embeddable":true,"href":"https:\/\/www.cphmc.com\/da\/wp-json\/wp\/v2\/comments?post=2965"}],"wp:featuredmedia":[{"embeddable":true,"href":"https:\/\/www.cphmc.com\/da\/wp-json\/wp\/v2\/media\/3089"}],"wp:attachment":[{"href":"https:\/\/www.cphmc.com\/da\/wp-json\/wp\/v2\/media?parent=2965"}],"wp:term":[{"taxonomy":"product_brand","embeddable":true,"href":"https:\/\/www.cphmc.com\/da\/wp-json\/wp\/v2\/product_brand?post=2965"},{"taxonomy":"product_cat","embeddable":true,"href":"https:\/\/www.cphmc.com\/da\/wp-json\/wp\/v2\/product_cat?post=2965"},{"taxonomy":"product_tag","embeddable":true,"href":"https:\/\/www.cphmc.com\/da\/wp-json\/wp\/v2\/product_tag?post=2965"},{"taxonomy":"woo-feed-brand","embeddable":true,"href":"https:\/\/www.cphmc.com\/da\/wp-json\/wp\/v2\/woo-feed-brand?post=2965"}],"curies":[{"name":"wp","href":"https:\/\/api.w.org\/{rel}","templated":true}]}}