{"id":3249,"date":"2022-06-09T23:21:06","date_gmt":"2022-06-09T21:21:06","guid":{"rendered":"https:\/\/www.cphmc.com\/?post_type=product&#038;p=3249"},"modified":"2023-06-14T12:59:50","modified_gmt":"2023-06-14T10:59:50","slug":"topanga-brown","status":"publish","type":"product","link":"https:\/\/www.cphmc.com\/da\/mc-clothing\/jackets-vests\/leather-jackets\/topanga-brown\/","title":{"rendered":"Topanga \u2013 Brun"},"content":{"rendered":"","protected":false},"excerpt":{"rendered":"<div class=\"row\">\n<div class=\"col-xs-12\">\n<ul class=\"product-features\">\n<li class=\"\">F\u00f8rsteklasses l\u00e6der-hovedchassis konstrueret af b\u00f8ffelolie-t\u00f8mmerl\u00e6der.<\/li>\n<li class=\"\">Nylonforst\u00e6rket stretchstof med spandex for rytterkomfort.<\/li>\n<li class=\"\">Alpinestars Nucleon Flex Plus rustning p\u00e5 skuldre og albue.<\/li>\n<li class=\"\">600 Denier polystof forst\u00e6rkning p\u00e5 skulder og albuer for ekstra slidstyrke og rivemodstand.<\/li>\n<li class=\"\">To lynl\u00e5slommer og to elastiske inderlommer for sikker opbevaring.<\/li>\n<\/ul>\n<\/div>\n<\/div>","protected":false},"featured_media":3288,"comment_status":"closed","ping_status":"closed","template":"","meta":{"_relevanssi_hide_post":"","_relevanssi_hide_content":"","_relevanssi_pin_for_all":"","_relevanssi_pin_keywords":"","_relevanssi_unpin_keywords":"","_relevanssi_related_keywords":"","_relevanssi_related_include_ids":"","_relevanssi_related_exclude_ids":"","_relevanssi_related_no_append":"","_relevanssi_related_not_related":"","_relevanssi_related_posts":"","_relevanssi_noindex_reason":""},"product_brand":[],"product_cat":[53,95,56],"product_tag":[],"woo-feed-brand":[],"class_list":{"0":"post-3249","1":"product","2":"type-product","3":"status-publish","4":"has-post-thumbnail","6":"product_cat-jackets-vests","7":"product_cat-leather-jackets","8":"product_cat-mc-clothing","10":"first","11":"instock","12":"taxable","13":"shipping-taxable","14":"purchasable","15":"product-type-variable"},"_links":{"self":[{"href":"https:\/\/www.cphmc.com\/da\/wp-json\/wp\/v2\/product\/3249","targetHints":{"allow":["GET"]}}],"collection":[{"href":"https:\/\/www.cphmc.com\/da\/wp-json\/wp\/v2\/product"}],"about":[{"href":"https:\/\/www.cphmc.com\/da\/wp-json\/wp\/v2\/types\/product"}],"replies":[{"embeddable":true,"href":"https:\/\/www.cphmc.com\/da\/wp-json\/wp\/v2\/comments?post=3249"}],"wp:featuredmedia":[{"embeddable":true,"href":"https:\/\/www.cphmc.com\/da\/wp-json\/wp\/v2\/media\/3288"}],"wp:attachment":[{"href":"https:\/\/www.cphmc.com\/da\/wp-json\/wp\/v2\/media?parent=3249"}],"wp:term":[{"taxonomy":"product_brand","embeddable":true,"href":"https:\/\/www.cphmc.com\/da\/wp-json\/wp\/v2\/product_brand?post=3249"},{"taxonomy":"product_cat","embeddable":true,"href":"https:\/\/www.cphmc.com\/da\/wp-json\/wp\/v2\/product_cat?post=3249"},{"taxonomy":"product_tag","embeddable":true,"href":"https:\/\/www.cphmc.com\/da\/wp-json\/wp\/v2\/product_tag?post=3249"},{"taxonomy":"woo-feed-brand","embeddable":true,"href":"https:\/\/www.cphmc.com\/da\/wp-json\/wp\/v2\/woo-feed-brand?post=3249"}],"curies":[{"name":"wp","href":"https:\/\/api.w.org\/{rel}","templated":true}]}}