{"id":3251,"date":"2022-06-09T23:21:07","date_gmt":"2022-06-09T21:21:07","guid":{"rendered":"https:\/\/www.cphmc.com\/?post_type=product&#038;p=3251"},"modified":"2023-06-14T12:59:47","modified_gmt":"2023-06-14T10:59:47","slug":"gp-plus-r-v3-black","status":"publish","type":"product","link":"https:\/\/www.cphmc.com\/da\/mc-clothing\/jackets-vests\/leather-jackets\/gp-plus-r-v3-black\/","title":{"rendered":"GP Plus R v3 Sort"},"content":{"rendered":"<ul>\n<li>Premium l\u00e6der hovedchassis konstrueret af 1,3 mm \u00e6gte bovint l\u00e6der med High Resistant Stretch Fabric (HRSF) strategisk placeret for komfort<\/li>\n<li>Alpinestars Nucleon Flex Plus panser p\u00e5 skulder og albue (Alpinestars Nucleon rygbeskytter og Nucleon KR-Ci brystbeskytter f\u00e5s som tilbeh\u00f8rsopgradering, s\u00e6lges separat)<\/li>\n<li>Harmonikapanel p\u00e5 ryg og skulder med HRSF polyamid stretchmateriale p\u00e5 \u00e6rmet for en optimeret pasform og ydeevne<\/li>\n<li>Taljejustering for det h\u00f8jeste niveau af komfort<\/li>\n<li>Lynl\u00e5s foran og l\u00e6derkravelukning for en sikker lukning<\/li>\n<li>Lav profilkrave med bl\u00f8de kanter og 3D mesh indre komfortstof for \u00f8get rytterkomfort<\/li>\n<li>To h\u00e5ndlommer med lynl\u00e5s, to indvendige lommer og en indvendig vandt\u00e6t dokumentlomme til sikker og sikker opbevaring<\/li>\n<li>Ventilation med lynl\u00e5s for forbedret luftgennemstr\u00f8mning<\/li>\n<li>Reflekterende indsats<\/li>\n<\/ul>","protected":false},"excerpt":{"rendered":"<ul>\n<li>F\u00f8rsteklasses l\u00e6der-hovedchassis fra bovint l\u00e6der<\/li>\n<li>H\u00f8jt modstandsdygtigt str\u00e6kstof for komfort<\/li>\n<li>Alpinestars Nucleon Flex Plus rustning p\u00e5 skulder og albue<\/li>\n<li>Lav profilkrave med bl\u00f8de kanter og 3D mesh indre komfortstof for \u00f8get rytterkomfort<\/li>\n<li>To h\u00e5ndlommer med lynl\u00e5s, to inderlommer og en indvendig vandt\u00e6t dokumentlomme<\/li>\n<\/ul>","protected":false},"featured_media":3297,"comment_status":"closed","ping_status":"closed","template":"","meta":{"_relevanssi_hide_post":"","_relevanssi_hide_content":"","_relevanssi_pin_for_all":"","_relevanssi_pin_keywords":"","_relevanssi_unpin_keywords":"","_relevanssi_related_keywords":"","_relevanssi_related_include_ids":"","_relevanssi_related_exclude_ids":"","_relevanssi_related_no_append":"","_relevanssi_related_not_related":"","_relevanssi_related_posts":"","_relevanssi_noindex_reason":""},"product_brand":[],"product_cat":[53,95,56],"product_tag":[],"woo-feed-brand":[],"class_list":{"0":"post-3251","1":"product","2":"type-product","3":"status-publish","4":"has-post-thumbnail","6":"product_cat-jackets-vests","7":"product_cat-leather-jackets","8":"product_cat-mc-clothing","10":"first","11":"instock","12":"sale","13":"taxable","14":"shipping-taxable","15":"purchasable","16":"product-type-variable"},"_links":{"self":[{"href":"https:\/\/www.cphmc.com\/da\/wp-json\/wp\/v2\/product\/3251","targetHints":{"allow":["GET"]}}],"collection":[{"href":"https:\/\/www.cphmc.com\/da\/wp-json\/wp\/v2\/product"}],"about":[{"href":"https:\/\/www.cphmc.com\/da\/wp-json\/wp\/v2\/types\/product"}],"replies":[{"embeddable":true,"href":"https:\/\/www.cphmc.com\/da\/wp-json\/wp\/v2\/comments?post=3251"}],"wp:featuredmedia":[{"embeddable":true,"href":"https:\/\/www.cphmc.com\/da\/wp-json\/wp\/v2\/media\/3297"}],"wp:attachment":[{"href":"https:\/\/www.cphmc.com\/da\/wp-json\/wp\/v2\/media?parent=3251"}],"wp:term":[{"taxonomy":"product_brand","embeddable":true,"href":"https:\/\/www.cphmc.com\/da\/wp-json\/wp\/v2\/product_brand?post=3251"},{"taxonomy":"product_cat","embeddable":true,"href":"https:\/\/www.cphmc.com\/da\/wp-json\/wp\/v2\/product_cat?post=3251"},{"taxonomy":"product_tag","embeddable":true,"href":"https:\/\/www.cphmc.com\/da\/wp-json\/wp\/v2\/product_tag?post=3251"},{"taxonomy":"woo-feed-brand","embeddable":true,"href":"https:\/\/www.cphmc.com\/da\/wp-json\/wp\/v2\/woo-feed-brand?post=3251"}],"curies":[{"name":"wp","href":"https:\/\/api.w.org\/{rel}","templated":true}]}}