{"id":3255,"date":"2022-06-09T23:21:08","date_gmt":"2022-06-09T21:21:08","guid":{"rendered":"https:\/\/www.cphmc.com\/?post_type=product&#038;p=3255"},"modified":"2023-06-14T12:59:45","modified_gmt":"2023-06-14T10:59:45","slug":"t-jaws-v3-waterproof-black","status":"publish","type":"product","link":"https:\/\/www.cphmc.com\/da\/mc-clothing\/jackets-vests\/textile-jackets\/t-jaws-v3-waterproof-black\/","title":{"rendered":"T-Jaws v3 Vandt\u00e6t \u2013 Sort"},"content":{"rendered":"<ul>\n<li>Multi-stof skalkonstruktion med avanceret polytekstil og store str\u00e6kpaneler for ydeevne og komfort<\/li>\n<li>GP Lite skulderforst\u00e6rkninger for yderligere st\u00f8dbeskyttelse<\/li>\n<li>Vandt\u00e6t fast membran til beskyttelse og ydeevne i al slags vejr<\/li>\n<li>Aftagelig Primaloft termisk liner for varme uden bulk. Ogs\u00e5 meget \u00e5ndbar, let og pakbar<\/li>\n<li>Omfattende str\u00e6kmateriale p\u00e5 indersiden af \u00e6rmet, skulderbladet og ergonomisk panel p\u00e5 brystet for komfort, fleksibilitet og en perfekt pasform<\/li>\n<li>CE Kategori II PPE-forordning (EU) 2016\/425 \u2013 A-klasse<\/li>\n<li>CE Level 2 EN 1621-2:2014 Alpinestars Nucleon rygbeskytter<\/li>\n<li>CE Level 1 EN 1621-1:2012 Alpinestars GP Lite skulderbeskyttere<\/li>\n<\/ul>","protected":false},"excerpt":{"rendered":"<ul>\n<li>Multi-stof skalkonstruktion med avanceret polytekstil og store str\u00e6kpaneler for ydeevne og komfort<\/li>\n<li>GP Lite skulderforst\u00e6rkninger for yderligere st\u00f8dbeskyttelse<\/li>\n<li>Vandt\u00e6t fast membran til beskyttelse og ydeevne i al slags vejr<\/li>\n<li>Aftagelig Primaloft termisk liner for varme uden bulk.<\/li>\n<li>Omfattende stretchmateriale p\u00e5 inder\u00e6rmet, skulderbladet og ergonomisk panel<\/li>\n<\/ul>","protected":false},"featured_media":3405,"comment_status":"closed","ping_status":"closed","template":"","meta":{"_relevanssi_hide_post":"","_relevanssi_hide_content":"","_relevanssi_pin_for_all":"","_relevanssi_pin_keywords":"","_relevanssi_unpin_keywords":"","_relevanssi_related_keywords":"","_relevanssi_related_include_ids":"","_relevanssi_related_exclude_ids":"","_relevanssi_related_no_append":"","_relevanssi_related_not_related":"","_relevanssi_related_posts":"","_relevanssi_noindex_reason":""},"product_brand":[],"product_cat":[96,53,56,98],"product_tag":[],"woo-feed-brand":[],"class_list":{"0":"post-3255","1":"product","2":"type-product","3":"status-publish","4":"has-post-thumbnail","6":"product_cat-textile-jackets","7":"product_cat-jackets-vests","8":"product_cat-mc-clothing","9":"product_cat-summer-jackets","11":"first","12":"instock","13":"taxable","14":"shipping-taxable","15":"purchasable","16":"product-type-variable"},"_links":{"self":[{"href":"https:\/\/www.cphmc.com\/da\/wp-json\/wp\/v2\/product\/3255","targetHints":{"allow":["GET"]}}],"collection":[{"href":"https:\/\/www.cphmc.com\/da\/wp-json\/wp\/v2\/product"}],"about":[{"href":"https:\/\/www.cphmc.com\/da\/wp-json\/wp\/v2\/types\/product"}],"replies":[{"embeddable":true,"href":"https:\/\/www.cphmc.com\/da\/wp-json\/wp\/v2\/comments?post=3255"}],"wp:featuredmedia":[{"embeddable":true,"href":"https:\/\/www.cphmc.com\/da\/wp-json\/wp\/v2\/media\/3405"}],"wp:attachment":[{"href":"https:\/\/www.cphmc.com\/da\/wp-json\/wp\/v2\/media?parent=3255"}],"wp:term":[{"taxonomy":"product_brand","embeddable":true,"href":"https:\/\/www.cphmc.com\/da\/wp-json\/wp\/v2\/product_brand?post=3255"},{"taxonomy":"product_cat","embeddable":true,"href":"https:\/\/www.cphmc.com\/da\/wp-json\/wp\/v2\/product_cat?post=3255"},{"taxonomy":"product_tag","embeddable":true,"href":"https:\/\/www.cphmc.com\/da\/wp-json\/wp\/v2\/product_tag?post=3255"},{"taxonomy":"woo-feed-brand","embeddable":true,"href":"https:\/\/www.cphmc.com\/da\/wp-json\/wp\/v2\/woo-feed-brand?post=3255"}],"curies":[{"name":"wp","href":"https:\/\/api.w.org\/{rel}","templated":true}]}}