{"id":3258,"date":"2022-06-09T23:21:09","date_gmt":"2022-06-09T21:21:09","guid":{"rendered":"https:\/\/www.cphmc.com\/?post_type=product&#038;p=3258"},"modified":"2023-06-14T12:59:42","modified_gmt":"2023-06-14T10:59:42","slug":"t-sps-air-white","status":"publish","type":"product","link":"https:\/\/www.cphmc.com\/da\/mc-clothing\/jackets-vests\/summer-jackets\/t-sps-air-white\/","title":{"rendered":"T-SPS Air \u2013 Hvid"},"content":{"rendered":"<ul>\n<li>Chassis konstrueret af slidst\u00e6rkt 600 denier polyester med dobbelt polyurethanbel\u00e6gning for ekstra beskyttelse.<\/li>\n<li>Store mesh-paneler foran, bagp\u00e5 og under armene for optimerede niveauer af luftstr\u00f8m.<\/li>\n<li>600 Denier polyester intern forst\u00e6rkning p\u00e5 skuldre og albuer for ekstra slidstyrke.<\/li>\n<li>To frontlommer med lynl\u00e5s, indvendig vandt\u00e6t dokumentlomme og to indvendige lommer p\u00e5 foret<\/li>\n<li>CE Kategori II PPE-forordning (EU) 2016\/425 \u2013 A-klasse<\/li>\n<li>CE Level 1 EN1621-1:2012 Alpinestars Nucleon Flex Plus skulder- og albuebeskyttere<\/li>\n<\/ul>","protected":false},"excerpt":{"rendered":"<ul>\n<li>Chassis konstrueret af slidst\u00e6rkt 600 denier polyester med dobbelt polyurethanbel\u00e6gning for ekstra beskyttelse.<\/li>\n<li>Store mesh-paneler foran, bagp\u00e5 og under armene for optimerede niveauer af luftstr\u00f8m.<\/li>\n<li>600 Denier polyester intern forst\u00e6rkning p\u00e5 skuldre og albuer for ekstra slidstyrke.<\/li>\n<li>To frontlommer med lynl\u00e5s, indvendig vandt\u00e6t dokumentlomme og to indvendige lommer p\u00e5 foret<\/li>\n<li>CE Kategori II PPE-forordning (EU) 2016\/425 \u2013 A-klasse<\/li>\n<li>CE Level 1 EN1621-1:2012 Alpinestars Nucleon Flex Plus skulder- og albuebeskyttere<\/li>\n<\/ul>","protected":false},"featured_media":3369,"comment_status":"closed","ping_status":"closed","template":"","meta":{"_relevanssi_hide_post":"","_relevanssi_hide_content":"","_relevanssi_pin_for_all":"","_relevanssi_pin_keywords":"","_relevanssi_unpin_keywords":"","_relevanssi_related_keywords":"","_relevanssi_related_include_ids":"","_relevanssi_related_exclude_ids":"","_relevanssi_related_no_append":"","_relevanssi_related_not_related":"","_relevanssi_related_posts":"","_relevanssi_noindex_reason":""},"product_brand":[],"product_cat":[53,56,98,96],"product_tag":[],"woo-feed-brand":[],"class_list":{"0":"post-3258","1":"product","2":"type-product","3":"status-publish","4":"has-post-thumbnail","6":"product_cat-jackets-vests","7":"product_cat-mc-clothing","8":"product_cat-summer-jackets","9":"product_cat-textile-jackets","11":"first","12":"instock","13":"taxable","14":"shipping-taxable","15":"purchasable","16":"product-type-variable"},"_links":{"self":[{"href":"https:\/\/www.cphmc.com\/da\/wp-json\/wp\/v2\/product\/3258","targetHints":{"allow":["GET"]}}],"collection":[{"href":"https:\/\/www.cphmc.com\/da\/wp-json\/wp\/v2\/product"}],"about":[{"href":"https:\/\/www.cphmc.com\/da\/wp-json\/wp\/v2\/types\/product"}],"replies":[{"embeddable":true,"href":"https:\/\/www.cphmc.com\/da\/wp-json\/wp\/v2\/comments?post=3258"}],"wp:featuredmedia":[{"embeddable":true,"href":"https:\/\/www.cphmc.com\/da\/wp-json\/wp\/v2\/media\/3369"}],"wp:attachment":[{"href":"https:\/\/www.cphmc.com\/da\/wp-json\/wp\/v2\/media?parent=3258"}],"wp:term":[{"taxonomy":"product_brand","embeddable":true,"href":"https:\/\/www.cphmc.com\/da\/wp-json\/wp\/v2\/product_brand?post=3258"},{"taxonomy":"product_cat","embeddable":true,"href":"https:\/\/www.cphmc.com\/da\/wp-json\/wp\/v2\/product_cat?post=3258"},{"taxonomy":"product_tag","embeddable":true,"href":"https:\/\/www.cphmc.com\/da\/wp-json\/wp\/v2\/product_tag?post=3258"},{"taxonomy":"woo-feed-brand","embeddable":true,"href":"https:\/\/www.cphmc.com\/da\/wp-json\/wp\/v2\/woo-feed-brand?post=3258"}],"curies":[{"name":"wp","href":"https:\/\/api.w.org\/{rel}","templated":true}]}}