{"id":3276,"date":"2022-06-09T23:21:17","date_gmt":"2022-06-09T21:21:17","guid":{"rendered":"https:\/\/www.cphmc.com\/?post_type=product&#038;p=3276"},"modified":"2023-06-14T12:59:38","modified_gmt":"2023-06-14T10:59:38","slug":"ketchum-gore-tex","status":"publish","type":"product","link":"https:\/\/www.cphmc.com\/da\/mc-clothing\/jackets-vests\/textile-jackets\/ketchum-gore-tex\/","title":{"rendered":"Ketchum Gore-Tex"},"content":{"rendered":"<ul>\n<li>Tech-Air\u00ae 5 klar<\/li>\n<li>Letv\u00e6gtsdesign og lette materialer giver lav v\u00e6gt og fremragende beskyttelse mod elementerne, mens det teknisk avancerede stof giver enest\u00e5ende slidstyrke<\/li>\n<li>GP Lite skuldersk\u00e5l til effektiv beskyttelse mod st\u00f8d<\/li>\n<li>Forl\u00e6nget turl\u00e6ngde bagtil udvidet d\u00e6kning under ridning<\/li>\n<li>Let at \u00e5bne, -sikre og -lukke direkte ventilationsporte for h\u00f8je niveauer af luftstr\u00f8m<\/li>\n<li>Diskrete, skjulte ventilationsporte for forbedret \u00e5ndbarhed og bagventilationsporte med st\u00f8dsnor for nem \u00e5bning<\/li>\n<li>Aftagelig termojakke g\u00f8r det muligt at tilpasse jakken til enhver vejrforholdErgonomiske str\u00e6kpaneler omkring armhulen for forbedret pasform og rytterkomfort<\/li>\n<li>Magnetisk indgreb med stor tand lynl\u00e5s for brugervenlighed<\/li>\n<li>Seks lommer til praktisk og sikker opbevaring<\/li>\n<li>Arm- og taljejusteringsmekanisme sikrer den optimale pasform under ridning<\/li>\n<li>Reflekterende detaljer<\/li>\n<li>CE Kategori II PPE regulativ prEN17092 \u2013 AA klasse<\/li>\n<li>CE Level 2 EN1621-2:2014 Alpinestars Nucleon rygbeskytter, tilg\u00e6ngelig som tilbeh\u00f8rsopgradering<\/li>\n<li>CE Level 2 EN1621-1:2012 Alpinestars Nucleon Flex Plus skulder- og albuebeskyttere<\/li>\n<\/ul>","protected":false},"excerpt":{"rendered":"<ul>\n<li>Tech-Air\u00ae 5 klar<\/li>\n<li>Letv\u00e6gtsdesign<\/li>\n<li>Aftagelig termojakke g\u00f8r, at jakken kan tilpasses enhver vejrforhold<\/li>\n<li>Ergonomiske stretchpaneler omkring armhulen for forbedret pasform og rytterkomfort<\/li>\n<li>Magnetisk indgreb med stor tand lynl\u00e5s for brugervenlighed<\/li>\n<li>Seks lommer til praktisk og sikker opbevaring<\/li>\n<\/ul>","protected":false},"featured_media":3434,"comment_status":"closed","ping_status":"closed","template":"","meta":{"_relevanssi_hide_post":"","_relevanssi_hide_content":"","_relevanssi_pin_for_all":"","_relevanssi_pin_keywords":"","_relevanssi_unpin_keywords":"","_relevanssi_related_keywords":"","_relevanssi_related_include_ids":"","_relevanssi_related_exclude_ids":"","_relevanssi_related_no_append":"","_relevanssi_related_not_related":"","_relevanssi_related_posts":"","_relevanssi_noindex_reason":""},"product_brand":[],"product_cat":[53,56,96],"product_tag":[],"woo-feed-brand":[],"class_list":{"0":"post-3276","1":"product","2":"type-product","3":"status-publish","4":"has-post-thumbnail","6":"product_cat-jackets-vests","7":"product_cat-mc-clothing","8":"product_cat-textile-jackets","10":"first","11":"instock","12":"taxable","13":"shipping-taxable","14":"purchasable","15":"product-type-variable"},"_links":{"self":[{"href":"https:\/\/www.cphmc.com\/da\/wp-json\/wp\/v2\/product\/3276","targetHints":{"allow":["GET"]}}],"collection":[{"href":"https:\/\/www.cphmc.com\/da\/wp-json\/wp\/v2\/product"}],"about":[{"href":"https:\/\/www.cphmc.com\/da\/wp-json\/wp\/v2\/types\/product"}],"replies":[{"embeddable":true,"href":"https:\/\/www.cphmc.com\/da\/wp-json\/wp\/v2\/comments?post=3276"}],"wp:featuredmedia":[{"embeddable":true,"href":"https:\/\/www.cphmc.com\/da\/wp-json\/wp\/v2\/media\/3434"}],"wp:attachment":[{"href":"https:\/\/www.cphmc.com\/da\/wp-json\/wp\/v2\/media?parent=3276"}],"wp:term":[{"taxonomy":"product_brand","embeddable":true,"href":"https:\/\/www.cphmc.com\/da\/wp-json\/wp\/v2\/product_brand?post=3276"},{"taxonomy":"product_cat","embeddable":true,"href":"https:\/\/www.cphmc.com\/da\/wp-json\/wp\/v2\/product_cat?post=3276"},{"taxonomy":"product_tag","embeddable":true,"href":"https:\/\/www.cphmc.com\/da\/wp-json\/wp\/v2\/product_tag?post=3276"},{"taxonomy":"woo-feed-brand","embeddable":true,"href":"https:\/\/www.cphmc.com\/da\/wp-json\/wp\/v2\/woo-feed-brand?post=3276"}],"curies":[{"name":"wp","href":"https:\/\/api.w.org\/{rel}","templated":true}]}}