{"id":3310,"date":"2022-06-10T09:46:17","date_gmt":"2022-06-10T07:46:17","guid":{"rendered":"https:\/\/www.cphmc.com\/?post_type=product&#038;p=3310"},"modified":"2023-06-14T12:58:36","modified_gmt":"2023-06-14T10:58:36","slug":"gp-plus-r-v3-grey","status":"publish","type":"product","link":"https:\/\/www.cphmc.com\/da\/mc-clothing\/jackets-vests\/leather-jackets\/gp-plus-r-v3-grey\/","title":{"rendered":"GP Plus R v3 \u2013 Gr\u00e5"},"content":{"rendered":"","protected":false},"excerpt":{"rendered":"<ul>\n<li>Premium 1,3 mm l\u00e6der med High Resistant Stretch Fabric (HRSF).<\/li>\n<li>Alpinestars Nucleon Flex Plus rustning p\u00e5 skulder og albue.<\/li>\n<li>Harmonikapanel p\u00e5 ryg og skulder med HRSF polyamid for en optimeret pasform og ydeevne.<\/li>\n<li>To h\u00e5ndlommer med lynl\u00e5s, to indvendige lommer og en indvendig vandt\u00e6t dokumentlomme til sikker og sikker opbevaring<\/li>\n<li>Ventilation med lynl\u00e5s for forbedret luftgennemstr\u00f8mning<\/li>\n<li>Reflekterende indsats<\/li>\n<\/ul>","protected":false},"featured_media":3320,"comment_status":"closed","ping_status":"closed","template":"","meta":{"_relevanssi_hide_post":"","_relevanssi_hide_content":"","_relevanssi_pin_for_all":"","_relevanssi_pin_keywords":"","_relevanssi_unpin_keywords":"","_relevanssi_related_keywords":"","_relevanssi_related_include_ids":"","_relevanssi_related_exclude_ids":"","_relevanssi_related_no_append":"","_relevanssi_related_not_related":"","_relevanssi_related_posts":"","_relevanssi_noindex_reason":""},"product_brand":[],"product_cat":[53,95,56],"product_tag":[],"woo-feed-brand":[],"class_list":{"0":"post-3310","1":"product","2":"type-product","3":"status-publish","4":"has-post-thumbnail","6":"product_cat-jackets-vests","7":"product_cat-leather-jackets","8":"product_cat-mc-clothing","10":"first","11":"instock","12":"sale","13":"taxable","14":"shipping-taxable","15":"purchasable","16":"product-type-variable"},"_links":{"self":[{"href":"https:\/\/www.cphmc.com\/da\/wp-json\/wp\/v2\/product\/3310","targetHints":{"allow":["GET"]}}],"collection":[{"href":"https:\/\/www.cphmc.com\/da\/wp-json\/wp\/v2\/product"}],"about":[{"href":"https:\/\/www.cphmc.com\/da\/wp-json\/wp\/v2\/types\/product"}],"replies":[{"embeddable":true,"href":"https:\/\/www.cphmc.com\/da\/wp-json\/wp\/v2\/comments?post=3310"}],"wp:featuredmedia":[{"embeddable":true,"href":"https:\/\/www.cphmc.com\/da\/wp-json\/wp\/v2\/media\/3320"}],"wp:attachment":[{"href":"https:\/\/www.cphmc.com\/da\/wp-json\/wp\/v2\/media?parent=3310"}],"wp:term":[{"taxonomy":"product_brand","embeddable":true,"href":"https:\/\/www.cphmc.com\/da\/wp-json\/wp\/v2\/product_brand?post=3310"},{"taxonomy":"product_cat","embeddable":true,"href":"https:\/\/www.cphmc.com\/da\/wp-json\/wp\/v2\/product_cat?post=3310"},{"taxonomy":"product_tag","embeddable":true,"href":"https:\/\/www.cphmc.com\/da\/wp-json\/wp\/v2\/product_tag?post=3310"},{"taxonomy":"woo-feed-brand","embeddable":true,"href":"https:\/\/www.cphmc.com\/da\/wp-json\/wp\/v2\/woo-feed-brand?post=3310"}],"curies":[{"name":"wp","href":"https:\/\/api.w.org\/{rel}","templated":true}]}}