{"id":3483,"date":"2022-06-12T08:28:18","date_gmt":"2022-06-12T06:28:18","guid":{"rendered":"https:\/\/www.cphmc.com\/?post_type=product&#038;p=3483"},"modified":"2023-06-14T13:13:05","modified_gmt":"2023-06-14T11:13:05","slug":"rst-sabre-airbag-red","status":"publish","type":"product","link":"https:\/\/www.cphmc.com\/da\/mc-clothing\/jackets-vests\/leather-jackets\/rst-sabre-airbag-red\/","title":{"rendered":"RST Sabre Airbag L\u00e6derjakke \u2013 R\u00f8d"},"content":{"rendered":"<p>RST Sabre Airbag L\u00e6derjakke \u2013 R\u00f8d er en kraftig og robust airbagjakke. Den har en sporty kant og er fyldt med funktioner, der giver den bedste pasform.<\/p>\n<p>Lavet af et bl\u00f8dt touch, mat finish, premium tromlefarvet oksel\u00e6der, underst\u00f8ttes jakken af en fire-vejs v\u00e6vet stretch med bev\u00e6gelsespaneler overalt, for maksimal komfort og bev\u00e6gelse, n\u00e5r den b\u00e6res, og is\u00e6r hvis airbaggen er udl\u00f8st.<\/p>\n<p>Faktisk vikler bev\u00e6gelsespanelerne rundt om armene for at give enest\u00e5ende alsidighed og underst\u00f8tte forskellige k\u00f8restilarter.<\/p>\n<p>Hertil kommer den aftagelige quiltede termiske vest med to lommer, fast Quick Dry mesh-for, panel-i-panel-perforering for at holde dig varm og frisk og taljejusteringer, der giver en konturpasform.<\/p>\n<p>Denne jakke overstiger dens AAA CE-klassificering. Og for at toppe dette tilbyder suiten af CE Level 1-panser, tone-i-tone TPU-skuldersk\u00e5le, In&amp;motion airbag-teknologi og reflekterende logo- og stilpaneler ekstra synlighed og kompromisl\u00f8se niveauer af beskyttelse.<\/p>\n<p>Brug 360\u00b0 forbindelseslynl\u00e5sen til at forbinde jakken til ethvert par RST-jeans inklusive Sabre-l\u00e6derjeans. F\u00e5s ogs\u00e5 i en tekstilversion.<\/p>\n<p>CE-klassificering: AAA<\/p>\n<p><strong>Rustning<\/strong><\/p>\n<ul>\n<li>Rygbeskytter: In&amp;motion CE Rygbeskytter niveau 1<\/li>\n<li>Skulderpanser: CE niveau 1<\/li>\n<li>Albuepanser: CE niveau 1<\/li>\n<li>Airbag: In&amp;motion System<\/li>\n<\/ul>\n<p><strong>Konstruktion<\/strong><\/p>\n<ul>\n<li>Hovedydre materiale: Premium trommefarvet oksel\u00e6der<\/li>\n<li>Str\u00e6kmateriale: 4 Way Woven Stretch med bev\u00e6gelsespaneler<\/li>\n<li>Termisk foring: Aftagelig termisk foring<\/li>\n<li>Indvendig foring: Fast Quick Dry Mesh Foring<\/li>\n<li>Manchet: Neopren<\/li>\n<li>Krave: Neopren<\/li>\n<li>Lynl\u00e5se: MAX lynl\u00e5se<\/li>\n<li>Tr\u00e5d: Bonded Nylon<\/li>\n<li>Ventilation: Panel i panelperforeret l\u00e6der<\/li>\n<li>Forbindelse Zip: Ja \u2013 360\u00b0<\/li>\n<\/ul>\n<p><strong>Egenskaber og fordele<\/strong><\/p>\n<ul>\n<li>Justering: Taljejustering<\/li>\n<li>Yderlommer: 2<\/li>\n<li>Indvendige lommer: 1<\/li>\n<li>Reflekterende detalje: Reflekterende r\u00f8r<\/li>\n<li>Fit profil: Sport<\/li>\n<\/ul>\n<p><strong>Hvordan f\u00e5r du det?<br \/>\n<\/strong><\/p>\n<ol>\n<li>K\u00f8b en RST integreret Airbag-bekl\u00e6dning fra en godkendt RST Airbag-forhandler<\/li>\n<li>Modtag <em><strong>I BEV\u00c6GELSE<\/strong><\/em> boks fra din forhandler<\/li>\n<li>Bes\u00f8g <a href=\"https:\/\/my.inemotion.com\" target=\"_blank\" rel=\"noopener\">my.inemotion.com<\/a> for at oprette din konto<\/li>\n<li>Download in&amp;motion-appen<\/li>\n<li>K\u00f8b en medlemspakke: k\u00f8b eller leasing<\/li>\n<li>Aktiver din konto<\/li>\n<li>K\u00f8r sikkert!<\/li>\n<\/ol>","protected":false},"excerpt":{"rendered":"<p>RST Sabre Airbag l\u00e6derjakke i r\u00f8d er lavet af et bl\u00f8dt touch, mat finish, premium tromlefarvet oksel\u00e6der<\/p>\n<p>Jakken er underst\u00f8ttet af en fire-vejs v\u00e6vet stretch med bev\u00e6gelsespaneler overalt, for maksimal komfort og bev\u00e6gelse, n\u00e5r den b\u00e6res og is\u00e6r hvis airbaggen er udl\u00f8st.<\/p>\n<p>Bev\u00e6gelsespaneler vikler sig rundt om armene for at give uovertruffen alsidighed og underst\u00f8tter forskellige k\u00f8restilarter.<\/p>\n<p><a href=\"https:\/\/www.cphmc.com\/wp-content\/uploads\/2022\/01\/rst-size-chart.pdf\" target=\"_blank\" rel=\"noopener\">Download RST st\u00f8rrelsesskema<\/a><\/p>","protected":false},"featured_media":3492,"comment_status":"closed","ping_status":"closed","template":"","meta":{"_relevanssi_hide_post":"","_relevanssi_hide_content":"","_relevanssi_pin_for_all":"","_relevanssi_pin_keywords":"","_relevanssi_unpin_keywords":"","_relevanssi_related_keywords":"","_relevanssi_related_include_ids":"","_relevanssi_related_exclude_ids":"","_relevanssi_related_no_append":"","_relevanssi_related_not_related":"","_relevanssi_related_posts":"","_relevanssi_noindex_reason":""},"product_brand":[],"product_cat":[95,102,53,56,55],"product_tag":[234],"woo-feed-brand":[],"class_list":{"0":"post-3483","1":"product","2":"type-product","3":"status-publish","4":"has-post-thumbnail","6":"product_cat-leather-jackets","7":"product_cat-airbag-jackets-vests","8":"product_cat-jackets-vests","9":"product_cat-mc-clothing","10":"product_cat-safety-equipment","11":"product_tag-airbag","13":"first","14":"instock","15":"taxable","16":"shipping-taxable","17":"purchasable","18":"product-type-variable"},"_links":{"self":[{"href":"https:\/\/www.cphmc.com\/da\/wp-json\/wp\/v2\/product\/3483","targetHints":{"allow":["GET"]}}],"collection":[{"href":"https:\/\/www.cphmc.com\/da\/wp-json\/wp\/v2\/product"}],"about":[{"href":"https:\/\/www.cphmc.com\/da\/wp-json\/wp\/v2\/types\/product"}],"replies":[{"embeddable":true,"href":"https:\/\/www.cphmc.com\/da\/wp-json\/wp\/v2\/comments?post=3483"}],"wp:featuredmedia":[{"embeddable":true,"href":"https:\/\/www.cphmc.com\/da\/wp-json\/wp\/v2\/media\/3492"}],"wp:attachment":[{"href":"https:\/\/www.cphmc.com\/da\/wp-json\/wp\/v2\/media?parent=3483"}],"wp:term":[{"taxonomy":"product_brand","embeddable":true,"href":"https:\/\/www.cphmc.com\/da\/wp-json\/wp\/v2\/product_brand?post=3483"},{"taxonomy":"product_cat","embeddable":true,"href":"https:\/\/www.cphmc.com\/da\/wp-json\/wp\/v2\/product_cat?post=3483"},{"taxonomy":"product_tag","embeddable":true,"href":"https:\/\/www.cphmc.com\/da\/wp-json\/wp\/v2\/product_tag?post=3483"},{"taxonomy":"woo-feed-brand","embeddable":true,"href":"https:\/\/www.cphmc.com\/da\/wp-json\/wp\/v2\/woo-feed-brand?post=3483"}],"curies":[{"name":"wp","href":"https:\/\/api.w.org\/{rel}","templated":true}]}}