{"id":3534,"date":"2022-06-12T09:02:20","date_gmt":"2022-06-12T07:02:20","guid":{"rendered":"https:\/\/www.cphmc.com\/?post_type=product&#038;p=3534"},"modified":"2023-06-14T13:13:00","modified_gmt":"2023-06-14T11:13:00","slug":"adventure-x-airbag-blue-red","status":"publish","type":"product","link":"https:\/\/www.cphmc.com\/da\/mc-clothing\/safety-equipment\/airbag-jackets-vests\/adventure-x-airbag-blue-red\/","title":{"rendered":"Adventure-X Airbag \u2013 Bl\u00e5\/R\u00f8d"},"content":{"rendered":"<p>Adventureridning handler om at tackle ethvert milj\u00f8, du kan forestille dig. Fra vinterens dyb i det skotske h\u00f8jland til at ride p\u00e5 tv\u00e6rs<\/p>\n<p>Sahara midt p\u00e5 sommeren, Adventure \u2013 X er \u00e9n jakke, der kan tage med dig p\u00e5 hele rejsen. RST&#039;s aftagelige foring kombinerer<\/p>\n<p>vandt\u00e6t SinAqua beskyttelse med et indbygget termisk lag, hurtigt og nemt aftageligt og designet til at blive anbragt i baglommen, n\u00e5r det ikke er i brug. De store ventilations\u00e5bninger over hele jakken muligg\u00f8r en enorm luftstr\u00f8m, n\u00e5r den er helt \u00e5ben, og en vandbl\u00e6relomme (bl\u00e6re f\u00e5s separat) kan holde dig hydreret, n\u00e5r det bliver h\u00e5rdt!<\/p>\n<p>Tilf\u00f8j klassens f\u00f8rende sikkerhedsfunktioner af niveau 2-rustning, udvendige skulderskydere og selvf\u00f8lgelig In&amp;motion integreret airbag-teknologi, og du har den ultimative ridejakke!<\/p>\n<p><strong>Rustning<\/strong><\/p>\n<ul>\n<li>CE-certificering: AA<\/li>\n<li>Rygbeskytter: In&amp;motion CE Rygbeskytter<\/li>\n<li>Skulderpanser: CE niveau 2<\/li>\n<li>Albuepanser CE niveau 2<\/li>\n<li>Skuldersk\u00e5l: TPU<\/li>\n<li>Airbag: In&amp;motion System<\/li>\n<\/ul>\n<p><strong>Konstruktion<\/strong><\/p>\n<ul>\n<li>Hovedydre materiale: MaxTex<\/li>\n<li>Sekund\u00e6rt materiale: Ballistisk<\/li>\n<li>Vandt\u00e6t foring: Aftagelig quiltet termisk foring bundet med vandt\u00e6t SinAqua Pro-membran<\/li>\n<li>Indvendig foring: Fixed Comfort Mesh Foring<\/li>\n<li>Lynl\u00e5se: Max lynl\u00e5se<\/li>\n<li>Tr\u00e5d: Coates Bonded Nylon \u2013 Triple Stitched<\/li>\n<li>Ventilation: Bryst-, arm- og bagventiler<\/li>\n<li>Forbindelse Zip: Ja \u2013 360\u00ba<\/li>\n<\/ul>\n<p><strong>Funktioner og fordele<\/strong><\/p>\n<ul>\n<li>Justering: Taljejustering<\/li>\n<li>Aftagelig kortlomme<\/li>\n<li>Yderlomme: 2<\/li>\n<\/ul>\n<p><strong>Hvordan f\u00e5r du det?<br \/>\n<\/strong><\/p>\n<ol>\n<li>K\u00f8b en RST integreret Airbag-bekl\u00e6dning fra en godkendt RST Airbag-forhandler<\/li>\n<li>Modtag <em><strong>I BEV\u00c6GELSE<\/strong><\/em> boks fra din forhandler<\/li>\n<li>Bes\u00f8g <a href=\"https:\/\/my.inemotion.com\" target=\"_blank\" rel=\"noopener\">my.inemotion.com<\/a> for at oprette din konto<\/li>\n<li>Download in&amp;motion-appen<\/li>\n<li>K\u00f8b en medlemspakke: k\u00f8b eller leasing<\/li>\n<li>Aktiver din konto<\/li>\n<li>K\u00f8r sikkert!<\/li>\n<\/ol>","protected":false},"excerpt":{"rendered":"<p>Tilf\u00f8j klassens f\u00f8rende sikkerhedsfunktioner i niveau 2-rustning, udvendige skulderskydere og selvf\u00f8lgelig In&amp;motion integreret airbagteknologi i den ultimative ridejakke!<\/p>\n<ul>\n<li>Hovedydre materiale: MaxTex<\/li>\n<li>Sekund\u00e6rt materiale: Ballistisk<\/li>\n<li>Vandt\u00e6t foring: SinAqua Pro Membrane<\/li>\n<li>Airbag: In&amp;motion System<\/li>\n<li>Rygbeskytter: In&amp;motion CE Rygbeskytter<\/li>\n<\/ul>\n<p><a href=\"https:\/\/www.cphmc.com\/wp-content\/uploads\/2022\/01\/rst-size-chart.pdf\" target=\"_blank\" rel=\"noopener\">Download RST st\u00f8rrelsesskema<\/a><\/p>","protected":false},"featured_media":3543,"comment_status":"closed","ping_status":"closed","template":"","meta":{"_relevanssi_hide_post":"","_relevanssi_hide_content":"","_relevanssi_pin_for_all":"","_relevanssi_pin_keywords":"","_relevanssi_unpin_keywords":"","_relevanssi_related_keywords":"","_relevanssi_related_include_ids":"","_relevanssi_related_exclude_ids":"","_relevanssi_related_no_append":"","_relevanssi_related_not_related":"","_relevanssi_related_posts":"","_relevanssi_noindex_reason":""},"product_brand":[],"product_cat":[102,53,56,55,98,96],"product_tag":[234],"woo-feed-brand":[],"class_list":{"0":"post-3534","1":"product","2":"type-product","3":"status-publish","4":"has-post-thumbnail","6":"product_cat-airbag-jackets-vests","7":"product_cat-jackets-vests","8":"product_cat-mc-clothing","9":"product_cat-safety-equipment","10":"product_cat-summer-jackets","11":"product_cat-textile-jackets","12":"product_tag-airbag","14":"first","15":"instock","16":"taxable","17":"shipping-taxable","18":"purchasable","19":"product-type-variable"},"_links":{"self":[{"href":"https:\/\/www.cphmc.com\/da\/wp-json\/wp\/v2\/product\/3534","targetHints":{"allow":["GET"]}}],"collection":[{"href":"https:\/\/www.cphmc.com\/da\/wp-json\/wp\/v2\/product"}],"about":[{"href":"https:\/\/www.cphmc.com\/da\/wp-json\/wp\/v2\/types\/product"}],"replies":[{"embeddable":true,"href":"https:\/\/www.cphmc.com\/da\/wp-json\/wp\/v2\/comments?post=3534"}],"wp:featuredmedia":[{"embeddable":true,"href":"https:\/\/www.cphmc.com\/da\/wp-json\/wp\/v2\/media\/3543"}],"wp:attachment":[{"href":"https:\/\/www.cphmc.com\/da\/wp-json\/wp\/v2\/media?parent=3534"}],"wp:term":[{"taxonomy":"product_brand","embeddable":true,"href":"https:\/\/www.cphmc.com\/da\/wp-json\/wp\/v2\/product_brand?post=3534"},{"taxonomy":"product_cat","embeddable":true,"href":"https:\/\/www.cphmc.com\/da\/wp-json\/wp\/v2\/product_cat?post=3534"},{"taxonomy":"product_tag","embeddable":true,"href":"https:\/\/www.cphmc.com\/da\/wp-json\/wp\/v2\/product_tag?post=3534"},{"taxonomy":"woo-feed-brand","embeddable":true,"href":"https:\/\/www.cphmc.com\/da\/wp-json\/wp\/v2\/woo-feed-brand?post=3534"}],"curies":[{"name":"wp","href":"https:\/\/api.w.org\/{rel}","templated":true}]}}