{"id":3605,"date":"2022-06-12T10:15:18","date_gmt":"2022-06-12T08:15:18","guid":{"rendered":"https:\/\/www.cphmc.com\/?post_type=product&#038;p=3605"},"modified":"2023-06-14T13:03:24","modified_gmt":"2023-06-14T11:03:24","slug":"adventure-x-boots-black","status":"publish","type":"product","link":"https:\/\/www.cphmc.com\/da\/mc-clothing\/boots\/adventure-boots\/adventure-x-boots-black\/","title":{"rendered":"Adventure-X st\u00f8vler \u2013 sorte"},"content":{"rendered":"<p>Denne st\u00f8vle er blevet redesignet fra bunden og tager de bedste funktioner fra den tidligere Adventure-st\u00f8vle for at udvikle en st\u00f8vle perfekt til eventyrridning.<\/p>\n<p>Med et stort lukkesystem med dobbelt sp\u00e6nde er Adventure-X nem at tage af og p\u00e5, mens den forbliver fastgjort p\u00e5 plads med ekstra krog og l\u00f8kke. Systemet g\u00f8r det muligt for st\u00f8vlen at passe rundt om en r\u00e6kke l\u00e6gst\u00f8rrelser for en sikker, st\u00f8ttende og behagelig pasform. En \u00e5ndbar SinAqua Pro-membran holder foden t\u00f8r og frisk, uanset om du k\u00f8rer i regnen eller vader gennem mudder, med en s\u00e5l i g\u00e5st\u00f8vlestil til greb, n\u00e5r du tager eventyret af cyklen.<\/p>\n<p><strong>Rustning<\/strong><\/p>\n<ul>\n<li>H\u00e6lbeskyttelse: Forst\u00e6rket cockpit<\/li>\n<li>Skinnebensbeskyttelse: TPU<\/li>\n<li>Ankelbeskyttelse: Integreret<\/li>\n<\/ul>\n<p><strong>Konstruktion<\/strong><\/p>\n<ul>\n<li>Ydre hovedmateriale: Mikrofiber<\/li>\n<li>Sekund\u00e6rt materiale: Mikrofiber i ruskind<\/li>\n<li>Vandt\u00e6t foring: SinAqua vandt\u00e6t membran<\/li>\n<li>Lukning: Dobbelt sp\u00e6nde med krog og l\u00f8kke<\/li>\n<li>Skiftepude: TPU<\/li>\n<li>Skaft: Polycarbonat Anti Twist mellems\u00e5l<\/li>\n<li>Inders\u00e5l: Anti-bakteriel gel<\/li>\n<li>Yders\u00e5l: RST Adventure-s\u00e5l<\/li>\n<\/ul>\n<p><strong>Egenskaber og fordele<\/strong><\/p>\n<ul>\n<li>T\u00e5boks: Integreret og forst\u00e6rket<\/li>\n<li>Aftr\u00e6kker: Remdesign<\/li>\n<\/ul>","protected":false},"excerpt":{"rendered":"<p>Denne st\u00f8vle er blevet redesignet fra bunden og tager de bedste funktioner fra den tidligere Adventure-st\u00f8vle for at udvikle en st\u00f8vle perfekt til eventyrridning.<\/p>\n<ul>\n<li>Ydre hovedmateriale: Mikrofiber<\/li>\n<li>Sekund\u00e6rt materiale: Mikrofiber i ruskind<\/li>\n<li>Vandt\u00e6t foring: SinAqua vandt\u00e6t membran<\/li>\n<li>H\u00e6lbeskyttelse: Forst\u00e6rket cockpit<\/li>\n<li>Skinnebensbeskyttelse: TPU<\/li>\n<li>Ankelbeskyttelse: Integreret<\/li>\n<\/ul>","protected":false},"featured_media":3606,"comment_status":"closed","ping_status":"closed","template":"","meta":{"_relevanssi_hide_post":"","_relevanssi_hide_content":"","_relevanssi_pin_for_all":"","_relevanssi_pin_keywords":"","_relevanssi_unpin_keywords":"","_relevanssi_related_keywords":"","_relevanssi_related_include_ids":"","_relevanssi_related_exclude_ids":"","_relevanssi_related_no_append":"","_relevanssi_related_not_related":"","_relevanssi_related_posts":"","_relevanssi_noindex_reason":""},"product_brand":[],"product_cat":[88,51,56],"product_tag":[],"woo-feed-brand":[],"class_list":{"0":"post-3605","1":"product","2":"type-product","3":"status-publish","4":"has-post-thumbnail","6":"product_cat-adventure-boots","7":"product_cat-boots","8":"product_cat-mc-clothing","10":"first","11":"instock","12":"taxable","13":"shipping-taxable","14":"purchasable","15":"product-type-variable"},"_links":{"self":[{"href":"https:\/\/www.cphmc.com\/da\/wp-json\/wp\/v2\/product\/3605","targetHints":{"allow":["GET"]}}],"collection":[{"href":"https:\/\/www.cphmc.com\/da\/wp-json\/wp\/v2\/product"}],"about":[{"href":"https:\/\/www.cphmc.com\/da\/wp-json\/wp\/v2\/types\/product"}],"replies":[{"embeddable":true,"href":"https:\/\/www.cphmc.com\/da\/wp-json\/wp\/v2\/comments?post=3605"}],"wp:featuredmedia":[{"embeddable":true,"href":"https:\/\/www.cphmc.com\/da\/wp-json\/wp\/v2\/media\/3606"}],"wp:attachment":[{"href":"https:\/\/www.cphmc.com\/da\/wp-json\/wp\/v2\/media?parent=3605"}],"wp:term":[{"taxonomy":"product_brand","embeddable":true,"href":"https:\/\/www.cphmc.com\/da\/wp-json\/wp\/v2\/product_brand?post=3605"},{"taxonomy":"product_cat","embeddable":true,"href":"https:\/\/www.cphmc.com\/da\/wp-json\/wp\/v2\/product_cat?post=3605"},{"taxonomy":"product_tag","embeddable":true,"href":"https:\/\/www.cphmc.com\/da\/wp-json\/wp\/v2\/product_tag?post=3605"},{"taxonomy":"woo-feed-brand","embeddable":true,"href":"https:\/\/www.cphmc.com\/da\/wp-json\/wp\/v2\/woo-feed-brand?post=3605"}],"curies":[{"name":"wp","href":"https:\/\/api.w.org\/{rel}","templated":true}]}}