{"id":3692,"date":"2022-06-13T09:40:24","date_gmt":"2022-06-13T07:40:24","guid":{"rendered":"https:\/\/www.cphmc.com\/?post_type=product&#038;p=3692"},"modified":"2023-06-14T13:10:18","modified_gmt":"2023-06-14T11:10:18","slug":"airform-counterstrike-mips","status":"publish","type":"product","link":"https:\/\/www.cphmc.com\/da\/mc-clothing\/helmets\/full-face-helmets\/airform-counterstrike-mips\/","title":{"rendered":"Airform Counterstrike MIPS"},"content":{"rendered":"<ul>\n<li>MIPS\u00ae Brain Protection System<\/li>\n<li>Spr\u00f8jtest\u00f8bt polycarbonat skal for \u00f8get styrke og holdbarhed<\/li>\n<li>Mellem-oval hovedform<\/li>\n<li>Klart t\u00e5gefrit Optics\u2122-visir installeret og m\u00f8rk Smoke-t\u00e5gefrit Optics\u2122-visir inkluderet<\/li>\n<li>M\u00f8rk r\u00f8g intern DropShield\u2122<\/li>\n<li>Prolock\u2122 visir l\u00e5sesystem<\/li>\n<li>Fugttransporterende Hydradry\u2122 aftagelig komfortfor<\/li>\n<li>M\u00f8rk r\u00f8g spoiler s\u00e6t<\/li>\n<li>Blank\/mat malet finish med 3D grafik<\/li>\n<li>DropShield\u2122-visiret m\u00e5 kun bruges, mens hovedansigtssk\u00e6rmen er i helt lukket position<\/li>\n<\/ul>","protected":false},"excerpt":{"rendered":"<ul>\n<li>MIPS\u00ae Brain Protection System<\/li>\n<li>Spr\u00f8jtest\u00f8bt polycarbonat skal for \u00f8get styrke og holdbarhed<\/li>\n<li>Mellem-oval hovedform<\/li>\n<li>Klart t\u00e5gefrit Optics\u2122-visir installeret og m\u00f8rk Smoke-t\u00e5gefrit Optics\u2122-visir inkluderet<\/li>\n<li>Prolock\u2122 visir l\u00e5sesystem<\/li>\n<\/ul>","protected":false},"featured_media":3700,"comment_status":"closed","ping_status":"closed","template":"","meta":{"_relevanssi_hide_post":"","_relevanssi_hide_content":"","_relevanssi_pin_for_all":"","_relevanssi_pin_keywords":"","_relevanssi_unpin_keywords":"","_relevanssi_related_keywords":"","_relevanssi_related_include_ids":"","_relevanssi_related_exclude_ids":"","_relevanssi_related_no_append":"","_relevanssi_related_not_related":"","_relevanssi_related_posts":"","_relevanssi_noindex_reason":""},"product_brand":[],"product_cat":[81,50,56,260,15,83],"product_tag":[235],"woo-feed-brand":[],"class_list":{"0":"post-3692","1":"product","2":"type-product","3":"status-publish","4":"has-post-thumbnail","6":"product_cat-full-face-helmets","7":"product_cat-helmets","8":"product_cat-mc-clothing","9":"product_cat-mips","10":"product_cat-news","11":"product_cat-sports-helmets","12":"product_tag-mips","14":"first","15":"instock","16":"taxable","17":"shipping-taxable","18":"purchasable","19":"product-type-variable"},"_links":{"self":[{"href":"https:\/\/www.cphmc.com\/da\/wp-json\/wp\/v2\/product\/3692","targetHints":{"allow":["GET"]}}],"collection":[{"href":"https:\/\/www.cphmc.com\/da\/wp-json\/wp\/v2\/product"}],"about":[{"href":"https:\/\/www.cphmc.com\/da\/wp-json\/wp\/v2\/types\/product"}],"replies":[{"embeddable":true,"href":"https:\/\/www.cphmc.com\/da\/wp-json\/wp\/v2\/comments?post=3692"}],"wp:featuredmedia":[{"embeddable":true,"href":"https:\/\/www.cphmc.com\/da\/wp-json\/wp\/v2\/media\/3700"}],"wp:attachment":[{"href":"https:\/\/www.cphmc.com\/da\/wp-json\/wp\/v2\/media?parent=3692"}],"wp:term":[{"taxonomy":"product_brand","embeddable":true,"href":"https:\/\/www.cphmc.com\/da\/wp-json\/wp\/v2\/product_brand?post=3692"},{"taxonomy":"product_cat","embeddable":true,"href":"https:\/\/www.cphmc.com\/da\/wp-json\/wp\/v2\/product_cat?post=3692"},{"taxonomy":"product_tag","embeddable":true,"href":"https:\/\/www.cphmc.com\/da\/wp-json\/wp\/v2\/product_tag?post=3692"},{"taxonomy":"woo-feed-brand","embeddable":true,"href":"https:\/\/www.cphmc.com\/da\/wp-json\/wp\/v2\/woo-feed-brand?post=3692"}],"curies":[{"name":"wp","href":"https:\/\/api.w.org\/{rel}","templated":true}]}}