{"id":3769,"date":"2022-06-13T11:59:17","date_gmt":"2022-06-13T09:59:17","guid":{"rendered":"https:\/\/www.cphmc.com\/?post_type=product&#038;p=3769"},"modified":"2023-06-14T13:10:13","modified_gmt":"2023-06-14T11:10:13","slug":"airflite-jewel-mips-silver","status":"publish","type":"product","link":"https:\/\/www.cphmc.com\/da\/mc-clothing\/helmets\/full-face-helmets\/airflite-jewel-mips-silver\/","title":{"rendered":"Airflite Jewel MIPS \u2013 S\u00f8lv"},"content":{"rendered":"<ul>\n<li>Spr\u00f8jtest\u00f8bt polycarbonat skal for styrke<\/li>\n<li>Flere overdimensionerede indsugnings- og udst\u00f8dningsporte<\/li>\n<li>Fog-Free Dropshield\u2122 med udvendig kontakt<\/li>\n<li>Hurtig skift t\u00e5gefri Fliteshield\u2122 med sideplader<\/li>\n<li>Aftagelig st\u00f8bt \u00e5ndedeflektor og hagegardin<\/li>\n<li>Fors\u00e6nket dobbeltkanals supervent k\u00f8lesystem<\/li>\n<li>Dropshield\u2122-visiret m\u00e5 kun bruges, mens hovedansigtssk\u00e6rmen er i helt lukket position<\/li>\n<li>Indvendige h\u00f8jttalerlommer fungerer sammen med ICONs RAU Bluetooth-enhed<\/li>\n<li>Indeholder Clear and Dark Smoke Fliteshield\u2122<\/li>\n<li>Inkluderer Dark Smoke Dropshield\u2122<\/li>\n<li>Med rotationsreduktionssystem fra MIPS\u00ae<\/li>\n<li>Aftagelig Hydradry\u2122 fugttransporterende foring<\/li>\n<\/ul>","protected":false},"excerpt":{"rendered":"<ul>\n<li>MIPS\u00ae Brain Protection System<\/li>\n<li>Spr\u00f8jtest\u00f8bt polycarbonat skal for \u00f8get styrke og holdbarhed<\/li>\n<li>Fog-Free Dropshield\u2122 med udvendig kontakt<\/li>\n<li>Indvendige h\u00f8jttalerlommer fungerer sammen med ICONs RAU Bluetooth-enhed<\/li>\n<li>Indeholder Clear and Dark Smoke Fliteshield\u2122<\/li>\n<li>Inkluderer Dark Smoke Dropshield\u2122<\/li>\n<\/ul>","protected":false},"featured_media":3777,"comment_status":"closed","ping_status":"closed","template":"","meta":{"_relevanssi_hide_post":"","_relevanssi_hide_content":"","_relevanssi_pin_for_all":"","_relevanssi_pin_keywords":"","_relevanssi_unpin_keywords":"","_relevanssi_related_keywords":"","_relevanssi_related_include_ids":"","_relevanssi_related_exclude_ids":"","_relevanssi_related_no_append":"","_relevanssi_related_not_related":"","_relevanssi_related_posts":"","_relevanssi_noindex_reason":""},"product_brand":[],"product_cat":[81,50,56,260,15,83],"product_tag":[235],"woo-feed-brand":[],"class_list":{"0":"post-3769","1":"product","2":"type-product","3":"status-publish","4":"has-post-thumbnail","6":"product_cat-full-face-helmets","7":"product_cat-helmets","8":"product_cat-mc-clothing","9":"product_cat-mips","10":"product_cat-news","11":"product_cat-sports-helmets","12":"product_tag-mips","14":"first","15":"instock","16":"taxable","17":"shipping-taxable","18":"purchasable","19":"product-type-variable"},"_links":{"self":[{"href":"https:\/\/www.cphmc.com\/da\/wp-json\/wp\/v2\/product\/3769","targetHints":{"allow":["GET"]}}],"collection":[{"href":"https:\/\/www.cphmc.com\/da\/wp-json\/wp\/v2\/product"}],"about":[{"href":"https:\/\/www.cphmc.com\/da\/wp-json\/wp\/v2\/types\/product"}],"replies":[{"embeddable":true,"href":"https:\/\/www.cphmc.com\/da\/wp-json\/wp\/v2\/comments?post=3769"}],"wp:featuredmedia":[{"embeddable":true,"href":"https:\/\/www.cphmc.com\/da\/wp-json\/wp\/v2\/media\/3777"}],"wp:attachment":[{"href":"https:\/\/www.cphmc.com\/da\/wp-json\/wp\/v2\/media?parent=3769"}],"wp:term":[{"taxonomy":"product_brand","embeddable":true,"href":"https:\/\/www.cphmc.com\/da\/wp-json\/wp\/v2\/product_brand?post=3769"},{"taxonomy":"product_cat","embeddable":true,"href":"https:\/\/www.cphmc.com\/da\/wp-json\/wp\/v2\/product_cat?post=3769"},{"taxonomy":"product_tag","embeddable":true,"href":"https:\/\/www.cphmc.com\/da\/wp-json\/wp\/v2\/product_tag?post=3769"},{"taxonomy":"woo-feed-brand","embeddable":true,"href":"https:\/\/www.cphmc.com\/da\/wp-json\/wp\/v2\/woo-feed-brand?post=3769"}],"curies":[{"name":"wp","href":"https:\/\/api.w.org\/{rel}","templated":true}]}}