{"id":3787,"date":"2022-06-13T12:11:22","date_gmt":"2022-06-13T10:11:22","guid":{"rendered":"https:\/\/www.cphmc.com\/?post_type=product&#038;p=3787"},"modified":"2023-06-14T13:10:11","modified_gmt":"2023-06-14T11:10:11","slug":"qualifier-dlx-mips-black","status":"publish","type":"product","link":"https:\/\/www.cphmc.com\/da\/mc-clothing\/helmets\/full-face-helmets\/qualifier-dlx-mips-black\/","title":{"rendered":"Qualifier DLX MIPS \u2013 Sort"},"content":{"rendered":"<p>Sp\u00e6kket med funktioner hentet direkte fra flagskibet Star-linjen, Qualifier DLX MIPS leverer enest\u00e5ende ydeevne til en utrolig v\u00e6rdi. Sikkerheden forbedres af integrationen af MIPS\u00ae Energy Management System. Qualifier DLX MIPS har en aggressiv stil og mange funktioner, der g\u00f8r den til en referencehjelm.<\/p>\n<p><strong>Funktioner<\/strong><\/p>\n<ul>\n<li>Letv\u00e6gts polycarbonat\/ABS-skalkonstruktion<\/li>\n<li>Velocity Flow Ventilation\u2122-system med FlowAdjust\u2122<\/li>\n<li>Multi Density EPS liner<\/li>\n<li>ProTint\u2122 Photochromic ClickRelease\u2122 Shield inkluderet<\/li>\n<li>MIPS\u00ae energiledelsessystem<\/li>\n<li>Polstret vindkrave reducerer vind- og vejst\u00f8j drastisk<\/li>\n<li>Integrerede h\u00f8jttalerlommer<\/li>\n<li>Kompatibel med Sena og Cardo Bluetooth-systemer<\/li>\n<li>Branchef\u00f8rende fem \u00e5rs garanti<\/li>\n<\/ul>\n<p>Certificeringer: DOT, ECE<\/p>","protected":false},"excerpt":{"rendered":"<ul>\n<li>Letv\u00e6gts polycarbonat \/ ABS-skal<\/li>\n<li>Velocity Flow Ventilation\u2122-system med FlowAdjust\u2122<\/li>\n<li>Multi Density EPS liner<\/li>\n<li>ProTint\u2122 Photochromic ClickRelease\u2122 Shield inkluderet<\/li>\n<li>MIPS\u00ae Brain Protection System<\/li>\n<li>Kompatibel med Sena og Cardo Bluetooth-systemer<\/li>\n<\/ul>","protected":false},"featured_media":3797,"comment_status":"closed","ping_status":"closed","template":"","meta":{"_relevanssi_hide_post":"","_relevanssi_hide_content":"","_relevanssi_pin_for_all":"","_relevanssi_pin_keywords":"","_relevanssi_unpin_keywords":"","_relevanssi_related_keywords":"","_relevanssi_related_include_ids":"","_relevanssi_related_exclude_ids":"","_relevanssi_related_no_append":"","_relevanssi_related_not_related":"","_relevanssi_related_posts":"","_relevanssi_noindex_reason":""},"product_brand":[],"product_cat":[81,50,260,15],"product_tag":[235],"woo-feed-brand":[],"class_list":{"0":"post-3787","1":"product","2":"type-product","3":"status-publish","4":"has-post-thumbnail","6":"product_cat-full-face-helmets","7":"product_cat-helmets","8":"product_cat-mips","9":"product_cat-news","10":"product_tag-mips","12":"first","13":"instock","14":"taxable","15":"shipping-taxable","16":"purchasable","17":"product-type-variable"},"_links":{"self":[{"href":"https:\/\/www.cphmc.com\/da\/wp-json\/wp\/v2\/product\/3787","targetHints":{"allow":["GET"]}}],"collection":[{"href":"https:\/\/www.cphmc.com\/da\/wp-json\/wp\/v2\/product"}],"about":[{"href":"https:\/\/www.cphmc.com\/da\/wp-json\/wp\/v2\/types\/product"}],"replies":[{"embeddable":true,"href":"https:\/\/www.cphmc.com\/da\/wp-json\/wp\/v2\/comments?post=3787"}],"wp:featuredmedia":[{"embeddable":true,"href":"https:\/\/www.cphmc.com\/da\/wp-json\/wp\/v2\/media\/3797"}],"wp:attachment":[{"href":"https:\/\/www.cphmc.com\/da\/wp-json\/wp\/v2\/media?parent=3787"}],"wp:term":[{"taxonomy":"product_brand","embeddable":true,"href":"https:\/\/www.cphmc.com\/da\/wp-json\/wp\/v2\/product_brand?post=3787"},{"taxonomy":"product_cat","embeddable":true,"href":"https:\/\/www.cphmc.com\/da\/wp-json\/wp\/v2\/product_cat?post=3787"},{"taxonomy":"product_tag","embeddable":true,"href":"https:\/\/www.cphmc.com\/da\/wp-json\/wp\/v2\/product_tag?post=3787"},{"taxonomy":"woo-feed-brand","embeddable":true,"href":"https:\/\/www.cphmc.com\/da\/wp-json\/wp\/v2\/woo-feed-brand?post=3787"}],"curies":[{"name":"wp","href":"https:\/\/api.w.org\/{rel}","templated":true}]}}