{"id":3803,"date":"2022-06-13T12:19:28","date_gmt":"2022-06-13T10:19:28","guid":{"rendered":"https:\/\/www.cphmc.com\/?post_type=product&#038;p=3803"},"modified":"2023-06-14T13:10:09","modified_gmt":"2023-06-14T11:10:09","slug":"bell-star-dlx-mips-solid-matte-black","status":"publish","type":"product","link":"https:\/\/www.cphmc.com\/da\/mc-clothing\/helmets\/full-face-helmets\/bell-star-dlx-mips-solid-matte-black\/","title":{"rendered":"BELL Star DLX MIPS \u2013 Solid mat sort"},"content":{"rendered":"<p>Introduceret tilbage i 1967, den f\u00f8rste helhjelm p\u00e5 markedet, har Bell Star l\u00e6nge repr\u00e6senteret standarden inden for hovedbeskyttelse, og den har inspireret en industri til at forf\u00f8lge videnskaben om hovedbeskyttelse. Med klasse 1-optik p\u00e5 Panovision-skjoldet er Star DLX MIPS den fortsatte udvikling af den originale etos og mere. Med inspiration fra den moderne racers essentielle behov og sp\u00e6kket med kvalitetsfunktioner \u2013 MIPS\u00ae energistyring, en Tri-Matrix kompositskal og en X-Static\u00ae XT2 s\u00f8lvforing \u2013 er det en fuldst\u00e6ndig nyt\u00e6nkning af, hvad en racerhjelm skal v\u00e6re.<\/p>\n<p><strong>Funktioner<br \/>\n<\/strong><\/p>\n<ul>\n<li>Spor testet<\/li>\n<li>Letv\u00e6gts Tri-Matrix skalkonstruktion<\/li>\n<li>Velocity Flow Ventilation\u2122-system for maksimal k\u00f8ling<\/li>\n<li>MIPS\u00ae energiledelsessystem<\/li>\n<li>X-Static\u00ae XT2\u00ae Silver Liner<\/li>\n<li>Panovision\u2122 Shield med klasse 1 optik<\/li>\n<li>Bell 54 aftagelige kindpuder<\/li>\n<li>Integrerede h\u00f8jttalerlommer<\/li>\n<li>StreetView-profil<\/li>\n<\/ul>\n<p>Certificeringer: Snell, DOT, ECE<\/p>","protected":false},"excerpt":{"rendered":"<ul>\n<li>Spor testet<\/li>\n<li>MIPS\u00ae energiledelsessystem<\/li>\n<li>Letv\u00e6gts Tri-Matrix skalkonstruktion<\/li>\n<li>Velocity Flow Ventilation\u2122-system for maksimal k\u00f8ling<\/li>\n<li>X-Static\u00ae XT2\u00ae Silver Liner<\/li>\n<li>Panovision\u2122 Shield med klasse 1 optik<\/li>\n<\/ul>","protected":false},"featured_media":3819,"comment_status":"closed","ping_status":"closed","template":"","meta":{"_relevanssi_hide_post":"","_relevanssi_hide_content":"","_relevanssi_pin_for_all":"","_relevanssi_pin_keywords":"","_relevanssi_unpin_keywords":"","_relevanssi_related_keywords":"","_relevanssi_related_include_ids":"","_relevanssi_related_exclude_ids":"","_relevanssi_related_no_append":"","_relevanssi_related_not_related":"","_relevanssi_related_posts":"","_relevanssi_noindex_reason":""},"product_brand":[],"product_cat":[81,50,260,15],"product_tag":[235],"woo-feed-brand":[],"class_list":{"0":"post-3803","1":"product","2":"type-product","3":"status-publish","4":"has-post-thumbnail","6":"product_cat-full-face-helmets","7":"product_cat-helmets","8":"product_cat-mips","9":"product_cat-news","10":"product_tag-mips","12":"first","13":"instock","14":"taxable","15":"shipping-taxable","16":"purchasable","17":"product-type-variable"},"_links":{"self":[{"href":"https:\/\/www.cphmc.com\/da\/wp-json\/wp\/v2\/product\/3803","targetHints":{"allow":["GET"]}}],"collection":[{"href":"https:\/\/www.cphmc.com\/da\/wp-json\/wp\/v2\/product"}],"about":[{"href":"https:\/\/www.cphmc.com\/da\/wp-json\/wp\/v2\/types\/product"}],"replies":[{"embeddable":true,"href":"https:\/\/www.cphmc.com\/da\/wp-json\/wp\/v2\/comments?post=3803"}],"wp:featuredmedia":[{"embeddable":true,"href":"https:\/\/www.cphmc.com\/da\/wp-json\/wp\/v2\/media\/3819"}],"wp:attachment":[{"href":"https:\/\/www.cphmc.com\/da\/wp-json\/wp\/v2\/media?parent=3803"}],"wp:term":[{"taxonomy":"product_brand","embeddable":true,"href":"https:\/\/www.cphmc.com\/da\/wp-json\/wp\/v2\/product_brand?post=3803"},{"taxonomy":"product_cat","embeddable":true,"href":"https:\/\/www.cphmc.com\/da\/wp-json\/wp\/v2\/product_cat?post=3803"},{"taxonomy":"product_tag","embeddable":true,"href":"https:\/\/www.cphmc.com\/da\/wp-json\/wp\/v2\/product_tag?post=3803"},{"taxonomy":"woo-feed-brand","embeddable":true,"href":"https:\/\/www.cphmc.com\/da\/wp-json\/wp\/v2\/woo-feed-brand?post=3803"}],"curies":[{"name":"wp","href":"https:\/\/api.w.org\/{rel}","templated":true}]}}