{"id":3882,"date":"2022-06-30T14:54:50","date_gmt":"2022-06-30T12:54:50","guid":{"rendered":"https:\/\/www.cphmc.com\/?post_type=product&#038;p=3882"},"modified":"2023-06-14T13:10:07","modified_gmt":"2023-06-14T11:10:07","slug":"scout-air-gloss-black","status":"publish","type":"product","link":"https:\/\/www.cphmc.com\/da\/mc-clothing\/helmets\/open-helmets\/scout-air-gloss-black\/","title":{"rendered":"Scout Air \u2013 Gloss Black"},"content":{"rendered":"<p>Fluev\u00e6gt udseende, tungv\u00e6gtsbeskyttelse<\/p>\n<p>Nyheden Scout air anvender en avanceret og innovativ &quot;In-Mold&quot; konstruktion, der kombinerer Tri-Matrix kompositskal med den interne EPS liner. Det endelige resultat er en ekstremt kompakt, letv\u00e6gtshjelm, der overg\u00e5r certificeringskravene. Det er den ultimative beskyttelse, og det er s\u00e5 let, at det n\u00e6sten forsvinder p\u00e5 dit hoved!<\/p>\n<ul>\n<li>Sammensat \u02ddTri Matrix\u02dd Shell-konstruktion<\/li>\n<li>Multi density EPS liner<\/li>\n<li>Letv\u00e6gts indst\u00f8bt design, der vejer mindre end 900 gram<\/li>\n<li>5 skaller, 5 EPS st\u00f8rrelser<\/li>\n<li>Indeholder 2 snap peaks<\/li>\n<li>Tilbeh\u00f8rsskjold tilg\u00e6ngelig<\/li>\n<li>Branchef\u00f8rende Fem \u00e5rs garanti<\/li>\n<\/ul>\n<p>Certificeringer: DOT, ECE<\/p>","protected":false},"excerpt":{"rendered":"<p>Fluev\u00e6gt udseende, tungv\u00e6gtsbeskyttelse.<\/p>\n<ul>\n<li>Sammensat \u02ddTri Matrix\u02dd Shell-konstruktion<\/li>\n<li>Multi density EPS liner<\/li>\n<li>Letv\u00e6gts indst\u00f8bt design, der vejer mindre end 900 gram<\/li>\n<li>Indeholder 2 snap peaks<\/li>\n<\/ul>","protected":false},"featured_media":3889,"comment_status":"closed","ping_status":"closed","template":"","meta":{"_relevanssi_hide_post":"","_relevanssi_hide_content":"","_relevanssi_pin_for_all":"","_relevanssi_pin_keywords":"","_relevanssi_unpin_keywords":"","_relevanssi_related_keywords":"","_relevanssi_related_include_ids":"","_relevanssi_related_exclude_ids":"","_relevanssi_related_no_append":"","_relevanssi_related_not_related":"","_relevanssi_related_posts":"","_relevanssi_noindex_reason":""},"product_brand":[],"product_cat":[85,50],"product_tag":[],"woo-feed-brand":[],"class_list":{"0":"post-3882","1":"product","2":"type-product","3":"status-publish","4":"has-post-thumbnail","6":"product_cat-open-helmets","7":"product_cat-helmets","9":"first","10":"instock","11":"taxable","12":"shipping-taxable","13":"purchasable","14":"product-type-variable"},"_links":{"self":[{"href":"https:\/\/www.cphmc.com\/da\/wp-json\/wp\/v2\/product\/3882","targetHints":{"allow":["GET"]}}],"collection":[{"href":"https:\/\/www.cphmc.com\/da\/wp-json\/wp\/v2\/product"}],"about":[{"href":"https:\/\/www.cphmc.com\/da\/wp-json\/wp\/v2\/types\/product"}],"replies":[{"embeddable":true,"href":"https:\/\/www.cphmc.com\/da\/wp-json\/wp\/v2\/comments?post=3882"}],"wp:featuredmedia":[{"embeddable":true,"href":"https:\/\/www.cphmc.com\/da\/wp-json\/wp\/v2\/media\/3889"}],"wp:attachment":[{"href":"https:\/\/www.cphmc.com\/da\/wp-json\/wp\/v2\/media?parent=3882"}],"wp:term":[{"taxonomy":"product_brand","embeddable":true,"href":"https:\/\/www.cphmc.com\/da\/wp-json\/wp\/v2\/product_brand?post=3882"},{"taxonomy":"product_cat","embeddable":true,"href":"https:\/\/www.cphmc.com\/da\/wp-json\/wp\/v2\/product_cat?post=3882"},{"taxonomy":"product_tag","embeddable":true,"href":"https:\/\/www.cphmc.com\/da\/wp-json\/wp\/v2\/product_tag?post=3882"},{"taxonomy":"woo-feed-brand","embeddable":true,"href":"https:\/\/www.cphmc.com\/da\/wp-json\/wp\/v2\/woo-feed-brand?post=3882"}],"curies":[{"name":"wp","href":"https:\/\/api.w.org\/{rel}","templated":true}]}}