{"id":3896,"date":"2022-06-30T15:04:51","date_gmt":"2022-06-30T13:04:51","guid":{"rendered":"https:\/\/www.cphmc.com\/?post_type=product&#038;p=3896"},"modified":"2022-07-04T13:03:56","modified_gmt":"2022-07-04T11:03:56","slug":"city-plus-textile-pants-black","status":"publish","type":"product","link":"https:\/\/www.cphmc.com\/da\/mc-clothing\/pants\/city-plus-textile-pants-black\/","title":{"rendered":"City Plus tekstilbukser \u2013 sorte"},"content":{"rendered":"<p>City Plus er designet til byrytteren. Med lynl\u00e5s i fuld l\u00e6ngde fra hoften til anklen, s\u00e5 du kan l\u00e6gge jeanen over det, du allerede har p\u00e5. City Plus har tilf\u00f8jelsen af en aftagelig termisk foring i fuld l\u00e6ngde p\u00e5 indersiden. S\u00e5 for den urbane rytter, en fantastisk tekstiljean, der tager dig gennem byen, men holder dig til at se smart ud, n\u00e5r du kommer til din destination.<\/p>\n<p><strong>Rustning<\/strong><\/p>\n<ul>\n<li>Hofterustning: CE niveau 1<\/li>\n<li>Kn\u00e6rustning: CE niveau 1<\/li>\n<\/ul>\n<p><strong>Konstruktion<\/strong><\/p>\n<ul>\n<li>Hovedydre materiale: MaxTex<\/li>\n<li>Fast liner: Mesh<\/li>\n<li>Termisk foring: Aftageligt quiltet termisk helfor<\/li>\n<li>Vandt\u00e6t foring: Fast SinAqua-membran<\/li>\n<li>Lynl\u00e5se: MAX\/SAB<\/li>\n<li>Gevind: Kernespundet polyester<\/li>\n<\/ul>\n<p><strong>Egenskaber og fordele<\/strong><\/p>\n<ul>\n<li>Refleksdetaljer: Ja \u2013 Reflekslogoer<\/li>\n<li>Justering: Taljejustering<\/li>\n<li>Yderlommer: 2<\/li>\n<li>Lynl\u00e5s i fuld l\u00e6ngde<\/li>\n<li>Fit profil: Touring<\/li>\n<\/ul>","protected":false},"excerpt":{"rendered":"<p>City Plus er designet til byrytteren. For den urbane rytter, en fantastisk tekstiljean, der tager dig gennem byen, men holder dig til at se smart ud, n\u00e5r du kommer til din destination.<\/p>\n<ul>\n<li>Hofterustning: CE niveau 1<\/li>\n<li>Kn\u00e6rustning: CE niveau 1<\/li>\n<li>Hovedydre materiale: MaxTex<\/li>\n<li>Fast liner: Mesh<\/li>\n<li>Termisk foring: Aftageligt quiltet termisk helfor<\/li>\n<li>Vandt\u00e6t foring: Fast SinAqua Membran<\/li>\n<\/ul>","protected":false},"featured_media":4309,"comment_status":"closed","ping_status":"closed","template":"","meta":{"_relevanssi_hide_post":"","_relevanssi_hide_content":"","_relevanssi_pin_for_all":"","_relevanssi_pin_keywords":"","_relevanssi_unpin_keywords":"","_relevanssi_related_keywords":"","_relevanssi_related_include_ids":"","_relevanssi_related_exclude_ids":"","_relevanssi_related_no_append":"","_relevanssi_related_not_related":"","_relevanssi_related_posts":"","_relevanssi_noindex_reason":""},"product_brand":[],"product_cat":[54,99],"product_tag":[],"woo-feed-brand":[],"class_list":{"0":"post-3896","1":"product","2":"type-product","3":"status-publish","4":"has-post-thumbnail","6":"product_cat-pants","7":"product_cat-textile-pants","9":"first","10":"instock","11":"taxable","12":"shipping-taxable","13":"purchasable","14":"product-type-variable"},"_links":{"self":[{"href":"https:\/\/www.cphmc.com\/da\/wp-json\/wp\/v2\/product\/3896","targetHints":{"allow":["GET"]}}],"collection":[{"href":"https:\/\/www.cphmc.com\/da\/wp-json\/wp\/v2\/product"}],"about":[{"href":"https:\/\/www.cphmc.com\/da\/wp-json\/wp\/v2\/types\/product"}],"replies":[{"embeddable":true,"href":"https:\/\/www.cphmc.com\/da\/wp-json\/wp\/v2\/comments?post=3896"}],"wp:featuredmedia":[{"embeddable":true,"href":"https:\/\/www.cphmc.com\/da\/wp-json\/wp\/v2\/media\/4309"}],"wp:attachment":[{"href":"https:\/\/www.cphmc.com\/da\/wp-json\/wp\/v2\/media?parent=3896"}],"wp:term":[{"taxonomy":"product_brand","embeddable":true,"href":"https:\/\/www.cphmc.com\/da\/wp-json\/wp\/v2\/product_brand?post=3896"},{"taxonomy":"product_cat","embeddable":true,"href":"https:\/\/www.cphmc.com\/da\/wp-json\/wp\/v2\/product_cat?post=3896"},{"taxonomy":"product_tag","embeddable":true,"href":"https:\/\/www.cphmc.com\/da\/wp-json\/wp\/v2\/product_tag?post=3896"},{"taxonomy":"woo-feed-brand","embeddable":true,"href":"https:\/\/www.cphmc.com\/da\/wp-json\/wp\/v2\/woo-feed-brand?post=3896"}],"curies":[{"name":"wp","href":"https:\/\/api.w.org\/{rel}","templated":true}]}}