{"id":3923,"date":"2022-06-30T15:16:21","date_gmt":"2022-06-30T13:16:21","guid":{"rendered":"https:\/\/www.cphmc.com\/?post_type=product&#038;p=3923"},"modified":"2023-06-14T13:03:21","modified_gmt":"2023-06-14T11:03:21","slug":"rst-hi-top-shoes-gray","status":"publish","type":"product","link":"https:\/\/www.cphmc.com\/da\/mc-clothing\/boots\/urban-boots\/rst-hi-top-shoes-gray\/","title":{"rendered":"RST Hi-Top Sko \u2013 Gr\u00e5"},"content":{"rendered":"<p>Dette er den ultimative moto sneaker. En sneaker til n\u00e5r du er v\u00e6k fra cyklen og en st\u00f8vle n\u00e5r du er p\u00e5 cyklen. Med ankelbeskyttelse og integreret t\u00e5boks, inklusive klassisk styling, er HiTop en rigtig multifunktionsst\u00f8vle. F\u00e5s i b\u00e5de sommer- og vinterversioner.<\/p>\n<p><strong>Rustning<\/strong><\/p>\n<ul>\n<li>H\u00e6lbeskyttelse: Integreret<\/li>\n<li>Ankelbeskyttelse: Integreret<\/li>\n<\/ul>\n<p><strong>Konstruktion<\/strong><\/p>\n<ul>\n<li>Hovedmateriale: Ruskind<\/li>\n<li>WP-version: Med SinAqua-foring<\/li>\n<li>Ventilation: Perforeret t\u00e5boks<\/li>\n<li>Lukning: Blonder<\/li>\n<li>Skaft: Polycarbonat Anti Twist mellems\u00e5l<\/li>\n<li>S\u00e5l: Urban<\/li>\n<\/ul>\n<p><strong>Egenskaber og fordele<\/strong><\/p>\n<ul>\n<li>T\u00e5boks: Forst\u00e6rket<\/li>\n<li>Fit profil: Urban<\/li>\n<\/ul>","protected":false},"excerpt":{"rendered":"<p>Dette er den ultimative moto sneaker. En sneaker til n\u00e5r du er v\u00e6k fra cyklen og en st\u00f8vle n\u00e5r du er p\u00e5 cyklen. Med ankelbeskyttelse og integreret t\u00e5boks, inklusive klassisk styling, er HiTop en rigtig multifunktionsst\u00f8vle. F\u00e5s i b\u00e5de sommer- og vinterversioner.<\/p>\n<ul>\n<li>Hovedmateriale: Ruskind<\/li>\n<li>WP-version: Med SinAqua-foring<\/li>\n<li>Ventilation: Perforeret t\u00e5boks<\/li>\n<li>S\u00e5l: Urban<\/li>\n<\/ul>","protected":false},"featured_media":3933,"comment_status":"closed","ping_status":"closed","template":"","meta":{"_relevanssi_hide_post":"","_relevanssi_hide_content":"","_relevanssi_pin_for_all":"","_relevanssi_pin_keywords":"","_relevanssi_unpin_keywords":"","_relevanssi_related_keywords":"","_relevanssi_related_include_ids":"","_relevanssi_related_exclude_ids":"","_relevanssi_related_no_append":"","_relevanssi_related_not_related":"","_relevanssi_related_posts":"","_relevanssi_noindex_reason":""},"product_brand":[],"product_cat":[51,56,86],"product_tag":[],"woo-feed-brand":[],"class_list":{"0":"post-3923","1":"product","2":"type-product","3":"status-publish","4":"has-post-thumbnail","6":"product_cat-boots","7":"product_cat-mc-clothing","8":"product_cat-urban-boots","10":"first","11":"instock","12":"taxable","13":"shipping-taxable","14":"purchasable","15":"product-type-variable"},"_links":{"self":[{"href":"https:\/\/www.cphmc.com\/da\/wp-json\/wp\/v2\/product\/3923","targetHints":{"allow":["GET"]}}],"collection":[{"href":"https:\/\/www.cphmc.com\/da\/wp-json\/wp\/v2\/product"}],"about":[{"href":"https:\/\/www.cphmc.com\/da\/wp-json\/wp\/v2\/types\/product"}],"replies":[{"embeddable":true,"href":"https:\/\/www.cphmc.com\/da\/wp-json\/wp\/v2\/comments?post=3923"}],"wp:featuredmedia":[{"embeddable":true,"href":"https:\/\/www.cphmc.com\/da\/wp-json\/wp\/v2\/media\/3933"}],"wp:attachment":[{"href":"https:\/\/www.cphmc.com\/da\/wp-json\/wp\/v2\/media?parent=3923"}],"wp:term":[{"taxonomy":"product_brand","embeddable":true,"href":"https:\/\/www.cphmc.com\/da\/wp-json\/wp\/v2\/product_brand?post=3923"},{"taxonomy":"product_cat","embeddable":true,"href":"https:\/\/www.cphmc.com\/da\/wp-json\/wp\/v2\/product_cat?post=3923"},{"taxonomy":"product_tag","embeddable":true,"href":"https:\/\/www.cphmc.com\/da\/wp-json\/wp\/v2\/product_tag?post=3923"},{"taxonomy":"woo-feed-brand","embeddable":true,"href":"https:\/\/www.cphmc.com\/da\/wp-json\/wp\/v2\/woo-feed-brand?post=3923"}],"curies":[{"name":"wp","href":"https:\/\/api.w.org\/{rel}","templated":true}]}}