{"id":3938,"date":"2022-06-30T15:22:09","date_gmt":"2022-06-30T13:22:09","guid":{"rendered":"https:\/\/www.cphmc.com\/?post_type=product&#038;p=3938"},"modified":"2022-08-05T01:00:54","modified_gmt":"2022-08-04T23:00:54","slug":"urban-air-3-mesh-gloves","status":"publish","type":"product","link":"https:\/\/www.cphmc.com\/da\/mc-clothing\/gloves\/textile-gloves\/urban-air-3-mesh-gloves\/","title":{"rendered":"Urban Air 3 mesh handsker"},"content":{"rendered":"<p>En fantastisk handskemulighed til at udforske byen, vindblokforingen p\u00e5 indersiden holder dine h\u00e6nder varme og tilf\u00f8jer enorme m\u00e6ngder af \u00e5ndbarhed. F\u00e6rdig med en l\u00e6derh\u00e5ndflade for beskyttelse og integreret bl\u00f8d knobeskytter.<\/p>\n<ul>\n<li>Niveau 1 KP<\/li>\n<li>Knobeskytter: Bio Elastanne Integreret<\/li>\n<li>Fingerbeskyttelse: Polstret<\/li>\n<li>Tommelfingerbeskyttelse: Polstret<\/li>\n<li>Palm Slider: Polstret Palm<\/li>\n<li>Hovedydre materiale: Soft Shell<\/li>\n<li>Sekund\u00e6rt materiale: L\u00e6derpalme<\/li>\n<li>Indvendig foring: Vindt\u00e6t<\/li>\n<li>Forbuede fingre: Ja<\/li>\n<li>Manchet lukning: Velcro<\/li>\n<li>Manchet lukning: Velcro<\/li>\n<li>Smart Touch Finger: Ja<\/li>\n<li>Finger Motion Panels: Ja<\/li>\n<li>Dobbeltlags l\u00e6derh\u00e5ndflade: Ja<\/li>\n<\/ul>","protected":false},"excerpt":{"rendered":"<p>En fantastisk handskemulighed til at udforske byen, vindblokforingen p\u00e5 indersiden holder dine h\u00e6nder varme og tilf\u00f8jer enorme m\u00e6ngder af \u00e5ndbarhed. F\u00e6rdig med en l\u00e6derh\u00e5ndflade for beskyttelse og integreret bl\u00f8d knobeskytter.<\/p>\n<ul>\n<li>Niveau 1 KP<\/li>\n<li>Knobeskytter: Bio Elastanne Integreret<\/li>\n<li>Fingerbeskyttelse: Polstret<\/li>\n<li>Tommelfingerbeskyttelse: Polstret<\/li>\n<li>Hovedydre materiale: Soft Shell<\/li>\n<li>Sekund\u00e6rt materiale: L\u00e6derpalme<\/li>\n<li>Indvendig foring: Vindt\u00e6t<\/li>\n<li>Smart Touch Finger: Ja<\/li>\n<li>Finger Motion Panels: Ja<\/li>\n<\/ul>","protected":false},"featured_media":3945,"comment_status":"closed","ping_status":"closed","template":"","meta":{"_relevanssi_hide_post":"","_relevanssi_hide_content":"","_relevanssi_pin_for_all":"","_relevanssi_pin_keywords":"","_relevanssi_unpin_keywords":"","_relevanssi_related_keywords":"","_relevanssi_related_include_ids":"","_relevanssi_related_exclude_ids":"","_relevanssi_related_no_append":"","_relevanssi_related_not_related":"","_relevanssi_related_posts":"","_relevanssi_noindex_reason":""},"product_brand":[],"product_cat":[94,52,56],"product_tag":[],"woo-feed-brand":[],"class_list":{"0":"post-3938","1":"product","2":"type-product","3":"status-publish","4":"has-post-thumbnail","6":"product_cat-textile-gloves","7":"product_cat-gloves","8":"product_cat-mc-clothing","10":"first","11":"instock","12":"taxable","13":"shipping-taxable","14":"purchasable","15":"product-type-variable"},"_links":{"self":[{"href":"https:\/\/www.cphmc.com\/da\/wp-json\/wp\/v2\/product\/3938","targetHints":{"allow":["GET"]}}],"collection":[{"href":"https:\/\/www.cphmc.com\/da\/wp-json\/wp\/v2\/product"}],"about":[{"href":"https:\/\/www.cphmc.com\/da\/wp-json\/wp\/v2\/types\/product"}],"replies":[{"embeddable":true,"href":"https:\/\/www.cphmc.com\/da\/wp-json\/wp\/v2\/comments?post=3938"}],"wp:featuredmedia":[{"embeddable":true,"href":"https:\/\/www.cphmc.com\/da\/wp-json\/wp\/v2\/media\/3945"}],"wp:attachment":[{"href":"https:\/\/www.cphmc.com\/da\/wp-json\/wp\/v2\/media?parent=3938"}],"wp:term":[{"taxonomy":"product_brand","embeddable":true,"href":"https:\/\/www.cphmc.com\/da\/wp-json\/wp\/v2\/product_brand?post=3938"},{"taxonomy":"product_cat","embeddable":true,"href":"https:\/\/www.cphmc.com\/da\/wp-json\/wp\/v2\/product_cat?post=3938"},{"taxonomy":"product_tag","embeddable":true,"href":"https:\/\/www.cphmc.com\/da\/wp-json\/wp\/v2\/product_tag?post=3938"},{"taxonomy":"woo-feed-brand","embeddable":true,"href":"https:\/\/www.cphmc.com\/da\/wp-json\/wp\/v2\/woo-feed-brand?post=3938"}],"curies":[{"name":"wp","href":"https:\/\/api.w.org\/{rel}","templated":true}]}}