{"id":3975,"date":"2022-07-01T14:39:22","date_gmt":"2022-07-01T12:39:22","guid":{"rendered":"https:\/\/www.cphmc.com\/?post_type=product&#038;p=3975"},"modified":"2023-06-14T13:12:57","modified_gmt":"2023-06-14T11:12:57","slug":"rst-sabre-pants-leather-black","status":"publish","type":"product","link":"https:\/\/www.cphmc.com\/da\/mc-clothing\/pants\/leather-pants\/rst-sabre-pants-leather-black\/","title":{"rendered":"RST Sabre Pants L\u00e6der \u2013 Sort"},"content":{"rendered":"<p>Sabre-jeanen har et sporty look og en r\u00e6kke funktioner, der giver den bedste komfort, pasform og beskyttelse. Sabre-jeanen er lavet af et bl\u00f8dt touch, mat finish, premium oksel\u00e6der og underst\u00f8ttes af en 4-vejs v\u00e6vet stretch med bev\u00e6gelsespaneler overalt for maksimal komfort og bev\u00e6gelse, n\u00e5r den b\u00e6res.<\/p>\n<p>Hertil kommer den faste Quick Dry mesh-foring og panelet i panelperforering for at holde dig frisk. Den har ogs\u00e5 en taljejustering, som giver en kontureret pasform. Denne jean overg\u00e5r sin AAA CE-klassificering. Og for at toppe dette tilbyder suiten af CE Level 1-panser, tone-i-tone TPU-kn\u00e6kopper og reflekterende logo- og stilpaneler ekstra synlighed og overlegne beskyttelsesniveauer.<\/p>\n<p>Brug 360\u00b0 forbindelseslynl\u00e5sen til at forbinde jakken til enhver RST-jakke inklusive Sabre-l\u00e6derjakken.<\/p>\n<p><strong>Rustning<\/strong><\/p>\n<ul>\n<li>Kn\u00e6rustning: CE niveau 1<\/li>\n<li>Hofterustning: CE niveau 1<\/li>\n<\/ul>\n<p><strong>Konstruktion<\/strong><\/p>\n<ul>\n<li>Hovedydre materiale: Premium trommefarvet oksel\u00e6der<\/li>\n<li>Str\u00e6kmateriale: 4 Way Woven Stretch med bev\u00e6gelsespaneler<\/li>\n<li>Foring: Fast Quick Dry Mesh Liner<\/li>\n<li>Lynl\u00e5se: MAX lynl\u00e5se<\/li>\n<li>Tr\u00e5d: Bonded Nylon<\/li>\n<li>Ventilation: Panel i panelperforeret l\u00e6der<\/li>\n<li>Forbindelse Zip: Ja \u2013 360\u00b0<\/li>\n<\/ul>\n<p><strong>Egenskaber og fordele<\/strong><\/p>\n<ul>\n<li>Knee Slider: Quick Release Hook &amp; Loop Knee Slider<\/li>\n<li>Justering: Taljejustering<\/li>\n<li>Yderlomme: 1 lomme<\/li>\n<li>Reflekterende detalje: Reflekterende r\u00f8r<\/li>\n<li>Elastiske sidetaljepaneler: Ja<\/li>\n<li>Fit profil: Sport<\/li>\n<\/ul>","protected":false},"excerpt":{"rendered":"<p>Sabre-jeanen har et sporty look og en r\u00e6kke funktioner, der giver den bedste komfort, pasform og beskyttelse.<\/p>\n<ul>\n<li>Kn\u00e6rustning: CE niveau 1<\/li>\n<li>Hofterustning: CE niveau 1<\/li>\n<li>Hovedydre materiale: Premium trommefarvet oksel\u00e6der<\/li>\n<li>Str\u00e6kmateriale: 4 Way Woven Stretch med bev\u00e6gelsespaneler<\/li>\n<li>Fit profil: Sport<\/li>\n<\/ul>","protected":false},"featured_media":3994,"comment_status":"closed","ping_status":"closed","template":"","meta":{"_relevanssi_hide_post":"","_relevanssi_hide_content":"","_relevanssi_pin_for_all":"","_relevanssi_pin_keywords":"","_relevanssi_unpin_keywords":"","_relevanssi_related_keywords":"","_relevanssi_related_include_ids":"","_relevanssi_related_exclude_ids":"","_relevanssi_related_no_append":"","_relevanssi_related_not_related":"","_relevanssi_related_posts":"","_relevanssi_noindex_reason":""},"product_brand":[],"product_cat":[100,102,56,54,55],"product_tag":[],"woo-feed-brand":[],"class_list":{"0":"post-3975","1":"product","2":"type-product","3":"status-publish","4":"has-post-thumbnail","6":"product_cat-leather-pants","7":"product_cat-airbag-jackets-vests","8":"product_cat-mc-clothing","9":"product_cat-pants","10":"product_cat-safety-equipment","12":"first","13":"instock","14":"taxable","15":"shipping-taxable","16":"purchasable","17":"product-type-variable"},"_links":{"self":[{"href":"https:\/\/www.cphmc.com\/da\/wp-json\/wp\/v2\/product\/3975","targetHints":{"allow":["GET"]}}],"collection":[{"href":"https:\/\/www.cphmc.com\/da\/wp-json\/wp\/v2\/product"}],"about":[{"href":"https:\/\/www.cphmc.com\/da\/wp-json\/wp\/v2\/types\/product"}],"replies":[{"embeddable":true,"href":"https:\/\/www.cphmc.com\/da\/wp-json\/wp\/v2\/comments?post=3975"}],"wp:featuredmedia":[{"embeddable":true,"href":"https:\/\/www.cphmc.com\/da\/wp-json\/wp\/v2\/media\/3994"}],"wp:attachment":[{"href":"https:\/\/www.cphmc.com\/da\/wp-json\/wp\/v2\/media?parent=3975"}],"wp:term":[{"taxonomy":"product_brand","embeddable":true,"href":"https:\/\/www.cphmc.com\/da\/wp-json\/wp\/v2\/product_brand?post=3975"},{"taxonomy":"product_cat","embeddable":true,"href":"https:\/\/www.cphmc.com\/da\/wp-json\/wp\/v2\/product_cat?post=3975"},{"taxonomy":"product_tag","embeddable":true,"href":"https:\/\/www.cphmc.com\/da\/wp-json\/wp\/v2\/product_tag?post=3975"},{"taxonomy":"woo-feed-brand","embeddable":true,"href":"https:\/\/www.cphmc.com\/da\/wp-json\/wp\/v2\/woo-feed-brand?post=3975"}],"curies":[{"name":"wp","href":"https:\/\/api.w.org\/{rel}","templated":true}]}}