{"id":4050,"date":"2022-07-01T20:55:15","date_gmt":"2022-07-01T18:55:15","guid":{"rendered":"https:\/\/www.cphmc.com\/?post_type=product&#038;p=4050"},"modified":"2023-06-14T13:03:16","modified_gmt":"2023-06-14T11:03:16","slug":"rst-tractech-evo-3-sports-leather-boots-blue","status":"publish","type":"product","link":"https:\/\/www.cphmc.com\/da\/mc-clothing\/boots\/sports-boots\/rst-tractech-evo-3-sports-leather-boots-blue\/","title":{"rendered":"RST Tractech Evo 3 Sports l\u00e6derst\u00f8vler \u2013 Bl\u00e5"},"content":{"rendered":"<p>Designet til komfort og sikkerhed, er Tractech Evo III st\u00f8vlen blevet udviklet med utallige timer p\u00e5 vej og p\u00e5 banen!<\/p>\n<p><strong>Rustning<\/strong><\/p>\n<ul>\n<li>CE-certificering: Niveau 2\/2\/1<\/li>\n<li>H\u00e6lbeskyttelse: St\u00f8bt TPU-h\u00e6lcockpit<\/li>\n<li>Skinnebensbeskyttelse: St\u00f8bt TPU skinnebensbeskytter<\/li>\n<li>Ankelbeskyttelse: TPU<\/li>\n<\/ul>\n<p><strong>Konstruktion<\/strong><\/p>\n<ul>\n<li>Ydre hovedmateriale: Mikrofiber<\/li>\n<li>Ventilation: Perforeret l\u00e6der<\/li>\n<li>Lukning: Lynl\u00e5s og velcro<\/li>\n<li>Skiftepude: Ja<\/li>\n<li>T\u00e5skyder: Zinklegering<\/li>\n<li>Skaft: Polycarbonat Anti Twist<\/li>\n<li>Inders\u00e5l: Antibakteriel gel<\/li>\n<li>Yders\u00e5l: Dual Density Non Slip Racing-s\u00e5l<\/li>\n<li>Ankel: H\u00e6ngslet ankelst\u00f8tte<\/li>\n<li>T\u00e5boks: Ja<\/li>\n<\/ul>","protected":false},"excerpt":{"rendered":"<p>RST Tractech Evo 3 SP er designet til komfort og sikkerhed, Tractech Evo III st\u00f8vlen er udviklet med utallige timer p\u00e5 vej og bane!<\/p>\n<ul>\n<li>CE-certificering: Niveau 2\/2\/1<\/li>\n<li>H\u00e6lbeskyttelse: St\u00f8bt TPU-h\u00e6lcockpit<\/li>\n<li>Skinnebensbeskyttelse: St\u00f8bt TPU skinnebensbeskytter<\/li>\n<li>Ankelbeskyttelse: TPU<\/li>\n<li>T\u00e5skyder: Zinklegering<\/li>\n<\/ul>","protected":false},"featured_media":4059,"comment_status":"closed","ping_status":"closed","template":"","meta":{"_relevanssi_hide_post":"","_relevanssi_hide_content":"","_relevanssi_pin_for_all":"","_relevanssi_pin_keywords":"","_relevanssi_unpin_keywords":"","_relevanssi_related_keywords":"","_relevanssi_related_include_ids":"","_relevanssi_related_exclude_ids":"","_relevanssi_related_no_append":"","_relevanssi_related_not_related":"","_relevanssi_related_posts":"","_relevanssi_noindex_reason":""},"product_brand":[],"product_cat":[263,51,56],"product_tag":[],"woo-feed-brand":[],"class_list":{"0":"post-4050","1":"product","2":"type-product","3":"status-publish","4":"has-post-thumbnail","6":"product_cat-sports-boots","7":"product_cat-boots","8":"product_cat-mc-clothing","10":"first","11":"instock","12":"taxable","13":"shipping-taxable","14":"purchasable","15":"product-type-variable"},"_links":{"self":[{"href":"https:\/\/www.cphmc.com\/da\/wp-json\/wp\/v2\/product\/4050","targetHints":{"allow":["GET"]}}],"collection":[{"href":"https:\/\/www.cphmc.com\/da\/wp-json\/wp\/v2\/product"}],"about":[{"href":"https:\/\/www.cphmc.com\/da\/wp-json\/wp\/v2\/types\/product"}],"replies":[{"embeddable":true,"href":"https:\/\/www.cphmc.com\/da\/wp-json\/wp\/v2\/comments?post=4050"}],"wp:featuredmedia":[{"embeddable":true,"href":"https:\/\/www.cphmc.com\/da\/wp-json\/wp\/v2\/media\/4059"}],"wp:attachment":[{"href":"https:\/\/www.cphmc.com\/da\/wp-json\/wp\/v2\/media?parent=4050"}],"wp:term":[{"taxonomy":"product_brand","embeddable":true,"href":"https:\/\/www.cphmc.com\/da\/wp-json\/wp\/v2\/product_brand?post=4050"},{"taxonomy":"product_cat","embeddable":true,"href":"https:\/\/www.cphmc.com\/da\/wp-json\/wp\/v2\/product_cat?post=4050"},{"taxonomy":"product_tag","embeddable":true,"href":"https:\/\/www.cphmc.com\/da\/wp-json\/wp\/v2\/product_tag?post=4050"},{"taxonomy":"woo-feed-brand","embeddable":true,"href":"https:\/\/www.cphmc.com\/da\/wp-json\/wp\/v2\/woo-feed-brand?post=4050"}],"curies":[{"name":"wp","href":"https:\/\/api.w.org\/{rel}","templated":true}]}}