{"id":4243,"date":"2022-07-04T10:36:00","date_gmt":"2022-07-04T08:36:00","guid":{"rendered":"https:\/\/www.cphmc.com\/?post_type=product&#038;p=4243"},"modified":"2023-06-14T12:57:54","modified_gmt":"2023-06-14T10:57:54","slug":"rst-pro-series-airbag-ce-leather-suit-camo-yellow","status":"publish","type":"product","link":"https:\/\/www.cphmc.com\/da\/mc-clothing\/jackets-vests\/race-suits\/rst-pro-series-airbag-ce-leather-suit-camo-yellow\/","title":{"rendered":"RST Pro Series Airbag CE l\u00e6derdragt \u2013 Camo Yellow"},"content":{"rendered":"<p>Komfort og beskyttelse er i sandhed kernen i denne heldragt. Sk\u00e5ret lidt mindre aggressivt end V4.1, Pro Series-dragten er fuldt CE-certificeret til niveau AAA og er et ideelt valg til banedage.<\/p>\n<p>Dragten er lavet af super smidigt premium oksel\u00e6der og er forst\u00e6rket med s\u00f8mfri fire-vejs v\u00e6vet stretch med bev\u00e6gelsespaneler, der str\u00e6kker sig fra siden af kroppen til armene og over bryst, kn\u00e6, albuer, bagside, inderside af l\u00e6g og l\u00e5r . Dette forbedrer kropsl\u00e6ngden og tilbyder overlegne niveauer af komfort og bev\u00e6gelse p\u00e5 og af cyklen. Derudover har det dobbelte l\u00e6der p\u00e5 s\u00e6det ogs\u00e5 en syet halebensbeskytter, og den indvendige del af kn\u00e6et har Dupont\u2122 Kevlar\u00ae for at hj\u00e6lpe med grebet om br\u00e6ndstoftanken under kraftige opbremsninger.<\/p>\n<p>Derudover absorberer det faste 3D Quick Dry mesh-for nemt sved, er hurtigtt\u00f8rrende og sammen med panelet i panelventilation p\u00e5 bryst, krop, inderl\u00e5r og ryg, holder du dig frisk.<\/p>\n<p>Race-pukkelen er designet til at rumme hjelmspoilere og hj\u00e6lper med aerodynamisk ydeevne i en racer-tuck.<\/p>\n<p>Tilf\u00f8j klassens f\u00f8rende sikkerhedsfunktioner s\u00e5som pakken af CE-certificeret rustning, TPU-skulder- og kn\u00e6kopper, hurtigudl\u00f8sende krog-og-l\u00f8kke-albue- og kn\u00e6skydere, og du har en ridedragt med h\u00f8j stamtavle, der sl\u00e5r langt over sin v\u00e6gt.<\/p>\n<p>CE-klassificering: AAA<\/p>\n<p><strong>Rustning<br \/>\n<\/strong><\/p>\n<ul>\n<li>In&amp;Motion Airbag System<\/li>\n<li>Rygbeskytter: Kun lomme<\/li>\n<li>Skulderrustning: CE niveau 2<\/li>\n<li>Albuepanser: CE niveau 2<\/li>\n<li>Langt kn\u00e6rustning: Niveau 1<\/li>\n<li>Hofterustning: CE niveau 2<\/li>\n<li>Skuldersk\u00e5l: TPU<\/li>\n<li>Kn\u00e6 kop: TPU<\/li>\n<\/ul>\n<p><strong>Konstruktion<\/strong><\/p>\n<ul>\n<li>Hovedydre materiale: Premium trommefarvet oksel\u00e6der<\/li>\n<li>Str\u00e6kmateriale: 4-vejs v\u00e6vede str\u00e6kpaneler med Full Body Motion-paneler<\/li>\n<li>Indvendig foring: Fast Quick Dry Mesh Foring<\/li>\n<li>Manchet: Neopren Race<\/li>\n<li>Krave: Neopren Race<\/li>\n<li>Lynl\u00e5se: MAX lynl\u00e5se<\/li>\n<li>Tr\u00e5d: Bonded Nylon<\/li>\n<li>Ventilation: Panel i panelperforeret l\u00e6der<\/li>\n<li>Forst\u00e6rkning: Dobbelt l\u00e6der i st\u00f8domr\u00e5der<\/li>\n<\/ul>\n<p><strong>Egenskaber og fordele<\/strong><\/p>\n<ul>\n<li>Pukkel: Aerodynamisk Race Pukkel<\/li>\n<li>Albueskyder: Aftagelige krog- og l\u00f8kkealbueskydere<\/li>\n<li>Knee Slider: Quick Release Hook &amp; Loop Knee Slider<\/li>\n<li>Gummibehandlet aramid kn\u00e6greb: Ja<\/li>\n<li>Tilpas profil: Spor<\/li>\n<\/ul>","protected":false},"excerpt":{"rendered":"<p>Komfort og beskyttelse er i sandhed kernen i denne heldragt. Sk\u00e5ret lidt mindre aggressivt end V4.1, Pro Series-dragten er fuldt CE-certificeret til niveau AAA og er et ideelt valg til banedage.<\/p>\n<ul>\n<li>In&amp;Motion Airbag System<\/li>\n<li>Hovedydre materiale: Premium trommefarvet oksel\u00e6der<\/li>\n<li>Str\u00e6kmateriale: 4-vejs v\u00e6vede str\u00e6kpaneler med Full Body Motion-paneler<\/li>\n<li>Ventilation: Panel i panelperforeret l\u00e6der<\/li>\n<li>Tilpas profil: Spor<\/li>\n<\/ul>","protected":false},"featured_media":4251,"comment_status":"closed","ping_status":"closed","template":"","meta":{"_relevanssi_hide_post":"","_relevanssi_hide_content":"","_relevanssi_pin_for_all":"","_relevanssi_pin_keywords":"","_relevanssi_unpin_keywords":"","_relevanssi_related_keywords":"","_relevanssi_related_include_ids":"","_relevanssi_related_exclude_ids":"","_relevanssi_related_no_append":"","_relevanssi_related_not_related":"","_relevanssi_related_posts":"","_relevanssi_noindex_reason":""},"product_brand":[],"product_cat":[264,53,56,15],"product_tag":[234],"woo-feed-brand":[],"class_list":{"0":"post-4243","1":"product","2":"type-product","3":"status-publish","4":"has-post-thumbnail","6":"product_cat-race-suits","7":"product_cat-jackets-vests","8":"product_cat-mc-clothing","9":"product_cat-news","10":"product_tag-airbag","11":"product_shipping_class-race-suits","13":"first","14":"instock","15":"taxable","16":"shipping-taxable","17":"purchasable","18":"product-type-variable"},"_links":{"self":[{"href":"https:\/\/www.cphmc.com\/da\/wp-json\/wp\/v2\/product\/4243","targetHints":{"allow":["GET"]}}],"collection":[{"href":"https:\/\/www.cphmc.com\/da\/wp-json\/wp\/v2\/product"}],"about":[{"href":"https:\/\/www.cphmc.com\/da\/wp-json\/wp\/v2\/types\/product"}],"replies":[{"embeddable":true,"href":"https:\/\/www.cphmc.com\/da\/wp-json\/wp\/v2\/comments?post=4243"}],"wp:featuredmedia":[{"embeddable":true,"href":"https:\/\/www.cphmc.com\/da\/wp-json\/wp\/v2\/media\/4251"}],"wp:attachment":[{"href":"https:\/\/www.cphmc.com\/da\/wp-json\/wp\/v2\/media?parent=4243"}],"wp:term":[{"taxonomy":"product_brand","embeddable":true,"href":"https:\/\/www.cphmc.com\/da\/wp-json\/wp\/v2\/product_brand?post=4243"},{"taxonomy":"product_cat","embeddable":true,"href":"https:\/\/www.cphmc.com\/da\/wp-json\/wp\/v2\/product_cat?post=4243"},{"taxonomy":"product_tag","embeddable":true,"href":"https:\/\/www.cphmc.com\/da\/wp-json\/wp\/v2\/product_tag?post=4243"},{"taxonomy":"woo-feed-brand","embeddable":true,"href":"https:\/\/www.cphmc.com\/da\/wp-json\/wp\/v2\/woo-feed-brand?post=4243"}],"curies":[{"name":"wp","href":"https:\/\/api.w.org\/{rel}","templated":true}]}}