{"id":4256,"date":"2022-07-04T10:40:38","date_gmt":"2022-07-04T08:40:38","guid":{"rendered":"https:\/\/www.cphmc.com\/?post_type=product&#038;p=4256"},"modified":"2023-06-14T12:57:52","modified_gmt":"2023-06-14T10:57:52","slug":"rst-podium-airbag-suit-leather-black","status":"publish","type":"product","link":"https:\/\/www.cphmc.com\/da\/mc-clothing\/jackets-vests\/race-suits\/rst-podium-airbag-suit-leather-black\/","title":{"rendered":"RST Podium Airbag Suit L\u00e6der \u2013 Sort"},"content":{"rendered":"<p>Er dette virkelig en entry level heldragt? Vi har pakket s\u00e5 mange specs ind i Podium Integrated Airbag-dragten, at det vil bl\u00e6se dit sind. Sk\u00e5ret mindre aggressivt end vores banefokuserede dragter, Podium er fuldt CE-certificeret til niveau AAA og er perfekt til hverdagsk\u00f8rsel.<\/p>\n<p>Dragten er lavet af fuldnarvet l\u00e6der og er forst\u00e6rket med fire-vejs v\u00e6vet stretch med bev\u00e6gelsespaneler i hele kroppen p\u00e5 tv\u00e6rs af armene til toppen af brystet, siden af kroppen og inderl\u00e5ret til s\u00e6deomr\u00e5det for overlegen komfort og bev\u00e6gelsesniveau. p\u00e5 og af cyklen og hj\u00e6lper med at udl\u00f8se airbaggen.<\/p>\n<p>Dragten har en fast mesh-for til at absorbere sved, som sammen med panel-i-panel ventilation holder dig frisk. Foret er designet til at g\u00f8re dragten let at tage p\u00e5 og af og giver ogs\u00e5 lettere adgang til In&amp;box og gasbeholderen.<\/p>\n<p>Hvad ang\u00e5r beskyttelse, supplerer suiten af CE Level 1-panser, TPU-skuldersk\u00e5le og den integrerede In&amp;motion-airbagteknologi alle denne enkle, men alligevel slagkraftige dragt i \u00e9t stykke.<\/p>\n<p>CE-klassificering: AAA<\/p>\n<p><strong>Rustning<\/strong><\/p>\n<ul>\n<li>Rygbeskytter: In&amp;motion CE Rygbeskytter niveau 1<\/li>\n<li>Skulderpanser: CE niveau 1<\/li>\n<li>Albuepanser: CE niveau 1<\/li>\n<li>Kn\u00e6rustning: Niveau 1<\/li>\n<li>Hofterustning: CE niveau 1<\/li>\n<li>Skuldersk\u00e5l: TPU<\/li>\n<li>Airbag: In&amp;motion System<\/li>\n<\/ul>\n<p><strong>Konstruktion<\/strong><\/p>\n<ul>\n<li>Hovedydermateriale: Fuldnarvet l\u00e6der<\/li>\n<li>Str\u00e6kmateriale: 4-vejs v\u00e6vede str\u00e6kpaneler med Full Body Motion-paneler<\/li>\n<li>Indvendig foring: Fast mesh-for<\/li>\n<li>Manchet: Neopren Race<\/li>\n<li>Krave: Neopren Race<\/li>\n<li>Lynl\u00e5se: MAX lynl\u00e5se<\/li>\n<li>Tr\u00e5d: Bonded Nylon<\/li>\n<li>Ventilation: Panel i panelperforeret l\u00e6der<\/li>\n<li>Forst\u00e6rkning: Dobbelt l\u00e6der i st\u00f8domr\u00e5der<\/li>\n<\/ul>\n<p><strong>Egenskaber og fordele<\/strong><\/p>\n<ul>\n<li>Pukkel: Aerodynamisk Race Pukkel<\/li>\n<li>Kn\u00e6skyder: Nej \u2013 Loop-materiale p\u00e5 dragten<\/li>\n<li>Fit profil: Sport<\/li>\n<\/ul>","protected":false},"excerpt":{"rendered":"<p>Vi har pakket s\u00e5 mange specs ind i Podium Integrated Airbag-dragten, at det vil bl\u00e6se dit sind. Sk\u00e5ret mindre aggressivt end vores banefokuserede dragter, Podium er fuldt CE-certificeret til niveau AAA og er perfekt til hverdagsk\u00f8rsel.<\/p>\n<ul>\n<li>Rygbeskytter: In&amp;motion CE Rygbeskytter niveau 1<\/li>\n<li>Airbag: In&amp;motion System<\/li>\n<li>Hovedydermateriale: Fuldnarvet l\u00e6der<\/li>\n<li>Str\u00e6kmateriale: 4-vejs v\u00e6vede str\u00e6kpaneler med Full Body Motion-paneler<\/li>\n<li>Ventilation: Panel i panelperforeret l\u00e6der<\/li>\n<li>Forst\u00e6rkning: Dobbelt l\u00e6der i st\u00f8domr\u00e5der<\/li>\n<li>Fit profil: Sport<\/li>\n<\/ul>","protected":false},"featured_media":4264,"comment_status":"closed","ping_status":"closed","template":"","meta":{"_relevanssi_hide_post":"","_relevanssi_hide_content":"","_relevanssi_pin_for_all":"","_relevanssi_pin_keywords":"","_relevanssi_unpin_keywords":"","_relevanssi_related_keywords":"","_relevanssi_related_include_ids":"","_relevanssi_related_exclude_ids":"","_relevanssi_related_no_append":"","_relevanssi_related_not_related":"","_relevanssi_related_posts":"","_relevanssi_noindex_reason":""},"product_brand":[],"product_cat":[264,53,56,15],"product_tag":[234],"woo-feed-brand":[],"class_list":{"0":"post-4256","1":"product","2":"type-product","3":"status-publish","4":"has-post-thumbnail","6":"product_cat-race-suits","7":"product_cat-jackets-vests","8":"product_cat-mc-clothing","9":"product_cat-news","10":"product_tag-airbag","11":"product_shipping_class-race-suits","13":"first","14":"instock","15":"taxable","16":"shipping-taxable","17":"purchasable","18":"product-type-variable"},"_links":{"self":[{"href":"https:\/\/www.cphmc.com\/da\/wp-json\/wp\/v2\/product\/4256","targetHints":{"allow":["GET"]}}],"collection":[{"href":"https:\/\/www.cphmc.com\/da\/wp-json\/wp\/v2\/product"}],"about":[{"href":"https:\/\/www.cphmc.com\/da\/wp-json\/wp\/v2\/types\/product"}],"replies":[{"embeddable":true,"href":"https:\/\/www.cphmc.com\/da\/wp-json\/wp\/v2\/comments?post=4256"}],"wp:featuredmedia":[{"embeddable":true,"href":"https:\/\/www.cphmc.com\/da\/wp-json\/wp\/v2\/media\/4264"}],"wp:attachment":[{"href":"https:\/\/www.cphmc.com\/da\/wp-json\/wp\/v2\/media?parent=4256"}],"wp:term":[{"taxonomy":"product_brand","embeddable":true,"href":"https:\/\/www.cphmc.com\/da\/wp-json\/wp\/v2\/product_brand?post=4256"},{"taxonomy":"product_cat","embeddable":true,"href":"https:\/\/www.cphmc.com\/da\/wp-json\/wp\/v2\/product_cat?post=4256"},{"taxonomy":"product_tag","embeddable":true,"href":"https:\/\/www.cphmc.com\/da\/wp-json\/wp\/v2\/product_tag?post=4256"},{"taxonomy":"woo-feed-brand","embeddable":true,"href":"https:\/\/www.cphmc.com\/da\/wp-json\/wp\/v2\/woo-feed-brand?post=4256"}],"curies":[{"name":"wp","href":"https:\/\/api.w.org\/{rel}","templated":true}]}}