{"id":4286,"date":"2022-07-04T11:54:30","date_gmt":"2022-07-04T09:54:30","guid":{"rendered":"https:\/\/www.cphmc.com\/?post_type=product&#038;p=4286"},"modified":"2023-06-14T12:57:48","modified_gmt":"2023-06-14T10:57:48","slug":"rst-s1-leather-suit-red","status":"publish","type":"product","link":"https:\/\/www.cphmc.com\/da\/mc-clothing\/jackets-vests\/race-suits\/rst-s1-leather-suit-red\/","title":{"rendered":"RST S1 L\u00e6derdragt \u2013 R\u00f8d"},"content":{"rendered":"<p>En fantastisk dragt p\u00e5 begynderniveau til racersektoren. Sp\u00e6kket med ergonomiske stretchpaneler, n\u00e6ste generation af skuldersk\u00e5le og racersammensatte kn\u00e6skydere, S1 CE l\u00e6derdragten til m\u00e6nd giver utrolig v\u00e6rdi. Tag ud p\u00e5 vejen og spor i denne sporty og aggressive dragt, men med et mindre aggressivt snit, der g\u00f8r det behageligt p\u00e5 og af cyklen.<\/p>\n<p>CE-m\u00e6rkning: AAA<\/p>\n<p><strong>Rustning<\/strong><\/p>\n<ul>\n<li>Rygbeskytter: Kun lomme<\/li>\n<li>Skulderpanser: CE niveau 1<\/li>\n<li>Albuepanser: CE niveau 1<\/li>\n<li>Hofterustning: CE niveau 2<\/li>\n<li>Kn\u00e6rustning: Langt kn\u00e6 CE niveau 1<\/li>\n<\/ul>\n<p><strong>Konstruktion<\/strong><\/p>\n<ul>\n<li>Materiale: L\u00e6der<\/li>\n<li>Str\u00e6kmateriale: 4-vejs str\u00e6k med l\u00e6derbev\u00e6gelsespaneler med bev\u00e6gelsespaneler<\/li>\n<li>Indvendig foring: Mesh<\/li>\n<li>Manchet: Neopren<\/li>\n<li>Lynl\u00e5se: MAX\/SAB<\/li>\n<li>Tr\u00e5d: Bonded Nylon<\/li>\n<li>Ventilation: Panel i panelperforeret l\u00e6der<\/li>\n<li>Forst\u00e6rkning: Dobbelt l\u00e6der i st\u00f8domr\u00e5der<\/li>\n<\/ul>\n<p><strong>Egenskaber og fordele<\/strong><\/p>\n<ul>\n<li>Skulderkopper<\/li>\n<li>Kn\u00e6 skydere<\/li>\n<\/ul>\n<p>Fit profil: Sport<\/p>","protected":false},"excerpt":{"rendered":"<p>N\u00e6ste generation af skuldersk\u00e5le og racersammensatte kn\u00e6skydere, S1 CE l\u00e6derdragten til m\u00e6nd giver utrolig v\u00e6rdi. Tag ud p\u00e5 vejen og spor i denne sporty og aggressive dragt, men med et mindre aggressivt snit, der g\u00f8r det behageligt p\u00e5 og af cyklen.<\/p>\n<ul>\n<li>Rygbeskytter: Kun lomme<\/li>\n<li>Skulder\/albue\/kn\u00e6rustning: CE niveau 1<\/li>\n<li>Hofterustning: CE niveau 2<\/li>\n<li>Materiale: L\u00e6der<\/li>\n<li>Str\u00e6kmateriale: 4-vejs str\u00e6k med l\u00e6derbev\u00e6gelsespaneler med bev\u00e6gelsespaneler<\/li>\n<li>Fit profil: Sport<\/li>\n<\/ul>","protected":false},"featured_media":4296,"comment_status":"closed","ping_status":"closed","template":"","meta":{"_relevanssi_hide_post":"","_relevanssi_hide_content":"","_relevanssi_pin_for_all":"","_relevanssi_pin_keywords":"","_relevanssi_unpin_keywords":"","_relevanssi_related_keywords":"","_relevanssi_related_include_ids":"","_relevanssi_related_exclude_ids":"","_relevanssi_related_no_append":"","_relevanssi_related_not_related":"","_relevanssi_related_posts":"","_relevanssi_noindex_reason":""},"product_brand":[],"product_cat":[264,53,56,15],"product_tag":[],"woo-feed-brand":[],"class_list":{"0":"post-4286","1":"product","2":"type-product","3":"status-publish","4":"has-post-thumbnail","6":"product_cat-race-suits","7":"product_cat-jackets-vests","8":"product_cat-mc-clothing","9":"product_cat-news","10":"product_shipping_class-race-suits","12":"first","13":"instock","14":"taxable","15":"shipping-taxable","16":"purchasable","17":"product-type-variable"},"_links":{"self":[{"href":"https:\/\/www.cphmc.com\/da\/wp-json\/wp\/v2\/product\/4286","targetHints":{"allow":["GET"]}}],"collection":[{"href":"https:\/\/www.cphmc.com\/da\/wp-json\/wp\/v2\/product"}],"about":[{"href":"https:\/\/www.cphmc.com\/da\/wp-json\/wp\/v2\/types\/product"}],"replies":[{"embeddable":true,"href":"https:\/\/www.cphmc.com\/da\/wp-json\/wp\/v2\/comments?post=4286"}],"wp:featuredmedia":[{"embeddable":true,"href":"https:\/\/www.cphmc.com\/da\/wp-json\/wp\/v2\/media\/4296"}],"wp:attachment":[{"href":"https:\/\/www.cphmc.com\/da\/wp-json\/wp\/v2\/media?parent=4286"}],"wp:term":[{"taxonomy":"product_brand","embeddable":true,"href":"https:\/\/www.cphmc.com\/da\/wp-json\/wp\/v2\/product_brand?post=4286"},{"taxonomy":"product_cat","embeddable":true,"href":"https:\/\/www.cphmc.com\/da\/wp-json\/wp\/v2\/product_cat?post=4286"},{"taxonomy":"product_tag","embeddable":true,"href":"https:\/\/www.cphmc.com\/da\/wp-json\/wp\/v2\/product_tag?post=4286"},{"taxonomy":"woo-feed-brand","embeddable":true,"href":"https:\/\/www.cphmc.com\/da\/wp-json\/wp\/v2\/woo-feed-brand?post=4286"}],"curies":[{"name":"wp","href":"https:\/\/api.w.org\/{rel}","templated":true}]}}