{"id":4356,"date":"2022-07-04T15:15:22","date_gmt":"2022-07-04T13:15:22","guid":{"rendered":"https:\/\/www.cphmc.com\/?post_type=product&#038;p=4356"},"modified":"2026-02-10T17:24:56","modified_gmt":"2026-02-10T16:24:56","slug":"rst-tractech-evo-4-leather-suit-red","status":"publish","type":"product","link":"https:\/\/www.cphmc.com\/da\/mc-clothing\/jackets-vests\/race-suits\/rst-tractech-evo-4-leather-suit-red\/","title":{"rendered":"RST Tractech EVO 4 L\u00e6derdragt \u2013 R\u00f8d"},"content":{"rendered":"<p>TracTech Evo 4 Suit er designet til at v\u00e6re behagelig p\u00e5 og af cyklen. Med en forbedring i kn\u00e6konstruktionen og str\u00e6kpanelpositioner har det bidraget til at forbedre ergonomien i denne dragt.<\/p>\n<p><strong>Rustning<\/strong><\/p>\n<ul>\n<li>CE-certificering: AAA<\/li>\n<li>Rygbeskytter: CE niveau 1<\/li>\n<li>Skulderpanser: CE niveau 1<\/li>\n<li>Albuepanser: CE niveau 1<\/li>\n<li>Hofterustning: CE niveau 2<\/li>\n<li>Kn\u00e6rustning: CE niveau 1<\/li>\n<li>Skuldersk\u00e5l: TPU<\/li>\n<\/ul>\n<p><strong>Konstruktion<\/strong><\/p>\n<ul>\n<li>Hovedydermateriale: Kohudsl\u00e6der<\/li>\n<li>Stretchmateriale: 4-vejs stretch med l\u00e6der<\/li>\n<li>Str\u00e6kpaneler<\/li>\n<li>Indvendig foring: Aftagelig Comfort Mesh foring<\/li>\n<li>Krave: L\u00e6der Race<\/li>\n<li>Manchet: rullet l\u00e6der<\/li>\n<li>Lynl\u00e5se: Max lynl\u00e5se<\/li>\n<li>Tr\u00e5d: Coates Bonded Nylon \u2013 Triple Stitched<\/li>\n<li>Ventilation: Perforeret l\u00e6der<\/li>\n<\/ul>\n<p><strong>Funktioner og fordele<\/strong><\/p>\n<ul>\n<li>Pukkel: Aerodynamisk Race Pukkel<\/li>\n<li>Knee Slider: Standard Knee Slider \u2013 mat<\/li>\n<\/ul>","protected":false},"excerpt":{"rendered":"<p>TracTech Evo 4 Suit er designet til at v\u00e6re behagelig p\u00e5 og af cyklen. Med en forbedring i kn\u00e6konstruktionen og str\u00e6kpanelpositioner har det bidraget til at forbedre ergonomien i denne dragt.<\/p>\n<ul>\n<li>Rygbeskytter: CE Niveau 1\/2<\/li>\n<li>Hovedydermateriale: Kohudsl\u00e6der<\/li>\n<li>Stretchmateriale: 4-vejs stretch med l\u00e6der<\/li>\n<li>Manchet: rullet l\u00e6der<\/li>\n<li>Pukkel: Aerodynamisk Race Pukkel<\/li>\n<li>Knee Slider: Standard Knee Slider \u2013 mat<\/li>\n<\/ul>","protected":false},"featured_media":4363,"comment_status":"closed","ping_status":"closed","template":"","meta":{"_relevanssi_hide_post":"","_relevanssi_hide_content":"","_relevanssi_pin_for_all":"","_relevanssi_pin_keywords":"","_relevanssi_unpin_keywords":"","_relevanssi_related_keywords":"","_relevanssi_related_include_ids":"","_relevanssi_related_exclude_ids":"","_relevanssi_related_no_append":"","_relevanssi_related_not_related":"","_relevanssi_related_posts":"","_relevanssi_noindex_reason":""},"product_brand":[],"product_cat":[264,53,56,15],"product_tag":[],"woo-feed-brand":[],"class_list":{"0":"post-4356","1":"product","2":"type-product","3":"status-publish","4":"has-post-thumbnail","6":"product_cat-race-suits","7":"product_cat-jackets-vests","8":"product_cat-mc-clothing","9":"product_cat-news","10":"product_shipping_class-race-suits","12":"first","13":"instock","14":"taxable","15":"shipping-taxable","16":"purchasable","17":"product-type-variable"},"_links":{"self":[{"href":"https:\/\/www.cphmc.com\/da\/wp-json\/wp\/v2\/product\/4356","targetHints":{"allow":["GET"]}}],"collection":[{"href":"https:\/\/www.cphmc.com\/da\/wp-json\/wp\/v2\/product"}],"about":[{"href":"https:\/\/www.cphmc.com\/da\/wp-json\/wp\/v2\/types\/product"}],"replies":[{"embeddable":true,"href":"https:\/\/www.cphmc.com\/da\/wp-json\/wp\/v2\/comments?post=4356"}],"wp:featuredmedia":[{"embeddable":true,"href":"https:\/\/www.cphmc.com\/da\/wp-json\/wp\/v2\/media\/4363"}],"wp:attachment":[{"href":"https:\/\/www.cphmc.com\/da\/wp-json\/wp\/v2\/media?parent=4356"}],"wp:term":[{"taxonomy":"product_brand","embeddable":true,"href":"https:\/\/www.cphmc.com\/da\/wp-json\/wp\/v2\/product_brand?post=4356"},{"taxonomy":"product_cat","embeddable":true,"href":"https:\/\/www.cphmc.com\/da\/wp-json\/wp\/v2\/product_cat?post=4356"},{"taxonomy":"product_tag","embeddable":true,"href":"https:\/\/www.cphmc.com\/da\/wp-json\/wp\/v2\/product_tag?post=4356"},{"taxonomy":"woo-feed-brand","embeddable":true,"href":"https:\/\/www.cphmc.com\/da\/wp-json\/wp\/v2\/woo-feed-brand?post=4356"}],"curies":[{"name":"wp","href":"https:\/\/api.w.org\/{rel}","templated":true}]}}