{"id":4416,"date":"2022-07-18T10:32:15","date_gmt":"2022-07-18T08:32:15","guid":{"rendered":"https:\/\/www.cphmc.com\/?post_type=product&#038;p=4416"},"modified":"2022-12-17T11:37:58","modified_gmt":"2022-12-17T10:37:58","slug":"aqua-t-30-roll-bag-30l","status":"publish","type":"product","link":"https:\/\/www.cphmc.com\/da\/mc-equipment\/bags-backpacks\/backpacks-drybags\/aqua-t-30-roll-bag-30l\/","title":{"rendered":"Aqua T-30 Rullepose \u2013 30L"},"content":{"rendered":"<p>Oxfords Aqua Bags er en af de nemmeste m\u00e5der at f\u00e5 dit udstyr fra A til B, sikkert og t\u00f8rt. De er lavet af h\u00e5rd PVC presenning, som er svejset til vandt\u00e6tte s\u00f8mme.<\/p>\n<p><strong>N\u00f8glefunktioner<\/strong><\/p>\n<ul>\n<li>30 liters kapacitet<\/li>\n<li>Nemt gribeh\u00e5ndtag p\u00e5 toppen<\/li>\n<li>Vandt\u00e6t rulletop lukning<\/li>\n<li>Udvendige og indvendige lommer til sm\u00e5ting<\/li>\n<li>Ren, vandt\u00e6t konstruktion med svejsede s\u00f8mme<\/li>\n<li>Polstret skulderrem for ekstra komfort<\/li>\n<li>Netlomme foran til opbevaring af fugtige genstande<\/li>\n<li>Unikt fastg\u00f8relsessystem til motorcykler med sikkerhedsrem under s\u00e6det<\/li>\n<li>Reflekterende detaljer for forbedret synlighed<\/li>\n<li>Kompressionsstropper for maksimal stabilitet<\/li>\n<li>Vandafvisende lynl\u00e5se<\/li>\n<li>Velegnet til brug p\u00e5 motorcykler<\/li>\n<\/ul>","protected":false},"excerpt":{"rendered":"<ul>\n<li>H\u00f8jde (cm): 34<\/li>\n<li>L\u00e6ngde (cm): 50<\/li>\n<li>Bredde (cm): 28<\/li>\n<li>Bagagekapacitet (L): 30<\/li>\n<\/ul>","protected":false},"featured_media":4419,"comment_status":"closed","ping_status":"closed","template":"","meta":{"_relevanssi_hide_post":"","_relevanssi_hide_content":"","_relevanssi_pin_for_all":"","_relevanssi_pin_keywords":"","_relevanssi_unpin_keywords":"","_relevanssi_related_keywords":"","_relevanssi_related_include_ids":"","_relevanssi_related_exclude_ids":"","_relevanssi_related_no_append":"","_relevanssi_related_not_related":"","_relevanssi_related_posts":"","_relevanssi_noindex_reason":""},"product_brand":[],"product_cat":[111,61,57],"product_tag":[],"woo-feed-brand":[],"class_list":{"0":"post-4416","1":"product","2":"type-product","3":"status-publish","4":"has-post-thumbnail","6":"product_cat-backpacks-drybags","7":"product_cat-bags-backpacks","8":"product_cat-mc-equipment","10":"first","11":"instock","12":"taxable","13":"shipping-taxable","14":"purchasable","15":"product-type-simple"},"_links":{"self":[{"href":"https:\/\/www.cphmc.com\/da\/wp-json\/wp\/v2\/product\/4416","targetHints":{"allow":["GET"]}}],"collection":[{"href":"https:\/\/www.cphmc.com\/da\/wp-json\/wp\/v2\/product"}],"about":[{"href":"https:\/\/www.cphmc.com\/da\/wp-json\/wp\/v2\/types\/product"}],"replies":[{"embeddable":true,"href":"https:\/\/www.cphmc.com\/da\/wp-json\/wp\/v2\/comments?post=4416"}],"wp:featuredmedia":[{"embeddable":true,"href":"https:\/\/www.cphmc.com\/da\/wp-json\/wp\/v2\/media\/4419"}],"wp:attachment":[{"href":"https:\/\/www.cphmc.com\/da\/wp-json\/wp\/v2\/media?parent=4416"}],"wp:term":[{"taxonomy":"product_brand","embeddable":true,"href":"https:\/\/www.cphmc.com\/da\/wp-json\/wp\/v2\/product_brand?post=4416"},{"taxonomy":"product_cat","embeddable":true,"href":"https:\/\/www.cphmc.com\/da\/wp-json\/wp\/v2\/product_cat?post=4416"},{"taxonomy":"product_tag","embeddable":true,"href":"https:\/\/www.cphmc.com\/da\/wp-json\/wp\/v2\/product_tag?post=4416"},{"taxonomy":"woo-feed-brand","embeddable":true,"href":"https:\/\/www.cphmc.com\/da\/wp-json\/wp\/v2\/woo-feed-brand?post=4416"}],"curies":[{"name":"wp","href":"https:\/\/api.w.org\/{rel}","templated":true}]}}