{"id":4427,"date":"2022-07-18T11:05:15","date_gmt":"2022-07-18T09:05:15","guid":{"rendered":"https:\/\/www.cphmc.com\/?post_type=product&#038;p=4427"},"modified":"2022-07-18T11:08:29","modified_gmt":"2022-07-18T09:08:29","slug":"globe-waterproof-gps-430","status":"publish","type":"product","link":"https:\/\/www.cphmc.com\/da\/mc-equipment\/electronics-mounts\/gps-cameras\/globe-waterproof-gps-430\/","title":{"rendered":"Globus vandt\u00e6t GPS 430"},"content":{"rendered":"<ul>\n<li>100% vandt\u00e6t: design til udend\u00f8rs brug (IP67 godkendt)<\/li>\n<li>4,3&#039;&#039; sk\u00e6rm: 10,9 cm fuld sk\u00e6rm<\/li>\n<li>Selvstyrende GPS<\/li>\n<li>OS: Windows CE<\/li>\n<\/ul>\n<p>Globe 430 GPS inkluderer: Europa Rutevejledning<br \/>\n(Maroc og verden: valgfri), off-road Ozi Explorer-software, IGN fransk fuld kort skala 1:100 000 (ekstra kort tilg\u00e6ngelige)<\/p>\n<p>Tilbeh\u00f8r: monteringsbeslag, ATV- og motorcykelstyrst\u00f8tte, str\u00f8mbatteri (ekstra lighter plugin tilg\u00e6ngelig), 220V adapter og stiletto<\/p>\n<p>Valgfrit IGN fransk kort skala 1: 25 000 anbefales st\u00e6rkt for et fuldt detaljeret kort<\/p>","protected":false},"excerpt":{"rendered":"<ul>\n<li>100% vandt\u00e6t: design til udend\u00f8rs brug (IP67 godkendt)<\/li>\n<li>4,3&#039;&#039; sk\u00e6rm: 10,9 cm fuld sk\u00e6rm<\/li>\n<li>Selvstyrende GPS<\/li>\n<li>OS: Windows CE<\/li>\n<\/ul>","protected":false},"featured_media":4428,"comment_status":"closed","ping_status":"closed","template":"","meta":{"_relevanssi_hide_post":"","_relevanssi_hide_content":"","_relevanssi_pin_for_all":"","_relevanssi_pin_keywords":"","_relevanssi_unpin_keywords":"","_relevanssi_related_keywords":"","_relevanssi_related_include_ids":"","_relevanssi_related_exclude_ids":"","_relevanssi_related_no_append":"","_relevanssi_related_not_related":"","_relevanssi_related_posts":"","_relevanssi_noindex_reason":""},"product_brand":[],"product_cat":[108,60,57],"product_tag":[],"woo-feed-brand":[],"class_list":{"0":"post-4427","1":"product","2":"type-product","3":"status-publish","4":"has-post-thumbnail","6":"product_cat-gps-cameras","7":"product_cat-electronics-mounts","8":"product_cat-mc-equipment","10":"first","11":"instock","12":"taxable","13":"shipping-taxable","14":"purchasable","15":"product-type-simple"},"_links":{"self":[{"href":"https:\/\/www.cphmc.com\/da\/wp-json\/wp\/v2\/product\/4427","targetHints":{"allow":["GET"]}}],"collection":[{"href":"https:\/\/www.cphmc.com\/da\/wp-json\/wp\/v2\/product"}],"about":[{"href":"https:\/\/www.cphmc.com\/da\/wp-json\/wp\/v2\/types\/product"}],"replies":[{"embeddable":true,"href":"https:\/\/www.cphmc.com\/da\/wp-json\/wp\/v2\/comments?post=4427"}],"wp:featuredmedia":[{"embeddable":true,"href":"https:\/\/www.cphmc.com\/da\/wp-json\/wp\/v2\/media\/4428"}],"wp:attachment":[{"href":"https:\/\/www.cphmc.com\/da\/wp-json\/wp\/v2\/media?parent=4427"}],"wp:term":[{"taxonomy":"product_brand","embeddable":true,"href":"https:\/\/www.cphmc.com\/da\/wp-json\/wp\/v2\/product_brand?post=4427"},{"taxonomy":"product_cat","embeddable":true,"href":"https:\/\/www.cphmc.com\/da\/wp-json\/wp\/v2\/product_cat?post=4427"},{"taxonomy":"product_tag","embeddable":true,"href":"https:\/\/www.cphmc.com\/da\/wp-json\/wp\/v2\/product_tag?post=4427"},{"taxonomy":"woo-feed-brand","embeddable":true,"href":"https:\/\/www.cphmc.com\/da\/wp-json\/wp\/v2\/woo-feed-brand?post=4427"}],"curies":[{"name":"wp","href":"https:\/\/api.w.org\/{rel}","templated":true}]}}