{"id":4431,"date":"2022-07-18T11:09:48","date_gmt":"2022-07-18T09:09:48","guid":{"rendered":"https:\/\/www.cphmc.com\/?post_type=product&#038;p=4431"},"modified":"2022-07-18T11:13:43","modified_gmt":"2022-07-18T09:13:43","slug":"gps-globe-street-europe","status":"publish","type":"product","link":"https:\/\/www.cphmc.com\/da\/mc-equipment\/electronics-mounts\/gps-cameras\/gps-globe-street-europe\/","title":{"rendered":"GPS Globe Street \u2013 Europa"},"content":{"rendered":"<p>Rejs gennem Europa med en 100% vejf\u00f8ring takket v\u00e6re Globe Street GPS.<\/p>\n<ul>\n<li>100% vandt\u00e6t: design til udend\u00f8rs brug (IP67 godkendt)<\/li>\n<li>Handske taktil venlig<\/li>\n<li>4,3&#039;&#039; sk\u00e6rm: 10,9 cm fuld sk\u00e6rm<\/li>\n<li>Selvstyrende GPS<\/li>\n<li>Den europ\u00e6iske vejvejledning omfattede 38 lande<\/li>\n<li>Fremragende lysstyrke<\/li>\n<\/ul>\n<p>Tilbeh\u00f8r: monteringsbeslag, ATV- og motorcykelstyrst\u00f8tte, 12V str\u00f8mbatteri (lighter plugin og direkte batteri), USB-kabel \u2013 mini-USB<\/p>\n<p>Denne lette og kompakte enhed sikrer en 100% vejf\u00f8ring gennem alle europ\u00e6iske lande (38 lande). Dens sk\u00e6rmst\u00f8rrelse og vandt\u00e6thed er perfekt til cykelnavigation. Alle n\u00f8dvendige funktioner er inkluderet: stemmevejledning (bluetooth-forbindelse), adresses\u00f8gning, interessepunkter, ruteplanl\u00e6gning, hastighedsadvarsel, GPS-position, brugerdefinerbar gr\u00e6nseflade og 43 sprog.<\/p>\n<p>Styrker \u2013<\/p>\n<p>&gt; GPS vandt\u00e6t og st\u00f8dsikker certificeret IP67 standard<\/p>\n<p>&gt; Lettere str\u00f8mforsyning og direkte batteri medf\u00f8lger<\/p>\n<p>&gt; En lydudgang via Bluetooth<\/p>\n<p>Europ\u00e6isk vejledning gennem 38 lande \u2013<\/p>\n<p>Albanien, Andorra, \u00d8strig, Belgien, Bulgarien, Bosnien-Hercegovina, Kroatien, Cypern, Danmark, Finland, Frankrig, Storbritannien, Gibraltar, Gr\u00e6kenland, Ungarn, Island, Irland, Italien, Liechtenstein, Luxembourg, Makedonien, Malta, Monaco, Montenegro , Norge, Holland, Polen, Portugal, Tjekkiet, Rum\u00e6nien, San Marino, Slovakiet, Slovenien, Schweiz, Sverige og Tyrkiet.<\/p>","protected":false},"excerpt":{"rendered":"<p>Rejs gennem Europa med en 100% vejf\u00f8ring takket v\u00e6re Globe Street GPS.<\/p>\n<ul>\n<li>100% vandt\u00e6t: design til udend\u00f8rs brug (IP67 godkendt)<\/li>\n<li>Handske taktil venlig<\/li>\n<li>4,3&#039;&#039; sk\u00e6rm: 10,9 cm fuld sk\u00e6rm<\/li>\n<li>Selvstyrende GPS<\/li>\n<li>Den europ\u00e6iske vejvejledning omfattede 38 lande<\/li>\n<li>Fremragende lysstyrke<\/li>\n<\/ul>","protected":false},"featured_media":4432,"comment_status":"closed","ping_status":"closed","template":"","meta":{"_relevanssi_hide_post":"","_relevanssi_hide_content":"","_relevanssi_pin_for_all":"","_relevanssi_pin_keywords":"","_relevanssi_unpin_keywords":"","_relevanssi_related_keywords":"","_relevanssi_related_include_ids":"","_relevanssi_related_exclude_ids":"","_relevanssi_related_no_append":"","_relevanssi_related_not_related":"","_relevanssi_related_posts":"","_relevanssi_noindex_reason":""},"product_brand":[],"product_cat":[108,60,57],"product_tag":[],"woo-feed-brand":[],"class_list":{"0":"post-4431","1":"product","2":"type-product","3":"status-publish","4":"has-post-thumbnail","6":"product_cat-gps-cameras","7":"product_cat-electronics-mounts","8":"product_cat-mc-equipment","10":"first","11":"instock","12":"taxable","13":"shipping-taxable","14":"purchasable","15":"product-type-simple"},"_links":{"self":[{"href":"https:\/\/www.cphmc.com\/da\/wp-json\/wp\/v2\/product\/4431","targetHints":{"allow":["GET"]}}],"collection":[{"href":"https:\/\/www.cphmc.com\/da\/wp-json\/wp\/v2\/product"}],"about":[{"href":"https:\/\/www.cphmc.com\/da\/wp-json\/wp\/v2\/types\/product"}],"replies":[{"embeddable":true,"href":"https:\/\/www.cphmc.com\/da\/wp-json\/wp\/v2\/comments?post=4431"}],"wp:featuredmedia":[{"embeddable":true,"href":"https:\/\/www.cphmc.com\/da\/wp-json\/wp\/v2\/media\/4432"}],"wp:attachment":[{"href":"https:\/\/www.cphmc.com\/da\/wp-json\/wp\/v2\/media?parent=4431"}],"wp:term":[{"taxonomy":"product_brand","embeddable":true,"href":"https:\/\/www.cphmc.com\/da\/wp-json\/wp\/v2\/product_brand?post=4431"},{"taxonomy":"product_cat","embeddable":true,"href":"https:\/\/www.cphmc.com\/da\/wp-json\/wp\/v2\/product_cat?post=4431"},{"taxonomy":"product_tag","embeddable":true,"href":"https:\/\/www.cphmc.com\/da\/wp-json\/wp\/v2\/product_tag?post=4431"},{"taxonomy":"woo-feed-brand","embeddable":true,"href":"https:\/\/www.cphmc.com\/da\/wp-json\/wp\/v2\/woo-feed-brand?post=4431"}],"curies":[{"name":"wp","href":"https:\/\/api.w.org\/{rel}","templated":true}]}}