{"id":4437,"date":"2022-07-20T09:54:14","date_gmt":"2022-07-20T07:54:14","guid":{"rendered":"https:\/\/www.cphmc.com\/?post_type=product&#038;p=4437"},"modified":"2026-02-10T17:24:55","modified_gmt":"2026-02-10T16:24:55","slug":"akrapovic-evolution-exhaust-system-suzuki-gsxr-1000","status":"publish","type":"product","link":"https:\/\/www.cphmc.com\/da\/mc-spareparts\/exhausts\/full-systems\/akrapovic-evolution-exhaust-system-suzuki-gsxr-1000\/","title":{"rendered":"Akrapovic Evolution udst\u00f8dningssystem \u2013 Suzuki GSXR 1000"},"content":{"rendered":"<p>Dette er et top-of-the-range komplet system, smukt udformet af h\u00f8jkvalitets ultralet titanium. Det er det letteste Akrapovic komplette udst\u00f8dningssystem, der kun vejer 4,4 kg \u2013 hvilket er over 57% lettere end standardsystemet.<\/p>\n<p>Den dybe, \u00e6gte racerlyd er perfekt afstemt til at matche den \u00f8gede ydeevne. For perfekt ydeevne, gasrespons og holdbarhed skal der bruges en speciel kortl\u00e6gning udviklet af Akrapovic i samarbejde med vores partner Rapid Bike by Dimsport.<\/p>\n<p>Akrapovic Racing og Evolution systemer er designet til ryttere, der kr\u00e6ver maksimal ydeevne af deres motorcykel. Begge systemer er v\u00e6sentligt lettere sammenlignet med standardudst\u00f8dningssystemet og har enest\u00e5ende produktionskvalitet, h\u00f8jteknologiske materialer og naturligvis \u00f8get motorydelse kombineret med ren racerlyd.<\/p>\n<p>Akrapovic Racing og Evolution systemerne blev udviklet til at komplementere racerkarakteren i Yamaha R6.<\/p>\n<p>Evolution-systemet er udelukkende lavet af Akrapovic eksklusivt h\u00f8jkvalitets titanium (57% lettere end standardudst\u00f8dningen), mens Racing-systemet bruger rustfri st\u00e5lr\u00f8r og ledr\u00f8r (40% lettere end standardudst\u00f8dningen).<\/p>\n<p>Begge systemer er ikke gadelovlige og er kun designet til racerform\u00e5l.<\/p>\n<ul>\n<li>Effektforst\u00e6rkning: 10,6 HK (7,8 kW) ved 9000 rpm<\/li>\n<li>V\u00e6gtreduktion: 4,5 kg Racing, 6,0 kg Evolution<\/li>\n<li>Momentfor\u00f8gelse: 9,1Nm ved 7600 o\/min<\/li>\n<\/ul>\n<p>Denne udst\u00f8dning er IKKE Street Legal.<\/p>","protected":false},"excerpt":{"rendered":"<ul>\n<li>H\u00f8jkvalitets ultralet titanium<\/li>\n<li>Fulde systemer<\/li>\n<li>Det letteste Akrapovic komplette udst\u00f8dningssystem<\/li>\n<li>Dyb, \u00e6gte racerlyd<\/li>\n<li>Speciel kortl\u00e6gning udviklet af Akrapovic med Rapid Bike fra Dimsport<\/li>\n<\/ul>","protected":false},"featured_media":4439,"comment_status":"closed","ping_status":"closed","template":"","meta":{"_relevanssi_hide_post":"","_relevanssi_hide_content":"","_relevanssi_pin_for_all":"","_relevanssi_pin_keywords":"","_relevanssi_unpin_keywords":"","_relevanssi_related_keywords":"","_relevanssi_related_include_ids":"","_relevanssi_related_exclude_ids":"","_relevanssi_related_no_append":"","_relevanssi_related_not_related":"","_relevanssi_related_posts":"","_relevanssi_noindex_reason":""},"product_brand":[],"product_cat":[139,73,67],"product_tag":[],"woo-feed-brand":[],"class_list":{"0":"post-4437","1":"product","2":"type-product","3":"status-publish","4":"has-post-thumbnail","6":"product_cat-full-systems","7":"product_cat-exhausts","8":"product_cat-mc-spareparts","10":"first","11":"instock","12":"sale","13":"taxable","14":"shipping-taxable","15":"purchasable","16":"product-type-simple"},"_links":{"self":[{"href":"https:\/\/www.cphmc.com\/da\/wp-json\/wp\/v2\/product\/4437","targetHints":{"allow":["GET"]}}],"collection":[{"href":"https:\/\/www.cphmc.com\/da\/wp-json\/wp\/v2\/product"}],"about":[{"href":"https:\/\/www.cphmc.com\/da\/wp-json\/wp\/v2\/types\/product"}],"replies":[{"embeddable":true,"href":"https:\/\/www.cphmc.com\/da\/wp-json\/wp\/v2\/comments?post=4437"}],"wp:featuredmedia":[{"embeddable":true,"href":"https:\/\/www.cphmc.com\/da\/wp-json\/wp\/v2\/media\/4439"}],"wp:attachment":[{"href":"https:\/\/www.cphmc.com\/da\/wp-json\/wp\/v2\/media?parent=4437"}],"wp:term":[{"taxonomy":"product_brand","embeddable":true,"href":"https:\/\/www.cphmc.com\/da\/wp-json\/wp\/v2\/product_brand?post=4437"},{"taxonomy":"product_cat","embeddable":true,"href":"https:\/\/www.cphmc.com\/da\/wp-json\/wp\/v2\/product_cat?post=4437"},{"taxonomy":"product_tag","embeddable":true,"href":"https:\/\/www.cphmc.com\/da\/wp-json\/wp\/v2\/product_tag?post=4437"},{"taxonomy":"woo-feed-brand","embeddable":true,"href":"https:\/\/www.cphmc.com\/da\/wp-json\/wp\/v2\/woo-feed-brand?post=4437"}],"curies":[{"name":"wp","href":"https:\/\/api.w.org\/{rel}","templated":true}]}}