{"id":4449,"date":"2022-07-30T23:45:23","date_gmt":"2022-07-30T21:45:23","guid":{"rendered":"https:\/\/www.cphmc.com\/?post_type=product&#038;p=4449"},"modified":"2022-07-30T23:45:23","modified_gmt":"2022-07-30T21:45:23","slug":"pro-fork-rear-stand-titanium","status":"publish","type":"product","link":"https:\/\/www.cphmc.com\/da\/mc-equipment\/transport-storage\/paddock-stands\/pro-fork-rear-stand-titanium\/","title":{"rendered":"Pro Fork Bagstativ Titanium"},"content":{"rendered":"","protected":false},"excerpt":{"rendered":"<p>MC PRO LINE Baggaffelstativ med titanramme er topstativet i alle stande-produktlinjen.<\/p>\n<p>Det er udelukkende lavet af en titaniumplade b\u00f8jet og h\u00e5ndlavet svejset. Det er bredt udvalgt af mange teams p\u00e5 grund af hans lette v\u00e6gt og unikke design.<\/p>\n<p>Er udstyret med to aluminiumsf\u00e6lge hjul VMC designet med kuglelejer og titanium fikseringsbolte. Den kan bruges med alle slags standspoler. To s\u00e6t forskellige gafler g\u00f8r det muligt at finde den bedste breddel\u00f8sning.<\/p>","protected":false},"featured_media":4458,"comment_status":"closed","ping_status":"closed","template":"","meta":{"_relevanssi_hide_post":"","_relevanssi_hide_content":"","_relevanssi_pin_for_all":"","_relevanssi_pin_keywords":"","_relevanssi_unpin_keywords":"","_relevanssi_related_keywords":"","_relevanssi_related_include_ids":"","_relevanssi_related_exclude_ids":"","_relevanssi_related_no_append":"","_relevanssi_related_not_related":"","_relevanssi_related_posts":"","_relevanssi_noindex_reason":""},"product_brand":[],"product_cat":[124,57,66],"product_tag":[],"woo-feed-brand":[],"class_list":{"0":"post-4449","1":"product","2":"type-product","3":"status-publish","4":"has-post-thumbnail","6":"product_cat-paddock-stands","7":"product_cat-mc-equipment","8":"product_cat-transport-storage","10":"first","11":"instock","12":"taxable","13":"shipping-taxable","14":"purchasable","15":"product-type-simple"},"_links":{"self":[{"href":"https:\/\/www.cphmc.com\/da\/wp-json\/wp\/v2\/product\/4449","targetHints":{"allow":["GET"]}}],"collection":[{"href":"https:\/\/www.cphmc.com\/da\/wp-json\/wp\/v2\/product"}],"about":[{"href":"https:\/\/www.cphmc.com\/da\/wp-json\/wp\/v2\/types\/product"}],"replies":[{"embeddable":true,"href":"https:\/\/www.cphmc.com\/da\/wp-json\/wp\/v2\/comments?post=4449"}],"wp:featuredmedia":[{"embeddable":true,"href":"https:\/\/www.cphmc.com\/da\/wp-json\/wp\/v2\/media\/4458"}],"wp:attachment":[{"href":"https:\/\/www.cphmc.com\/da\/wp-json\/wp\/v2\/media?parent=4449"}],"wp:term":[{"taxonomy":"product_brand","embeddable":true,"href":"https:\/\/www.cphmc.com\/da\/wp-json\/wp\/v2\/product_brand?post=4449"},{"taxonomy":"product_cat","embeddable":true,"href":"https:\/\/www.cphmc.com\/da\/wp-json\/wp\/v2\/product_cat?post=4449"},{"taxonomy":"product_tag","embeddable":true,"href":"https:\/\/www.cphmc.com\/da\/wp-json\/wp\/v2\/product_tag?post=4449"},{"taxonomy":"woo-feed-brand","embeddable":true,"href":"https:\/\/www.cphmc.com\/da\/wp-json\/wp\/v2\/woo-feed-brand?post=4449"}],"curies":[{"name":"wp","href":"https:\/\/api.w.org\/{rel}","templated":true}]}}