{"id":4462,"date":"2022-07-30T23:50:44","date_gmt":"2022-07-30T21:50:44","guid":{"rendered":"https:\/\/www.cphmc.com\/?post_type=product&#038;p=4462"},"modified":"2022-07-30T23:53:47","modified_gmt":"2022-07-30T21:53:47","slug":"titanium-fork-rear-stand","status":"publish","type":"product","link":"https:\/\/www.cphmc.com\/da\/mc-equipment\/transport-storage\/paddock-stands\/titanium-fork-rear-stand\/","title":{"rendered":"Titanium gaffel bageste stativ"},"content":{"rendered":"","protected":false},"excerpt":{"rendered":"<p><span class=\"thin js-phDescrizione\">VMC Titanium gaffelbagstativ bruges i vid udstr\u00e6kning af mange tophold i forskellige verdensomsp\u00e6ndende mesterskaber.<\/span><\/p>\n<p><span class=\"thin js-phDescrizione\">Er den mest popul\u00e6re form for bageste stativ, fordi den kan bruges med alle slags standspoler. Den er udelukkende lavet med titan ved hj\u00e6lp af r\u00f8r med to forskellige diametre.<\/span><\/p>\n<p><span class=\"thin js-phDescrizione\">De 4 hjul har aluminiumsf\u00e6lge med bl\u00f8dt sort gummi udvendigt. Bredden kan justeres manuelt, s\u00e5 den passer til alle racercykler.<\/span><\/p>","protected":false},"featured_media":4464,"comment_status":"closed","ping_status":"closed","template":"","meta":{"_relevanssi_hide_post":"","_relevanssi_hide_content":"","_relevanssi_pin_for_all":"","_relevanssi_pin_keywords":"","_relevanssi_unpin_keywords":"","_relevanssi_related_keywords":"","_relevanssi_related_include_ids":"","_relevanssi_related_exclude_ids":"","_relevanssi_related_no_append":"","_relevanssi_related_not_related":"","_relevanssi_related_posts":"","_relevanssi_noindex_reason":""},"product_brand":[],"product_cat":[124,57,66],"product_tag":[],"woo-feed-brand":[],"class_list":{"0":"post-4462","1":"product","2":"type-product","3":"status-publish","4":"has-post-thumbnail","6":"product_cat-paddock-stands","7":"product_cat-mc-equipment","8":"product_cat-transport-storage","10":"first","11":"instock","12":"taxable","13":"shipping-taxable","14":"purchasable","15":"product-type-simple"},"_links":{"self":[{"href":"https:\/\/www.cphmc.com\/da\/wp-json\/wp\/v2\/product\/4462","targetHints":{"allow":["GET"]}}],"collection":[{"href":"https:\/\/www.cphmc.com\/da\/wp-json\/wp\/v2\/product"}],"about":[{"href":"https:\/\/www.cphmc.com\/da\/wp-json\/wp\/v2\/types\/product"}],"replies":[{"embeddable":true,"href":"https:\/\/www.cphmc.com\/da\/wp-json\/wp\/v2\/comments?post=4462"}],"wp:featuredmedia":[{"embeddable":true,"href":"https:\/\/www.cphmc.com\/da\/wp-json\/wp\/v2\/media\/4464"}],"wp:attachment":[{"href":"https:\/\/www.cphmc.com\/da\/wp-json\/wp\/v2\/media?parent=4462"}],"wp:term":[{"taxonomy":"product_brand","embeddable":true,"href":"https:\/\/www.cphmc.com\/da\/wp-json\/wp\/v2\/product_brand?post=4462"},{"taxonomy":"product_cat","embeddable":true,"href":"https:\/\/www.cphmc.com\/da\/wp-json\/wp\/v2\/product_cat?post=4462"},{"taxonomy":"product_tag","embeddable":true,"href":"https:\/\/www.cphmc.com\/da\/wp-json\/wp\/v2\/product_tag?post=4462"},{"taxonomy":"woo-feed-brand","embeddable":true,"href":"https:\/\/www.cphmc.com\/da\/wp-json\/wp\/v2\/woo-feed-brand?post=4462"}],"curies":[{"name":"wp","href":"https:\/\/api.w.org\/{rel}","templated":true}]}}