{"id":4466,"date":"2022-07-30T23:54:57","date_gmt":"2022-07-30T21:54:57","guid":{"rendered":"https:\/\/www.cphmc.com\/?post_type=product&#038;p=4466"},"modified":"2022-07-30T23:58:15","modified_gmt":"2022-07-30T21:58:15","slug":"titanium-front-t-tree-lift","status":"publish","type":"product","link":"https:\/\/www.cphmc.com\/da\/mc-equipment\/transport-storage\/paddock-stands\/titanium-front-t-tree-lift\/","title":{"rendered":"Titanium Front T. Tr\u00e6l\u00f8ft"},"content":{"rendered":"","protected":false},"excerpt":{"rendered":"<p><span class=\"thin js-phDescrizione\">VMC Titanium Triple Tree frontstander bruges af mange tophold i forskellige verdensomsp\u00e6ndende mesterskaber.<\/span><\/p>\n<p><span class=\"thin js-phDescrizione\">Den er udviklet til at l\u00f8fte cyklen fra triple tree og betjene frit p\u00e5 forhjulet og gaflerne. Den er udelukkende lavet med Titanium og stellet er forst\u00e6rket med Titanium plader. <\/span><\/p>\n<p><span class=\"thin js-phDescrizione\">Det er tilladt at justere h\u00f8jden for at finde den bedste l\u00f8sning. De 4 hjul har aluminiumsf\u00e6lge med bl\u00f8dt sort gummi udvendigt. Drejetappen i den korrekte diameter s\u00e6lges separat.<\/span><\/p>","protected":false},"featured_media":4469,"comment_status":"closed","ping_status":"closed","template":"","meta":{"_relevanssi_hide_post":"","_relevanssi_hide_content":"","_relevanssi_pin_for_all":"","_relevanssi_pin_keywords":"","_relevanssi_unpin_keywords":"","_relevanssi_related_keywords":"","_relevanssi_related_include_ids":"","_relevanssi_related_exclude_ids":"","_relevanssi_related_no_append":"","_relevanssi_related_not_related":"","_relevanssi_related_posts":"","_relevanssi_noindex_reason":""},"product_brand":[],"product_cat":[124,57,66],"product_tag":[],"woo-feed-brand":[],"class_list":{"0":"post-4466","1":"product","2":"type-product","3":"status-publish","4":"has-post-thumbnail","6":"product_cat-paddock-stands","7":"product_cat-mc-equipment","8":"product_cat-transport-storage","10":"first","11":"instock","12":"taxable","13":"shipping-taxable","14":"purchasable","15":"product-type-simple"},"_links":{"self":[{"href":"https:\/\/www.cphmc.com\/da\/wp-json\/wp\/v2\/product\/4466","targetHints":{"allow":["GET"]}}],"collection":[{"href":"https:\/\/www.cphmc.com\/da\/wp-json\/wp\/v2\/product"}],"about":[{"href":"https:\/\/www.cphmc.com\/da\/wp-json\/wp\/v2\/types\/product"}],"replies":[{"embeddable":true,"href":"https:\/\/www.cphmc.com\/da\/wp-json\/wp\/v2\/comments?post=4466"}],"wp:featuredmedia":[{"embeddable":true,"href":"https:\/\/www.cphmc.com\/da\/wp-json\/wp\/v2\/media\/4469"}],"wp:attachment":[{"href":"https:\/\/www.cphmc.com\/da\/wp-json\/wp\/v2\/media?parent=4466"}],"wp:term":[{"taxonomy":"product_brand","embeddable":true,"href":"https:\/\/www.cphmc.com\/da\/wp-json\/wp\/v2\/product_brand?post=4466"},{"taxonomy":"product_cat","embeddable":true,"href":"https:\/\/www.cphmc.com\/da\/wp-json\/wp\/v2\/product_cat?post=4466"},{"taxonomy":"product_tag","embeddable":true,"href":"https:\/\/www.cphmc.com\/da\/wp-json\/wp\/v2\/product_tag?post=4466"},{"taxonomy":"woo-feed-brand","embeddable":true,"href":"https:\/\/www.cphmc.com\/da\/wp-json\/wp\/v2\/woo-feed-brand?post=4466"}],"curies":[{"name":"wp","href":"https:\/\/api.w.org\/{rel}","templated":true}]}}