{"id":4480,"date":"2022-07-31T08:47:13","date_gmt":"2022-07-31T06:47:13","guid":{"rendered":"https:\/\/www.cphmc.com\/?post_type=product&#038;p=4480"},"modified":"2022-07-31T08:49:00","modified_gmt":"2022-07-31T06:49:00","slug":"pro-fork-rear-stand-steel","status":"publish","type":"product","link":"https:\/\/www.cphmc.com\/da\/mc-equipment\/transport-storage\/paddock-stands\/pro-fork-rear-stand-steel\/","title":{"rendered":"PRO forgaffel bagstativ st\u00e5l"},"content":{"rendered":"","protected":false},"excerpt":{"rendered":"<p>VMC PRO LINE Baggaffelstativ i st\u00e5lkasse er udelukkende lavet af en st\u00e5lplade, der er b\u00f8jet og h\u00e5ndlavet svejset. Er udstyret med to r\u00f8d\/sorte store hjul VMC designet.<\/p>\n<p>Den kan bruges med alle slags standspoler. To s\u00e6t forskellige gafler g\u00f8r det muligt at finde den bedste breddel\u00f8sning.<\/p>","protected":false},"featured_media":4481,"comment_status":"closed","ping_status":"closed","template":"","meta":{"_relevanssi_hide_post":"","_relevanssi_hide_content":"","_relevanssi_pin_for_all":"","_relevanssi_pin_keywords":"","_relevanssi_unpin_keywords":"","_relevanssi_related_keywords":"","_relevanssi_related_include_ids":"","_relevanssi_related_exclude_ids":"","_relevanssi_related_no_append":"","_relevanssi_related_not_related":"","_relevanssi_related_posts":"","_relevanssi_noindex_reason":""},"product_brand":[],"product_cat":[124,57,66],"product_tag":[],"woo-feed-brand":[],"class_list":{"0":"post-4480","1":"product","2":"type-product","3":"status-publish","4":"has-post-thumbnail","6":"product_cat-paddock-stands","7":"product_cat-mc-equipment","8":"product_cat-transport-storage","10":"first","11":"instock","12":"taxable","13":"shipping-taxable","14":"purchasable","15":"product-type-simple"},"_links":{"self":[{"href":"https:\/\/www.cphmc.com\/da\/wp-json\/wp\/v2\/product\/4480","targetHints":{"allow":["GET"]}}],"collection":[{"href":"https:\/\/www.cphmc.com\/da\/wp-json\/wp\/v2\/product"}],"about":[{"href":"https:\/\/www.cphmc.com\/da\/wp-json\/wp\/v2\/types\/product"}],"replies":[{"embeddable":true,"href":"https:\/\/www.cphmc.com\/da\/wp-json\/wp\/v2\/comments?post=4480"}],"wp:featuredmedia":[{"embeddable":true,"href":"https:\/\/www.cphmc.com\/da\/wp-json\/wp\/v2\/media\/4481"}],"wp:attachment":[{"href":"https:\/\/www.cphmc.com\/da\/wp-json\/wp\/v2\/media?parent=4480"}],"wp:term":[{"taxonomy":"product_brand","embeddable":true,"href":"https:\/\/www.cphmc.com\/da\/wp-json\/wp\/v2\/product_brand?post=4480"},{"taxonomy":"product_cat","embeddable":true,"href":"https:\/\/www.cphmc.com\/da\/wp-json\/wp\/v2\/product_cat?post=4480"},{"taxonomy":"product_tag","embeddable":true,"href":"https:\/\/www.cphmc.com\/da\/wp-json\/wp\/v2\/product_tag?post=4480"},{"taxonomy":"woo-feed-brand","embeddable":true,"href":"https:\/\/www.cphmc.com\/da\/wp-json\/wp\/v2\/woo-feed-brand?post=4480"}],"curies":[{"name":"wp","href":"https:\/\/api.w.org\/{rel}","templated":true}]}}