{"id":4482,"date":"2022-07-31T08:49:43","date_gmt":"2022-07-31T06:49:43","guid":{"rendered":"https:\/\/www.cphmc.com\/?post_type=product&#038;p=4482"},"modified":"2022-07-31T08:51:05","modified_gmt":"2022-07-31T06:51:05","slug":"pro-moto3-fork-rear-stand-aluminium","status":"publish","type":"product","link":"https:\/\/www.cphmc.com\/da\/mc-equipment\/transport-storage\/paddock-stands\/pro-moto3-fork-rear-stand-aluminium\/","title":{"rendered":"PRO Moto3 forgaffel bageste stativ i aluminium"},"content":{"rendered":"","protected":false},"excerpt":{"rendered":"<p>VMC PRO LINE Alu-rammebaggaffelstativ er en af de mest v\u00e6rdsatte stande af alle stande-produktlinjer. Den er udelukkende lavet af en aluminiumsplade b\u00f8jet og h\u00e5ndlavet svejset. Det er bredt udvalgt af mange teams p\u00e5 grund af hans lette v\u00e6gt og unikke design.<\/p>\n<p>Er udstyret med to r\u00f8d\/sorte store hjul VMC designet. Den kan bruges med alle slags standspoler. To ds\u00e6t af forskellige gafler g\u00f8r det muligt at finde den bedste breddel\u00f8sning. Denne model er mindre, fordi den er udviklet til Moto3 svingarmsm\u00e5l<\/p>","protected":false},"featured_media":4483,"comment_status":"closed","ping_status":"closed","template":"","meta":{"_relevanssi_hide_post":"","_relevanssi_hide_content":"","_relevanssi_pin_for_all":"","_relevanssi_pin_keywords":"","_relevanssi_unpin_keywords":"","_relevanssi_related_keywords":"","_relevanssi_related_include_ids":"","_relevanssi_related_exclude_ids":"","_relevanssi_related_no_append":"","_relevanssi_related_not_related":"","_relevanssi_related_posts":"","_relevanssi_noindex_reason":""},"product_brand":[],"product_cat":[124,57,66],"product_tag":[],"woo-feed-brand":[],"class_list":{"0":"post-4482","1":"product","2":"type-product","3":"status-publish","4":"has-post-thumbnail","6":"product_cat-paddock-stands","7":"product_cat-mc-equipment","8":"product_cat-transport-storage","10":"first","11":"instock","12":"taxable","13":"shipping-taxable","14":"purchasable","15":"product-type-simple"},"_links":{"self":[{"href":"https:\/\/www.cphmc.com\/da\/wp-json\/wp\/v2\/product\/4482","targetHints":{"allow":["GET"]}}],"collection":[{"href":"https:\/\/www.cphmc.com\/da\/wp-json\/wp\/v2\/product"}],"about":[{"href":"https:\/\/www.cphmc.com\/da\/wp-json\/wp\/v2\/types\/product"}],"replies":[{"embeddable":true,"href":"https:\/\/www.cphmc.com\/da\/wp-json\/wp\/v2\/comments?post=4482"}],"wp:featuredmedia":[{"embeddable":true,"href":"https:\/\/www.cphmc.com\/da\/wp-json\/wp\/v2\/media\/4483"}],"wp:attachment":[{"href":"https:\/\/www.cphmc.com\/da\/wp-json\/wp\/v2\/media?parent=4482"}],"wp:term":[{"taxonomy":"product_brand","embeddable":true,"href":"https:\/\/www.cphmc.com\/da\/wp-json\/wp\/v2\/product_brand?post=4482"},{"taxonomy":"product_cat","embeddable":true,"href":"https:\/\/www.cphmc.com\/da\/wp-json\/wp\/v2\/product_cat?post=4482"},{"taxonomy":"product_tag","embeddable":true,"href":"https:\/\/www.cphmc.com\/da\/wp-json\/wp\/v2\/product_tag?post=4482"},{"taxonomy":"woo-feed-brand","embeddable":true,"href":"https:\/\/www.cphmc.com\/da\/wp-json\/wp\/v2\/woo-feed-brand?post=4482"}],"curies":[{"name":"wp","href":"https:\/\/api.w.org\/{rel}","templated":true}]}}