{"id":4484,"date":"2022-07-31T08:52:13","date_gmt":"2022-07-31T06:52:13","guid":{"rendered":"https:\/\/www.cphmc.com\/?post_type=product&#038;p=4484"},"modified":"2022-07-31T08:53:34","modified_gmt":"2022-07-31T06:53:34","slug":"pro-front-stand-steel-radial-calipers","status":"publish","type":"product","link":"https:\/\/www.cphmc.com\/da\/mc-equipment\/transport-storage\/paddock-stands\/pro-front-stand-steel-radial-calipers\/","title":{"rendered":"PRO Front Stand St\u00e5l Radial Calipere"},"content":{"rendered":"","protected":false},"excerpt":{"rendered":"<p>VMC PRO LINE St\u00e5lrammefrontstativ er udelukkende lavet af en st\u00e5lplade b\u00f8jet og h\u00e5ndlavet svejset. Det er bredt udvalgt af mange teams p\u00e5 grund af hans lette v\u00e6gt og unikke design.<\/p>\n<p>Er udstyret med to r\u00f8d\/sorte store hjul VMC designet. Den er udviklet til at blive brugt til at l\u00f8fte cyklen med radiale kalibere foran.<\/p>","protected":false},"featured_media":4485,"comment_status":"closed","ping_status":"closed","template":"","meta":{"_relevanssi_hide_post":"","_relevanssi_hide_content":"","_relevanssi_pin_for_all":"","_relevanssi_pin_keywords":"","_relevanssi_unpin_keywords":"","_relevanssi_related_keywords":"","_relevanssi_related_include_ids":"","_relevanssi_related_exclude_ids":"","_relevanssi_related_no_append":"","_relevanssi_related_not_related":"","_relevanssi_related_posts":"","_relevanssi_noindex_reason":""},"product_brand":[],"product_cat":[124,57,66],"product_tag":[],"woo-feed-brand":[],"class_list":{"0":"post-4484","1":"product","2":"type-product","3":"status-publish","4":"has-post-thumbnail","6":"product_cat-paddock-stands","7":"product_cat-mc-equipment","8":"product_cat-transport-storage","10":"first","11":"instock","12":"taxable","13":"shipping-taxable","14":"purchasable","15":"product-type-simple"},"_links":{"self":[{"href":"https:\/\/www.cphmc.com\/da\/wp-json\/wp\/v2\/product\/4484","targetHints":{"allow":["GET"]}}],"collection":[{"href":"https:\/\/www.cphmc.com\/da\/wp-json\/wp\/v2\/product"}],"about":[{"href":"https:\/\/www.cphmc.com\/da\/wp-json\/wp\/v2\/types\/product"}],"replies":[{"embeddable":true,"href":"https:\/\/www.cphmc.com\/da\/wp-json\/wp\/v2\/comments?post=4484"}],"wp:featuredmedia":[{"embeddable":true,"href":"https:\/\/www.cphmc.com\/da\/wp-json\/wp\/v2\/media\/4485"}],"wp:attachment":[{"href":"https:\/\/www.cphmc.com\/da\/wp-json\/wp\/v2\/media?parent=4484"}],"wp:term":[{"taxonomy":"product_brand","embeddable":true,"href":"https:\/\/www.cphmc.com\/da\/wp-json\/wp\/v2\/product_brand?post=4484"},{"taxonomy":"product_cat","embeddable":true,"href":"https:\/\/www.cphmc.com\/da\/wp-json\/wp\/v2\/product_cat?post=4484"},{"taxonomy":"product_tag","embeddable":true,"href":"https:\/\/www.cphmc.com\/da\/wp-json\/wp\/v2\/product_tag?post=4484"},{"taxonomy":"woo-feed-brand","embeddable":true,"href":"https:\/\/www.cphmc.com\/da\/wp-json\/wp\/v2\/woo-feed-brand?post=4484"}],"curies":[{"name":"wp","href":"https:\/\/api.w.org\/{rel}","templated":true}]}}